{"id":146,"date":"2017-02-24T17:05:30","date_gmt":"2017-02-24T16:05:30","guid":{"rendered":"http:\/\/www.isko-france.asso.fr\/colloque2017\/?page_id=146"},"modified":"2019-03-06T18:52:47","modified_gmt":"2019-03-06T17:52:47","slug":"comite","status":"publish","type":"page","link":"http:\/\/www.isko-france.asso.fr\/colloque2017\/fr\/comite\/","title":{"rendered":"Organisation"},"content":{"rendered":"<h6 style=\"text-align: justify;\"><strong>Comit\u00e9 scientifique international<\/strong><\/h6>\n<ul style=\"text-align: justify;\">\n<li>Widad Mustafa El Hadi, GERiiCO, Universit\u00e9 Lille 3 (France),&nbsp;Pr\u00e9sidente<\/li>\n<li>Indrajit Banerjee, Directeur de la Division des soci\u00e9t\u00e9s du savoir, Secteur de la communication et de l&rsquo;information (CI), UNESCO co-Pr\u00e9sident<\/li>\n<\/ul>\n<p style=\"text-align: justify;\"><strong>Membres<\/strong><\/p>\n<ul style=\"text-align: justify;\">\n<li>Cl\u00e9ment Arsenault, EBSI, Universit\u00e9 de Montr\u00e9al (Canada)<\/li>\n<li>Radia Bernaoui, \u00c9cole Nationale Sup\u00e9rieure V\u00e9t\u00e9rinaire d&rsquo;Alger (Alg\u00e9rie)<\/li>\n<li>Christian Bourret, Universit\u00e9 de Marne La Vall\u00e9e (France)<\/li>\n<li>Laid Bouzidi, Universit\u00e9 Lyon 3 (France)<\/li>\n<li>Evelyne Broudoux, Laboratoire DICEN, CNAM, Paris (France)<\/li>\n<li>Grant Campbell, Faculty of Information and Media Studies, University of Western Ontario (Canada)<\/li>\n<li>Ghislaine Chartron, Laboratoire DICEN, CNAM, Paris (France)<\/li>\n<li>St\u00e9phane Chaudiron, GERiiCO, Universit\u00e9 de Lille 3 (France)<\/li>\n<li>Emmanuelle Chevry-Pebayle, Universit\u00e9 de Strasbourg (France)<\/li>\n<li>Alain Capo Chichi, Pr\u00e9sident du Groupe Universitaire CERCO,&nbsp; Cotonou (B\u00e9nin)<\/li>\n<li>Lyne Da Sylva, EBSI, Universit\u00e9 de Montr\u00e9al (Canada)<\/li>\n<li>Sylvie Dalbin, ATD, Paris (France)<\/li>\n<li>Marcilio De Brito, Universit\u00e9 de Brasilia, (Br\u00e9sil)<\/li>\n<li>Dani\u00e8le Degez, Membre fondatrice d\u2019ISKO-France, Paris (France)<\/li>\n<li>Stella Dextre Clarke, Information Consultant (Royaume-Uni)<\/li>\n<li>Mamadou Diarra, Directeur de l\u2019\u00c9cole de Biblioth\u00e9caires Archivistes et Documentalistes (EBAD), Universit\u00e9 Cheikh Anta Diop, Dakar (S\u00e9n\u00e9gal)<\/li>\n<li>Laurence Favier, GERiiCO, Universit\u00e9 de Lille 3 (France)<\/li>\n<li>Antonietta Folino, Dipartimento di Lingue del Scienze del l&rsquo;Educazione, Universit\u00e9 de Calabre (Italie)<\/li>\n<li>Alexandre Fortier, Faculty of Information and Media Studies, University of Western Ontario (Canada)<\/li>\n<li>Amel Fraisse, GERiiCO, Universit\u00e9 de Lille 3 (France)<\/li>\n<li>Claudio Gnoli, Universit\u00e9 de Pavia (Italie)<\/li>\n<li>Michel Gorin, Haute \u00c9cole de Gestion de Gen\u00e8ve (Suisse)<\/li>\n<li>Mohamed Hassoun, ENSSIB (France)<\/li>\n<li>Seth van Hoolande, Universit\u00e9 Libre de Bruxelles (Belgique)<\/li>\n<li>Alain Kiyindou, Professeur des universit\u00e9s, Chaire Unesco Pratiques \u00e9mergentes des technologies et communication pour le d\u00e9veloppement, Universit\u00e9 Bordeaux-Montaigne (France)<\/li>\n<li>Omar Larouk, ENSSIB (France)<\/li>\n<li>Sylvie Leleu-Merviel, Universit\u00e9 de Valenciennes (France)<\/li>\n<li>Mar\u00eda L\u00f3pez-Huertas<strong>, <\/strong>Universit\u00e9 de Grenade (Espagne)<\/li>\n<li>Elaine M\u00e9nard, SIS, Universit\u00e9 McGill (Canada)<\/li>\n<li>Maria Aparecida Moura, Universit\u00e9 f\u00e9d\u00e9rale du Minas Gerais (Br\u00e9sil)<\/li>\n<li>Esther Olembe, Chef du d\u00e9partement de l\u2019information documentaire, ESSTIC, Universit\u00e9 de Yaound\u00e9, (Cameroun)<\/li>\n<li>C\u00e9line Paganelli, Universit\u00e9 de Montpellier (France)<\/li>\n<li>Imad Salih, Laboratoire Paragraphe, Universit\u00e9 de Paris 8 (France)<\/li>\n<li>Andrea Scharnhorst, Royal Academy of Arts and science, Amsterdam (Pays-Bas)<\/li>\n<li>Mohamed Sidir, Universit\u00e9 de Jule Vernes, Amiens (France)<\/li>\n<li>Aida Slavic, Universal Decimal Classification Consortium (UDCC), La Haye (Pays-Bas)<\/li>\n<li>Johanna Smit<strong>, <\/strong>Universit\u00e9 de S\u00e3o Paulo (Br\u00e9sil)<\/li>\n<li>Richard P. Smiraglia, School of Information Studies, Universit\u00e9 de Wisconsin-Milwaukee (\u00c9tats-Unis)<\/li>\n<li>Joseph Tennis, Information School, University of Washington \u00e0 Seattle,&nbsp; (\u00c9tats-Unis)<\/li>\n<li>Isma\u00efl Timimi, GERiiCO, Universit\u00e9 de Lille 3 (France)<\/li>\n<li>Zeynep Varoglu, Knowledge Societies Division, UNESCO, Paris (France)<\/li>\n<li>Maja \u017dumer, Universit\u00e9 de Ljubljana (Slov\u00e9nie)<\/li>\n<\/ul>\n<h6 style=\"text-align: justify;\">Site Web<\/h6>\n<ul style=\"text-align: justify;\">\n<li>Antoine Henry, Doctorant, IRSIC, Paris, membre ISKO-France<\/li>\n<li>Quoc Tan Tran, GERiiCO, membre ISKO-France<\/li>\n<\/ul>\n<h6 style=\"text-align: justify;\"><strong>Communication<\/strong><\/h6>\n<ul>\n<li style=\"text-align: justify;\">Gilbert Capo Chichi, Docteur, GERiiCO, CERCO, B\u00e9nin<\/li>\n<li style=\"text-align: justify;\">Magdalena Shishenkova, Doctorante, GERiiCO, membre ISKO-France<\/li>\n<li style=\"text-align: justify;\">Samia Takhtoukh, Doctorante, GERiiCO, membre ISKO-France<\/li>\n<li style=\"text-align: justify;\">Zuza Wiorog\u00f3rska, Docteur, Membre associ\u00e9 GERiiCO<\/li>\n<\/ul>\n","protected":false},"excerpt":{"rendered":"<p>Comit\u00e9 scientifique international Widad Mustafa El Hadi, GERiiCO, Universit\u00e9 Lille 3 (France),&nbsp;Pr\u00e9sidente Indrajit Banerjee, Directeur de la Division des soci\u00e9t\u00e9s du savoir, Secteur de la communication et de l&rsquo;information (CI), UNESCO co-Pr\u00e9sident Membres Cl\u00e9ment Arsenault, EBSI, Universit\u00e9 de Montr\u00e9al (Canada) Radia Bernaoui, \u00c9cole Nationale Sup\u00e9rieure V\u00e9t\u00e9rinaire d&rsquo;Alger (Alg\u00e9rie) Christian Bourret, Universit\u00e9 de Marne La Vall\u00e9e &hellip; <a href=\"http:\/\/www.isko-france.asso.fr\/colloque2017\/fr\/comite\/\" class=\"more-link\">Continuer la lecture de <span class=\"screen-reader-text\">Organisation<\/span><\/a><\/p>\n","protected":false},"author":1,"featured_media":0,"parent":0,"menu_order":0,"comment_status":"closed","ping_status":"closed","template":"","meta":{"ngg_post_thumbnail":0},"_links":{"self":[{"href":"http:\/\/www.isko-france.asso.fr\/colloque2017\/wp-json\/wp\/v2\/pages\/146"}],"collection":[{"href":"http:\/\/www.isko-france.asso.fr\/colloque2017\/wp-json\/wp\/v2\/pages"}],"about":[{"href":"http:\/\/www.isko-france.asso.fr\/colloque2017\/wp-json\/wp\/v2\/types\/page"}],"author":[{"embeddable":true,"href":"http:\/\/www.isko-france.asso.fr\/colloque2017\/wp-json\/wp\/v2\/users\/1"}],"replies":[{"embeddable":true,"href":"http:\/\/www.isko-france.asso.fr\/colloque2017\/wp-json\/wp\/v2\/comments?post=146"}],"version-history":[{"count":7,"href":"http:\/\/www.isko-france.asso.fr\/colloque2017\/wp-json\/wp\/v2\/pages\/146\/revisions"}],"predecessor-version":[{"id":1500,"href":"http:\/\/www.isko-france.asso.fr\/colloque2017\/wp-json\/wp\/v2\/pages\/146\/revisions\/1500"}],"wp:attachment":[{"href":"http:\/\/www.isko-france.asso.fr\/colloque2017\/wp-json\/wp\/v2\/media?parent=146"}],"curies":[{"name":"wp","href":"https:\/\/api.w.org\/{rel}","templated":true}]}}