{"id":163,"date":"2017-02-26T17:19:33","date_gmt":"2017-02-26T16:19:33","guid":{"rendered":"http:\/\/www.isko-france.asso.fr\/colloque2017\/?page_id=163"},"modified":"2019-03-06T18:53:13","modified_gmt":"2019-03-06T17:53:13","slug":"organization","status":"publish","type":"page","link":"http:\/\/www.isko-france.asso.fr\/colloque2017\/en\/organization\/","title":{"rendered":"Organization"},"content":{"rendered":"<h6><strong>International Program Committee<\/strong><\/h6>\n<ul>\n<li>Widad Mustafa El Hadi, GERiiCO, University of Lille 3 (France), Chair<\/li>\n<li>Indrajit Banerjee, Director, UNESCO Knowledge Societies Division<strong>, <\/strong>co-Chair<\/li>\n<\/ul>\n<p><strong>Members <\/strong><\/p>\n<ul>\n<li>Cl\u00e9ment Arsenault, EBSI, University of Montreal (Canada)<\/li>\n<li>Radia Bernaoui, Higher National Veterinary School (ENSV) (Algeria)<\/li>\n<li>Christian Bourret, University of Marne-la-Vall\u00e9e (France)<\/li>\n<li>Laid Bouzidi, University Lyon 3 (France)<\/li>\n<li>Evelyne Broudoux, Laboratory DICEN, CNAM, Paris (France)<\/li>\n<li>Grant Campbell, Faculty of Information and Media Studies, University of Western Ontario (Canada)<\/li>\n<li>Ghislaine Chartron, Laboratoire DICEN, CNAM, Paris (France)<\/li>\n<li>St\u00e9phane Chaudiron, GERiiCO, University of Lille 3 (France)<\/li>\n<li>Emmanuelle Chevry-Pebayle, University of Strasbourg (France)<\/li>\n<li>Alain Capo Chichi, Pr\u00e9sident du Groupe Universitaire CERCO, Cotonou (B\u00e9nin)<\/li>\n<li>Lyne Da Sylva, EBSI, University of Montreal (Canada)<\/li>\n<li>Sylvie Dalbin, ATD, Paris (France)<\/li>\n<li>Marcilio De Brito, University of Brasilia, (Brazil)<\/li>\n<li>Dani\u00e8le Degez, ISKO-France Founding member, Paris (France)<\/li>\n<li>Stella Dextre Clarke, Information Consultant (UK)<\/li>\n<li>Mamadou Diarra, Directeur de l\u2019\u00c9cole de Biblioth\u00e9caires Archivistes et Documentalistes (EBAD), Universit\u00e9 Cheikh Anta Diop, Dakar (S\u00e9n\u00e9gal)<\/li>\n<li>Laurence Favier, GERiiCO, University of Lille 3 (France)<\/li>\n<li>Antonietta Folino, Dipartimento di Lingue del Scienze del l&rsquo;Educazione, University of Calabria (Italy)<\/li>\n<li>Alexandre Fortier, Faculty of Information and Media Studies, University of Western Ontario, London (Canada)<\/li>\n<li>Amel Fraisse, GERiiCO, University of Lille 3 (France)<\/li>\n<li>Claudio Gnoli, University of Pavia (Italy)<\/li>\n<li>Michel Gorin, Haute \u00c9cole de Gestion de Gen\u00e8ve (HEG-Gen\u00e8ve) (Switzerland)<\/li>\n<li>Mohamed Hassoun, ENSSIB (France)<\/li>\n<li>Seth van Hooland, Universit\u00e9 Libre de Bruxelles (Belgium)<\/li>\n<li>Alain Kiyindou, Chaire Unesco Pratiques \u00e9mergentes des technologies et communication pour le d\u00e9veloppement, Universit\u00e9 Bordeaux-Montaigne (France)<\/li>\n<li>Omar Larouk, ENSSIB (France)<\/li>\n<li>Sylvie Leleu-Merviel, University of Valenciennes (France)<\/li>\n<li>Mar\u00eda L\u00f3pez-Huertas<strong>, <\/strong>University of Grenade (Spain)<\/li>\n<li>Elaine M\u00e9nard, SIS, McGill University (Canada)<\/li>\n<li>Maria Aparecida Moura, Federal University of Minas Gerais (Brazil)<\/li>\n<li>Esther Olembe, Chef du d\u00e9partement de l\u2019information documentaire, ESSTIC, Universit\u00e9 de Yaound\u00e9, (Cameroun)<\/li>\n<li>C\u00e9line Paganelli, University of Montpellier (France)<\/li>\n<li>Imad Saleh, Lab. Paragraphe, University Paris 8 (France)<\/li>\n<li>Andrea Scharnhorst, Royal Academy of Arts and science, Amsterdam (Netherlands)<\/li>\n<li>Mohamed Sidir, University of Jule Vernes, Amiens (France)<\/li>\n<li>Aida Slavic, Universal Decimal Classification Consortium (UDCC), La Haye (Netherlands)<\/li>\n<li>Johanna Smit<strong>, <\/strong>University of S\u00e3o Paulo (Brazil)<\/li>\n<li>Richard P. Smiraglia, School of Information Studies, University of Wisconsin\u2013Milwaukee<br \/>\n(USA)<\/li>\n<li>Joseph Tennis, Information School, University of Washington \u00e0 Seattle, (\u00c9tats-Unis)<\/li>\n<li>Isma\u00efl Timimi, GERiiCO, University of Lille 3 (France)<\/li>\n<li>Zeynep Varoglu, Knowledge Societies Division, UNESCO, Paris (France)<\/li>\n<li>Maja \u017dumer, University of Ljubljana (Slovenia)<\/li>\n<\/ul>\n<h6><strong>&nbsp;Website<\/strong><\/h6>\n<ul>\n<li>Antoine Henry, PhD candidate, GRDF, Paris, ISKO-France member<\/li>\n<li>Quoc Tan Tran, GERiiCO, ISKO-France member<\/li>\n<\/ul>\n<h6><strong>Communication&nbsp;<\/strong><\/h6>\n<ul>\n<li>Gilbert Capo Chichi, PhD, GERiiCO, CERCO, B\u00e9nin<\/li>\n<li>Magdalena Shishenkova, PhD candidate, GERiiCO, ISKO-France member<\/li>\n<li>Samia Takhtoukh, PhD candidate, GERiiCO, ISKO-France member<\/li>\n<li>Zuza Wiorog\u00f3rska, PhD, Associated member of GERiiCO<\/li>\n<\/ul>\n","protected":false},"excerpt":{"rendered":"<p>International Program Committee Widad Mustafa El Hadi, GERiiCO, University of Lille 3 (France), Chair Indrajit Banerjee, Director, UNESCO Knowledge Societies Division, co-Chair Members Cl\u00e9ment Arsenault, EBSI, University of Montreal (Canada) Radia Bernaoui, Higher National Veterinary School (ENSV) (Algeria) Christian Bourret, University of Marne-la-Vall\u00e9e (France) Laid Bouzidi, University Lyon 3 (France) Evelyne Broudoux, Laboratory DICEN, CNAM, &hellip; <a href=\"http:\/\/www.isko-france.asso.fr\/colloque2017\/en\/organization\/\" class=\"more-link\">Continuer la lecture de <span class=\"screen-reader-text\">Organization<\/span><\/a><\/p>\n","protected":false},"author":1,"featured_media":0,"parent":0,"menu_order":0,"comment_status":"closed","ping_status":"closed","template":"","meta":{"ngg_post_thumbnail":0},"_links":{"self":[{"href":"http:\/\/www.isko-france.asso.fr\/colloque2017\/wp-json\/wp\/v2\/pages\/163"}],"collection":[{"href":"http:\/\/www.isko-france.asso.fr\/colloque2017\/wp-json\/wp\/v2\/pages"}],"about":[{"href":"http:\/\/www.isko-france.asso.fr\/colloque2017\/wp-json\/wp\/v2\/types\/page"}],"author":[{"embeddable":true,"href":"http:\/\/www.isko-france.asso.fr\/colloque2017\/wp-json\/wp\/v2\/users\/1"}],"replies":[{"embeddable":true,"href":"http:\/\/www.isko-france.asso.fr\/colloque2017\/wp-json\/wp\/v2\/comments?post=163"}],"version-history":[{"count":4,"href":"http:\/\/www.isko-france.asso.fr\/colloque2017\/wp-json\/wp\/v2\/pages\/163\/revisions"}],"predecessor-version":[{"id":1501,"href":"http:\/\/www.isko-france.asso.fr\/colloque2017\/wp-json\/wp\/v2\/pages\/163\/revisions\/1501"}],"wp:attachment":[{"href":"http:\/\/www.isko-france.asso.fr\/colloque2017\/wp-json\/wp\/v2\/media?parent=163"}],"curies":[{"name":"wp","href":"https:\/\/api.w.org\/{rel}","templated":true}]}}