{"id":172,"date":"2017-02-26T17:46:32","date_gmt":"2017-02-26T16:46:32","guid":{"rendered":"http:\/\/www.isko-france.asso.fr\/colloque2017\/?page_id=172"},"modified":"2017-07-08T12:29:20","modified_gmt":"2017-07-08T10:29:20","slug":"programme","status":"publish","type":"page","link":"http:\/\/www.isko-france.asso.fr\/colloque2017\/fr\/programme\/","title":{"rendered":"Programme"},"content":{"rendered":"<pre style=\"text-align: center;\"><span style=\"font-size: 12pt;\"><a href=\"http:\/\/www.isko-france.asso.fr\/colloque2017\/wp-content\/uploads\/2017\/02\/Programme-sans-debord.pdf\"><span style=\"text-decoration: underline;\">(Version PDF)<\/span><\/a><\/span><\/pre>\n<p><span style=\"font-size: 10pt;\"><strong>Mardi 11 Juillet<\/strong><strong>\/Tuesday 11th July 2017<\/strong><\/span><\/p>\n<p><span style=\"font-size: 10pt;\"><strong>08h30 :<\/strong> <strong>Accueil des participants\/ Welcoming participants<\/strong><\/span><\/p>\n<p><span style=\"font-size: 10pt;\"><strong>09h00 :\u00a0Session Ple\u0301nie\u0300re\/Plenary session \u2500 Salle\/Room XI<\/strong><\/span><\/p>\n<p><span style=\"font-size: 10pt;\">Discours d&rsquo;ouverture\/ Opening address<\/span><\/p>\n<ul>\n<li><span style=\"font-size: 10pt;\">Indrajit Banerjee, Directeur de la Division des soci\u00e9t\u00e9s du savoir (CI\/KSD) au sein du Secteur de la communication et de l&rsquo;information (CI), UNESCO<\/span><\/li>\n<li><span style=\"font-size: 10pt;\">Firmin Edouard Matoko, Sous-Directeur G\u00e9n\u00e9ral, Directeur D\u00e9partement Afrique, UNESCO<\/span><\/li>\n<li><span style=\"font-size: 10pt;\">St\u00e9phane Chaudiron, Directeur du Laboratoire GERiiCO, Universit\u00e9 de Lille SHS<\/span><\/li>\n<li><span style=\"font-size: 10pt;\">Mohamed Sidir, CURAPP (CNRS), Universit\u00e9 de Picardie Jules Verne<\/span><\/li>\n<li><span style=\"font-size: 10pt;\">Widad Mustafa El Hadi, Pr\u00e9sidente de l\u2019ISKO France, GERiiCO, Universit\u00e9 de Lille SHS,\u00a0<em>Introduction au colloque<\/em><\/span><\/li>\n<\/ul>\n<p><span style=\"font-size: 10pt;\"><strong>10h00-11h30\u00a0:<\/strong>\u00a0 <strong>Session ple\u0301nie\u0300re\/Plenary session, Salle \u2500 Room XI <\/strong><\/span><\/p>\n<p><span style=\"font-size: 10pt;\">Confe\u0301rence invite\u0301e\/Keynote address, Pre\u0301sidente de se\u0301ance\/Chair : Miche\u0300le Hudon, EBSI, Universite\u0301 de Montre\u0301al<\/span><\/p>\n<ul>\n<li><span style=\"font-size: 10pt;\">Birger Hj\u00f8rland, Royal School of Library and Information Science (Danemark), <a href=\"http:\/\/www.isko-france.asso.fr\/colloque2017\/en\/birger-hjorland\/\"><em>\u00c9pist\u00e9mologie de la classification en mettant l\u2019accent sur les travaux d\u2019Emile Durkheim et Marcel Mauss<\/em><\/a><\/span><\/li>\n<li><span style=\"font-size: 10pt;\">Michael Buckland, Professeur \u00c9m\u00e9rite, School of Library and Information Studies Universit\u00e9 de Californie \u00e0 Berkeley (\u00c9tats-Unis) et Sylvie Fayet-Scribe, Universit\u00e9 Paris 1 Panth\u00e9on-Sorbonne (France), <em><a href=\"http:\/\/www.isko-france.asso.fr\/colloque2017\/en\/michael-buckland\/\">Reflections on Suzanne Briet<\/a>\u00a0; \u2013 <a href=\"http:\/\/www.isko-france.asso.fr\/colloque2017\/fr\/sylvie-fayet-scribe\/\">Suzanne Briet, h\u00e9riti\u00e8re d\u2019une g\u00e9n\u00e9alogie de pionniers francophones. De la table des mati\u00e8res \u00e0 l\u2019\u00e2ge de l\u2019indexation<\/a><\/em><\/span><\/li>\n<\/ul>\n<p><span style=\"font-size: 10pt;\"><strong>11h30-12h30\u00a0: <\/strong>2 Sessions parall\u00e8les\/Parallel sessions\u00a0<\/span><\/p>\n<table width=\"488\">\n<tbody>\n<tr>\n<td width=\"244\"><span style=\"font-size: 10pt;\"><strong>SESSION A : Salle\/Room XI Mode\u0301ratrice\/Chair : Gae\u0308lle Bequet, ISSN International Centre \/ CIEPS<\/strong><\/span><\/p>\n<p><span style=\"font-size: 10pt;\"><strong> Les fondements \u00e9pist\u00e9mologiques et th\u00e9oriques de l\u2019organisation des connaissances\/<\/strong> <strong>Epistemological and theoretical foundations of knowledge organization<\/strong><\/span><\/td>\n<td width=\"244\"><span style=\"font-size: 10pt;\"><strong>SESSION B : Salle\/Room IX Mode\u0301ratrice\/Chair : Ce\u0301cile Gardies, ENSFEA, Toulouse<\/strong><\/span><\/p>\n<p><span style=\"font-size: 10pt;\"><strong> L\u2019empreinte de Paul Otlet\/ <\/strong><strong>Paul Otlet\u2019s footprint<\/strong><\/span><\/td>\n<\/tr>\n<tr>\n<td width=\"244\"><span style=\"font-size: 10pt;\">\u00a7\u00a0 Marilda Lara, Johanna Smit and Maria De F\u00e1tima T\u00e1lamo<\/span><br \/>\n<span style=\"font-size: 10pt;\"><a href=\"http:\/\/www.isko-france.asso.fr\/colloque2017\/en\/paper-20\/\"><em>The organization of knowledge based on the proposals of J.-C. Gardin<\/em><\/a><\/span><\/td>\n<td width=\"244\"><span style=\"font-size: 10pt;\">\u00a7\u00a0 Marianne Cailloux <\/span><br \/>\n<span style=\"font-size: 10pt;\"><a href=\"http:\/\/www.isko-france.asso.fr\/colloque2017\/fr\/paper-3\/\"><em>Penser la bibliographie : Paul Otlet et Louise-No\u00eblle Malcl\u00e8s, un h\u00e9ritage ?<\/em><\/a><\/span><\/td>\n<\/tr>\n<tr>\n<td width=\"244\"><span style=\"font-size: 10pt;\">\u00a7 Roger Bautier<br \/>\n<em><a href=\"http:\/\/www.isko-france.asso.fr\/colloque2017\/en\/paper-23\/\">Quelle place pour le logicisme dans l\u2019organisation et la communication des connaissances ?<\/a><\/em><\/span><\/td>\n<td width=\"244\"><span style=\"font-size: 10pt;\">\u00a7\u00a0 Wouter Van Acker <\/span><br \/>\n<span style=\"font-size: 10pt;\"><a href=\"http:\/\/www.isko-france.asso.fr\/colloque2017\/en\/paper-19\/\"><em>Compatibles and antinomies of Paul Otlet\u2019s positivist encyclopaedism<\/em><\/a><\/span><\/td>\n<\/tr>\n<tr>\n<td width=\"244\"><span style=\"font-size: 10pt;\">\u00a7\u00a0 Jos\u00e9 Augusto Chaves Guimar\u00e3es, Daniel Mart\u00ednez-\u00c1vila, Nat\u00e1lia Bolfarini Tognoli and Suellen Oliveira Milani<br \/>\n<a href=\"http:\/\/www.isko-france.asso.fr\/colloque2017\/en\/paper-38\/\"><em>Presence of Francophone Pioneers in the Brazilian authors of Knowledge Organization: A Study of the ISKO International and ISKO Brazil Meetings Proceedings<\/em><\/a><\/span><\/td>\n<td width=\"244\"><span style=\"font-size: 10pt;\">\u00a7\u00a0 Marcilio De Brito, Salviano Guimaraes, Amel Fraisse and Maria Alice Borges <\/span><br \/>\n<span style=\"font-size: 10pt;\"><a href=\"http:\/\/www.isko-france.asso.fr\/colloque2017\/en\/paper-45\/\"><em>Confluences entre la Cit\u00e9 Mondiale et Brasilia: \u00c9tude exploratoire sur les r\u00e9verb\u00e9rations de la pens\u00e9e otletienne dans l&rsquo;architecture moderne<\/em><\/a><\/span><\/td>\n<\/tr>\n<\/tbody>\n<\/table>\n<p><span style=\"font-size: 10pt;\"><strong>12h30-14h00 : Pause d\u00e9jeune\/Lunch<\/strong><\/span><\/p>\n<p><span style=\"font-size: 10pt;\"><strong>14h00-15h15\u00a0: Session ple\u0301nie\u0300re\/Plenary session \u2500 Salle\/Room XI <\/strong><\/span><\/p>\n<p><span style=\"font-size: 10pt;\">Confe\u0301rence invite\u0301e\/Keynote address, Pre\u0301sident de se\u0301ance\/Chair : Ste\u0301phane Chaudiron, GERiiCO, Universite\u0301 de Lille SHS<\/span><\/p>\n<ul>\n<li><span style=\"font-size: 10pt;\">Viviane Couzinet, Universit\u00e9 de Toulouse 3 (France), <a href=\"http:\/\/www.isko-france.asso.fr\/colloque2017\/fr\/viviane-couzinet\/\"><em>Construction des sciences de l\u2019information et de la communication fran\u00e7aises\u00a0: r\u00f4le de Jean Meyriat<\/em><\/a><\/span><\/li>\n<li><span style=\"font-size: 10pt;\">Jos\u00e9 Augusto Guimar\u00e3es, Universit\u00e9 de l\u2019\u00c9tat de S\u00e3o Paulo (Br\u00e9sil),<a href=\"http:\/\/www.isko-france.asso.fr\/colloque2017\/en\/jose-augusto-chaves-guimaraes\/\"><em> Jean-Claude Gardin and the search for interdisciplinary methodologies and reliable tools for the knowledge organization practices: \u201canalyse documentaire\u201d and \u201clangage documentaire\u201d<\/em><\/a><\/span><\/li>\n<\/ul>\n<p><span style=\"font-size: 10pt;\">Pause\/Break 15 minutes<\/span><\/p>\n<p><span style=\"font-size: 10pt;\"><strong>15h30-16h50\u00a0:<\/strong> 2 Sessions parall\u00e8les\/Parallel sessions\u00a0<\/span><\/p>\n<table>\n<tbody>\n<tr>\n<td width=\"227\"><span style=\"font-size: 10pt;\"><strong>SESSION A : Salle\/Room XI Mode\u0301ratrice\/Chair: Sylvie Leleu-Merviel, DeVisu, Universite\u0301 de Valenciennes<\/strong><\/span><\/p>\n<p><span style=\"font-size: 10pt;\"><strong>L\u2019impact des auteurs francophones\/\u00a0<\/strong><\/span><span style=\"font-size: 10pt;\"><strong>The Francophone authors&rsquo; impact<\/strong><\/span><\/td>\n<td width=\"227\"><span style=\"font-size: 10pt;\"><strong>SESSION B : Salle\/Room IX Mode\u0301rateur Chair: Marcilio De Brito, Universite\u0301 de Brasilia<\/strong><\/span><\/p>\n<p><span style=\"font-size: 10pt;\"><strong>La transdisciplinarit\u00e9 et l\u2019interdisciplinarit\u00e9\/Transdisplinarity and Interdisciplinarity<\/strong><\/span><\/td>\n<\/tr>\n<tr>\n<td width=\"227\"><span style=\"font-size: 10pt;\">\u00a7\u00a0\u00a0 Yolande Maury <\/span><br \/>\n<span style=\"font-size: 10pt;\"><a href=\"http:\/\/www.isko-france.asso.fr\/colloque2017\/en\/paper-28\/\"><em>De la modernit\u00e9 d\u2019Eug\u00e8ne Morel, figure marquante de la documentation, pionnier de la modernisation des biblioth\u00e8ques<\/em><\/a><\/span><\/td>\n<td width=\"227\"><span style=\"font-size: 10pt;\">\u00a7 Fernanda Ribeiro and Armando Malheiro Da Silva <\/span><br \/>\n<span style=\"font-size: 10pt;\"><a href=\"http:\/\/www.isko-france.asso.fr\/colloque2017\/en\/paper-2\/\"><em>The interdisciplinary field of Information and Communication: a preliminary study on the current structure of iSchools<\/em><\/a><\/span><\/td>\n<\/tr>\n<tr>\n<td width=\"227\"><span style=\"font-size: 10pt;\">\u00a7\u00a0\u00a0 Amanda P. Moura, Luciana Corts Mendes, Marilda Lopes Ginez De Lara and Nair Yumiko Kobashi <\/span><br \/>\n<span style=\"font-size: 10pt;\"><a href=\"http:\/\/www.isko-france.asso.fr\/colloque2017\/en\/paper-27\/\"><em>Of pioneers and heritage: on the francophone influence in Brazilian Knowledge Organization<\/em><\/a><\/span><\/td>\n<td width=\"227\"><span style=\"font-size: 10pt;\">\u00a7 Rodrigo Bozzetti and Regina Marteleto <\/span><br \/>\n<span style=\"font-size: 10pt;\"><a href=\"http:\/\/www.isko-france.asso.fr\/colloque2017\/en\/paper-4\/\"><em>Document and device discussions: from Otlet to biobanks<\/em><\/a><\/span><\/td>\n<\/tr>\n<tr>\n<td width=\"227\"><span style=\"font-size: 10pt;\">\u00a7\u00a0\u00a0 Luciana Corts Mendes <\/span><br \/>\n<span style=\"font-size: 10pt;\"><a href=\"http:\/\/www.isko-france.asso.fr\/colloque2017\/en\/paper-26\/\"><em>The francophone development of the concept of document: the works of Paul Otlet, Suzanne Briet, Jean Meyriat and Roger T. P\u00e9dauque<\/em><\/a><em>\u00a0<\/em><\/span><\/td>\n<td width=\"227\"><span style=\"font-size: 10pt;\">\u00a7 Liqu\u00e8te Vincent <\/span><br \/>\n<span style=\"font-size: 10pt;\"><a href=\"http:\/\/www.isko-france.asso.fr\/colloque2017\/en\/paper-7\/\"><em>Les cultures de l\u2019information : l\u2019\u00e9clairage des chercheurs en sciences de l\u2019information et de la communication pour comprendre un concept \u00e9mergent dans le p\u00e9rim\u00e8tre scientifique francophone<\/em><\/a><\/span><\/td>\n<\/tr>\n<tr>\n<td width=\"227\"><span style=\"font-size: 10pt;\">\u00a7\u00a0\u00a0 Vesna \u017dupan <\/span><br \/>\n<span style=\"font-size: 10pt;\"><a href=\"http:\/\/www.isko-france.asso.fr\/colloque2017\/en\/paper-1\/\"><em>French intellectual contribution to the development of librarianship as a multidisciplinary science<\/em><\/a><\/span><\/td>\n<td width=\"227\"><span style=\"font-size: 10pt;\">\u00a7\u00a0\u00a0 Blanca Rodr\u00edguez Bravo, Maria Da Gra\u00e7a Sim\u00f5es and Daniel Mart\u00ednez-\u00c1vila <\/span><br \/>\n<span style=\"font-size: 10pt;\"><a href=\"http:\/\/www.isko-france.asso.fr\/colloque2017\/en\/paper-8\/\"><em>The influence of Documentation pioneer Paul Otlet on Spanish speaking and Portuguese speaking authors<\/em><\/a><\/span><\/td>\n<\/tr>\n<\/tbody>\n<\/table>\n<p><span style=\"font-size: 10pt;\"><strong>17h-17h30: Session ple\u0301nie\u0300re\/Plenary session \u2500 Salle\/Room XI.\u00a0<\/strong><\/span><\/p>\n<p><span style=\"font-size: 10pt;\">Mode\u0301rateur\/ Chair : Mohammed Sidir, CURAPP (CNRS), Universite\u0301 de Picardie Jules verne<\/span><\/p>\n<ul>\n<li><span style=\"font-size: 10pt;\">Patrick Fraysse, C\u00e9cile Gardies and Isabelle Fabre, <em>Pour une science de l\u2019information-documentation reconnue<\/em><\/span><\/li>\n<\/ul>\n<p><span style=\"font-size: 10pt;\"><strong>17h30-18h\u00a0:<\/strong> Cocktail<\/span><\/p>\n<h6><span style=\"font-size: 10pt;\">~~~<\/span><\/h6>\n<p><span style=\"font-size: 10pt;\"><strong>Mercredi 12 Juillet\/Wednesday July 12th 2017<\/strong><\/span><\/p>\n<p><span style=\"font-size: 10pt;\"><strong>09h-10h15\u00a0: Session Ple\u0301nie\u0300re\/Plenary session \u2500 Salle\/Room XI <\/strong><\/span><\/p>\n<p><span style=\"font-size: 10pt;\">Confe\u0301rence invite\u0301e\/Keynote address, Pre\u0301sident de se\u0301ance\/ Chair : Grant Campbell, University of Western Ontario (Canada)\u00a0<\/span><\/p>\n<ul>\n<li><span style=\"font-size: 10pt;\">Mich\u00e8le Hudon, EBSI, Universit\u00e9 de Montr\u00e9al (Canada), <a href=\"http:\/\/www.isko-france.asso.fr\/colloque2017\/fr\/michele-hudon\/\"><em>Du bon usage des facettes\u00a0: un linguiste revisite la th\u00e9orie de Ranganathan<\/em><\/a><\/span><\/li>\n<li><span style=\"font-size: 10pt;\">Fabrice Papy, Universit\u00e9 de Lorraine (France), <a href=\"http:\/\/www.isko-france.asso.fr\/colloque2017\/fr\/fabrice-papy\/\"><em>Mundaneum num\u00e9rique et internet augment\u00e9: visions et intuitions de Paul Otlet<\/em><\/a><\/span><\/li>\n<\/ul>\n<p><span style=\"font-size: 10pt;\">Pause\/Break \u00a015 minutes<\/span><\/p>\n<p><span style=\"font-size: 10pt;\"><strong>10h30-11h50:<\/strong> 2 Sessions parall\u00e8les\/2 Parallel sessions\u00a0<\/span><\/p>\n<table>\n<tbody>\n<tr>\n<td width=\"226\"><span style=\"font-size: 10pt;\"><strong>SESSION A : Salle\/Room XI Mode\u0301ratrice\/Chair : Emmanuelle Chevry-P\u00e9bayle, Universite\u0301 de Strasbourg<\/strong><\/span><\/p>\n<p><span style=\"font-size: 10pt;\"><strong>Approches et outils pour l\u2019organisation des connaissances\/Tools and methods for Knowledge Organization<\/strong><\/span><\/td>\n<td width=\"227\"><span style=\"font-size: 10pt;\"><strong>SESSION B : Salle\/Room IX Mode\u0301rateur\/Chair : Mamadou Diarra, EBAD Universite\u0301 Cheikh Anta Diop Dakar<\/strong><\/span><\/p>\n<p><span style=\"font-size: 10pt;\"><strong>Approches bibliom\u00e9triques et scientom\u00e9triques\/Bibliometric and scientometric approaches<\/strong><\/span><\/td>\n<\/tr>\n<tr>\n<td width=\"226\"><span style=\"font-size: 10pt;\">\u00a7\u00a0\u00a0 Julian Warner <\/span><br \/>\n<span style=\"font-size: 10pt;\"><a href=\"http:\/\/www.isko-france.asso.fr\/colloque2017\/en\/paper-15\/\"><em>Feeding two wolves: the human and the computational in document analysis<\/em><\/a><\/span><\/td>\n<td width=\"227\"><span style=\"font-size: 10pt;\">\u00a7\u00a0\u00a0 Ghislaine Chartron <\/span><br \/>\n<span style=\"font-size: 10pt;\"><a href=\"http:\/\/www.isko-france.asso.fr\/colloque2017\/en\/paper-5\/\"><em>Contribution de l\u2019IST au d\u00e9veloppement des sciences de l\u2019information : gen\u00e8se des ann\u00e9es 1960-2000<\/em><\/a><\/span><\/td>\n<\/tr>\n<tr>\n<td width=\"226\"><span style=\"font-size: 10pt;\">\u00a7\u00a0\u00a0 Marcin Roszkowski <\/span><br \/>\n<span style=\"font-size: 10pt;\"><a href=\"http:\/\/www.isko-france.asso.fr\/colloque2017\/en\/paper-39\/\"><em>Epistemic and Ontological Analysis of the Concept of Digital Humanities in Wikipedia Knowledge Base<\/em><\/a><\/span><\/td>\n<td width=\"227\"><span style=\"font-size: 10pt;\">\u00a7\u00a0\u00a0 Olivier Le Deuff et Franck Cormerais <\/span><br \/>\n<span style=\"font-size: 10pt;\"><a href=\"http:\/\/www.isko-france.asso.fr\/colloque2017\/en\/paper-17\/\"><em>Robert Estivals, entre bibliom\u00e9trie et bibliologie, quel apport pour les SIC dans la recomposition des savoirs<\/em><\/a><\/span><\/td>\n<\/tr>\n<tr>\n<td width=\"226\"><span style=\"font-size: 10pt;\">\u00a7\u00a0\u00a0 Maria Moura <\/span><br \/>\n<span style=\"font-size: 10pt;\"><a href=\"http:\/\/www.isko-france.asso.fr\/colloque2017\/en\/paper-34\/\"><em>The definition of subject in times of hashtag activism: documentary discourse and discursive indexation in dynamic informational environments<\/em><\/a><\/span><\/td>\n<td width=\"227\"><span style=\"font-size: 10pt;\">\u00a7\u00a0\u00a0 Ricardo Eito-Brun <\/span><br \/>\n<span style=\"font-size: 10pt;\"><a href=\"http:\/\/www.isko-france.asso.fr\/colloque2017\/en\/paper-32\/\"><em>An analysis of the visibility of French Information and Documentation pioneers in today\u2019s databases<\/em><\/a><\/span><\/td>\n<\/tr>\n<tr>\n<td width=\"226\"><span style=\"font-size: 10pt;\">\u00a7\u00a0\u00a0 Icl\u00e9ia Thiesen <\/span><br \/>\n<span style=\"font-size: 10pt;\"><a href=\"http:\/\/www.isko-france.asso.fr\/colloque2017\/en\/paper-9\/\"><em>Document par intention : r\u00e9flexions sur les \u00ab documents sensibles<\/em> \u00bb<\/a><\/span><\/td>\n<td width=\"227\"><span style=\"font-size: 10pt;\">\u00a7\u00a0\u00a0 Andr\u00e9 Santos, Rafael Dalessandro, Nat\u00e1lia Tognoli, Daniel Mart\u00ednez-\u00e1vila and Jos\u00e9 Augusto Guimar\u00e3es <\/span><br \/>\n<span style=\"font-size: 10pt;\"><a href=\"http:\/\/www.isko-france.asso.fr\/colloque2017\/en\/paper-43\/\"><em>Research trends in knowledge organization: an analysis of the ISKO-France meetings proceedings (2003-2015)<\/em><\/a><\/span><\/td>\n<\/tr>\n<\/tbody>\n<\/table>\n<p><span style=\"font-size: 10pt;\"><strong>12h00-13h30\u00a0: Pause d\u00e9jeuner\/Lunch<\/strong><\/span><\/p>\n<p><span style=\"font-size: 10pt;\"><strong>13h30 -14h15\u00a0: Session ple\u0301nie\u0300re\/Plenary session \u2500 Salle\/Room XI <\/strong><\/span><\/p>\n<p><span style=\"font-size: 10pt;\">Confe\u0301rence invite\u0301e\/Keynote address, Pre\u0301sident de se\u0301ance\/Chair : Alexandre Fortier, McGill University (Canada)<\/span><\/p>\n<ul>\n<li><span style=\"font-size: 10pt;\">Barbara Sosinska-Kalata, Universit\u00e9 de Varsovie (Pologne), <a href=\"http:\/\/www.isko-france.asso.fr\/colloque2017\/en\/barbara-sosinska-kalata\/\"><em>The impact of the works of Paul Otlet and Suzanne Briet on the development of the epistemology of documentation and information sciences in Poland<\/em><\/a><\/span><\/li>\n<\/ul>\n<p><span style=\"font-size: 10pt;\"><strong>14h15-15h45 : Session Posters\/Poster session \u2500 Salle\/Room XI <\/strong><\/span><\/p>\n<p><span style=\"font-size: 10pt;\">Mode\u0301rateurs\/ Chairs: Amel FRAISSE et Ismail TIMIMI<\/span><\/p>\n<ul>\n<li><span style=\"font-size: 10pt;\">Antoine Henry, <a href=\"http:\/\/www.isko-france.asso.fr\/colloque2017\/en\/paper-6\/\"><em>Intelligence collective, entreprise lib\u00e9r\u00e9e et organisation des connaissances : la probl\u00e9matique de la \u00ab transition \u00e9nerg\u00e9tique \u00bb chez GRDF<\/em><\/a><\/span><\/li>\n<li><span style=\"font-size: 10pt;\">Cristina Ortega, <a href=\"http:\/\/www.isko-france.asso.fr\/colloque2017\/fr\/paper-11\/\">Gustavo Saldanha, <em>La notion du document d\u2019Otlet \u00e0 Meyriat et les propositions n\u00e9odocumentalistes<\/em><\/a><\/span><\/li>\n<li><span style=\"font-size: 10pt;\">Nathalie Joubert,<a href=\"http:\/\/www.isko-france.asso.fr\/colloque2017\/fr\/paper-21\/\"><em> Jacques Bertin, chercheur en SIC malgr\u00e9 lui ? La carte comme m\u00e9diation entre r\u00e9ception et production scripto-visuelles<\/em><\/a><\/span><\/li>\n<li><span style=\"font-size: 10pt;\">Edwige Pierot,<a href=\"http:\/\/www.isko-france.asso.fr\/colloque2017\/en\/paper-30\/\"><em> L\u2019organisation des connaissances : contribution \u00e0 l\u2019analyse d\u2019une \u00e9pist\u00e9m\u00e8 de type num\u00e9rique<\/em><\/a><\/span><\/li>\n<li><span style=\"font-size: 10pt;\">Camille Rondot,<a href=\"http:\/\/www.isko-france.asso.fr\/colloque2017\/en\/paper-40\/\"><em> Connaissance et universalit\u00e9, des utopies documentaires de Gabriel Naud\u00e9 et de Paul Otlet au site internet de l\u2019UNESCO, itin\u00e9raires d\u2019une pens\u00e9e humaniste<\/em><\/a><\/span><\/li>\n<li><span style=\"font-size: 10pt;\">Magdalena Shishenkova,<em> Through the lens of Bourdieu theory of practice: studying examples of organizing literature online on websites offering free access to books<\/em><\/span><\/li>\n<li><span style=\"font-size: 10pt;\">Ahmed Alothman,<em> Dimensions of informational needs in charities\u2019 in Saudi Arabia compared to the dimensions of human development needs by the World Bank: a contrast between the local and the global<\/em><\/span><\/li>\n<li><span style=\"font-size: 10pt;\">Tan Tran,<a href=\"http:\/\/www.isko-france.asso.fr\/colloque2017\/en\/paper-46\/\"><em> Disciplinary Territories and the Landscape of Wikipedia Research<\/em><\/a><\/span><\/li>\n<\/ul>\n<p><span style=\"font-size: 10pt;\"><strong>15h45-17h00\u00a0:<\/strong> 2 Sessions parall\u00e8les\/2 Parallel sessions\u00a0<\/span><\/p>\n<table>\n<tbody>\n<tr>\n<td width=\"232\"><span style=\"font-size: 10pt;\"><strong>SESSION A : Salle\/Room XI Mode\u0301ratrice\/Chair Ghislaine Chartron, CNAM-INTD, Paris<\/strong><\/span><\/p>\n<p><span style=\"font-size: 10pt;\"><strong>Th\u00e9ories du document\/Document theories<\/strong><\/span><\/td>\n<td width=\"232\"><span style=\"font-size: 10pt;\"><strong>SESSION B : Salle\/Room IX Moderateur\/Chair : Mohamed Hassoun, ENSSIB<\/strong><\/span><\/p>\n<p><span style=\"font-size: 10pt;\"><strong>Architecture de l\u2019information\/Information architecture<\/strong><\/span><\/td>\n<\/tr>\n<tr>\n<td width=\"232\"><span style=\"font-size: 10pt;\">\u00a7\u00a0\u00a0 Sognos Sylvie, Gardies C\u00e9cile, Couturier Isabelle, Escande Laurent and Souriau C\u00e9cile <\/span><br \/>\n<span style=\"font-size: 10pt;\"><a href=\"http:\/\/www.isko-france.asso.fr\/colloque2017\/fr\/paper-37\/\"><em>Les genres d\u2019information pour penser et enseigner l\u2019information : l\u2019apport de Jean Meyriat aux r\u00e9flexions actuelles<\/em><\/a><\/span><\/td>\n<td width=\"232\"><span style=\"font-size: 10pt;\">\u00a7\u00a0\u00a0 Giulia Crippa <\/span><br \/>\n<span style=\"font-size: 10pt;\"><a href=\"http:\/\/www.isko-france.asso.fr\/colloque2017\/fr\/paper-13\/\"><em>The CSAC (Centro Studi e Archivio della Comunicazione): a model for the study of art<\/em><\/a><\/span><\/td>\n<\/tr>\n<tr>\n<td width=\"232\"><span style=\"font-size: 10pt;\">\u00a7\u00a0\u00a0 Muriel Frisch <\/span><br \/>\n<span style=\"font-size: 10pt;\"><a href=\"http:\/\/www.isko-france.asso.fr\/colloque2017\/en\/paper-36\/\"><em>Histoire et \u00e9pist\u00e9mologie de l\u2019Information-Documentation, Suzanne Briet et \u00e9volutions de la documentation<\/em><\/a><\/span><\/td>\n<td width=\"232\"><span style=\"font-size: 10pt;\">\u00a7\u00a0\u00a0 Andre Vieira de Freitas Araujo, Carlos Henrique Juv\u00eancio Da Silva and Giulia Crippa <\/span><br \/>\n<span style=\"font-size: 10pt;\"><a href=\"http:\/\/www.isko-france.asso.fr\/colloque2017\/en\/paper-33\/\"><em>Universality and utopia in Conrad Gesner and Paul Otlet: historical approximations<\/em><\/a><\/span><\/td>\n<\/tr>\n<tr>\n<td width=\"232\"><span style=\"font-size: 10pt;\">\u00a7\u00a0\u00a0 Christian Bourret, Serge Chambaud and Daniel Laurent <\/span><br \/>\n<span style=\"font-size: 10pt;\"><a href=\"http:\/\/www.isko-france.asso.fr\/colloque2017\/en\/paper-35\/\"><em>Jacques-Emile DUBOIS, un pionnier des Sciences de l\u2019Information et de l\u2019IST (Information Scientifique et Technique), avec une vision toujours actuelle<\/em><\/a><\/span><\/td>\n<td width=\"232\"><span style=\"font-size: 10pt;\">\u00a7\u00a0\u00a0 Alexandre Fortier and D. Grant Campbell <\/span><br \/>\n<span style=\"font-size: 10pt;\"><a href=\"http:\/\/www.isko-france.asso.fr\/colloque2017\/fr\/paper-24\/\"><em>Le contr\u00f4le bibliographique entre normativisme et descriptivisme<\/em><\/a><\/span><\/td>\n<\/tr>\n<tr>\n<td width=\"232\"><\/td>\n<td width=\"232\"><span style=\"font-size: 10pt;\">\u00a7\u00a0\u00a0 Elaine M\u00e9nard and Alexandre Fortier <\/span><br \/>\n<span style=\"font-size: 10pt;\"><a href=\"http:\/\/www.isko-france.asso.fr\/colloque2017\/fr\/paper-31\/\"><em>Encr\u00e9 dans le temps et l\u2019espace : exploration sur la documentalit\u00e9 du tatouage<\/em><\/a><\/span><\/td>\n<\/tr>\n<\/tbody>\n<\/table>\n<p><span style=\"font-size: 10pt;\"><strong>17h00\u00a0: Cl\u00f4ture du colloque\/Conference closing,\u00a0Salle\/Room XI<\/strong><\/span><\/p>\n<p><span style=\"font-size: 10pt;\"><strong>17h30-18h30\u00a0: Assembl\u00e9e G\u00e9n\u00e9rale ISKO-France,\u00a0Salle\/Room XI<\/strong><\/span><\/p>\n","protected":false},"excerpt":{"rendered":"<p>(Version PDF) Mardi 11 Juillet\/Tuesday 11th July 2017 08h30 : Accueil des participants\/ Welcoming participants 09h00 :\u00a0Session Ple\u0301nie\u0300re\/Plenary session \u2500 Salle\/Room XI Discours d&rsquo;ouverture\/ Opening address Indrajit Banerjee, Directeur de la Division des soci\u00e9t\u00e9s du savoir (CI\/KSD) au sein du Secteur de la communication et de l&rsquo;information (CI), UNESCO Firmin Edouard Matoko, Sous-Directeur G\u00e9n\u00e9ral, Directeur &hellip; <a href=\"http:\/\/www.isko-france.asso.fr\/colloque2017\/fr\/programme\/\" class=\"more-link\">Continuer la lecture de <span class=\"screen-reader-text\">Programme<\/span><\/a><\/p>\n","protected":false},"author":1,"featured_media":0,"parent":0,"menu_order":0,"comment_status":"closed","ping_status":"closed","template":"","meta":{"ngg_post_thumbnail":0},"_links":{"self":[{"href":"http:\/\/www.isko-france.asso.fr\/colloque2017\/wp-json\/wp\/v2\/pages\/172"}],"collection":[{"href":"http:\/\/www.isko-france.asso.fr\/colloque2017\/wp-json\/wp\/v2\/pages"}],"about":[{"href":"http:\/\/www.isko-france.asso.fr\/colloque2017\/wp-json\/wp\/v2\/types\/page"}],"author":[{"embeddable":true,"href":"http:\/\/www.isko-france.asso.fr\/colloque2017\/wp-json\/wp\/v2\/users\/1"}],"replies":[{"embeddable":true,"href":"http:\/\/www.isko-france.asso.fr\/colloque2017\/wp-json\/wp\/v2\/comments?post=172"}],"version-history":[{"count":23,"href":"http:\/\/www.isko-france.asso.fr\/colloque2017\/wp-json\/wp\/v2\/pages\/172\/revisions"}],"predecessor-version":[{"id":570,"href":"http:\/\/www.isko-france.asso.fr\/colloque2017\/wp-json\/wp\/v2\/pages\/172\/revisions\/570"}],"wp:attachment":[{"href":"http:\/\/www.isko-france.asso.fr\/colloque2017\/wp-json\/wp\/v2\/media?parent=172"}],"curies":[{"name":"wp","href":"https:\/\/api.w.org\/{rel}","templated":true}]}}