{"id":219,"date":"2017-05-02T14:55:32","date_gmt":"2017-05-02T12:55:32","guid":{"rendered":"http:\/\/www.isko-france.asso.fr\/colloque2017\/?page_id=219"},"modified":"2017-05-26T16:00:44","modified_gmt":"2017-05-26T14:00:44","slug":"venir-unesco","status":"publish","type":"page","link":"http:\/\/www.isko-france.asso.fr\/colloque2017\/fr\/inscription-au-colloque\/venir-unesco\/","title":{"rendered":"Venir \u00e0 l&rsquo;UNESCO"},"content":{"rendered":"<p style=\"text-align: justify;\">Pour cette ann\u00e9e, nous avons la chance de pouvoir organiser le colloque au si\u00e8ge de l&rsquo;UNESCO \u00e0 Paris.<\/p>\n<p style=\"text-align: justify;\"><img loading=\"lazy\" class=\"size-medium wp-image-220 alignleft\" src=\"http:\/\/www.isko-france.asso.fr\/colloque2017\/wp-content\/uploads\/2017\/05\/2068-300x200.jpeg\" alt=\"UNESCO Paris\" width=\"300\" height=\"200\" srcset=\"http:\/\/www.isko-france.asso.fr\/colloque2017\/wp-content\/uploads\/2017\/05\/2068-300x200.jpeg 300w, http:\/\/www.isko-france.asso.fr\/colloque2017\/wp-content\/uploads\/2017\/05\/2068-768x511.jpeg 768w, http:\/\/www.isko-france.asso.fr\/colloque2017\/wp-content\/uploads\/2017\/05\/2068-1024x681.jpeg 1024w, http:\/\/www.isko-france.asso.fr\/colloque2017\/wp-content\/uploads\/2017\/05\/2068.jpeg 1200w\" sizes=\"(max-width: 300px) 100vw, 300px\" \/> <img loading=\"lazy\" class=\"alignnone size-medium wp-image-221\" src=\"http:\/\/www.isko-france.asso.fr\/colloque2017\/wp-content\/uploads\/2017\/05\/80298504-300x200.jpg\" alt=\"UNESCO Paris\" width=\"300\" height=\"200\" srcset=\"http:\/\/www.isko-france.asso.fr\/colloque2017\/wp-content\/uploads\/2017\/05\/80298504-300x200.jpg 300w, http:\/\/www.isko-france.asso.fr\/colloque2017\/wp-content\/uploads\/2017\/05\/80298504-768x512.jpg 768w, http:\/\/www.isko-france.asso.fr\/colloque2017\/wp-content\/uploads\/2017\/05\/80298504.jpg 800w\" sizes=\"(max-width: 300px) 100vw, 300px\" \/><\/p>\n<p style=\"text-align: justify;\">Pour vous rendre \u00e0 l&rsquo;UNESCO<\/p>\n<p style=\"text-align: justify;\"><iframe loading=\"lazy\" style=\"border: 1px solid black;\" src=\"http:\/\/www.openstreetmap.org\/export\/embed.html?bbox=2.300820350646973%2C48.84821785065807%2C2.3115491867065434%2C48.85323032415026&amp;layer=mapnik&amp;marker=48.850724150129665%2C2.306184768676758\" width=\"425\" height=\"350\" frameborder=\"0\" marginwidth=\"0\" marginheight=\"0\" scrolling=\"no\"><\/iframe><br \/>\n<small><a href=\"https:\/\/www.openstreetmap.org\/?mlat=48.85072&amp;mlon=2.30618#map=17\/48.85072\/2.30618\">Afficher une carte plus grande<\/a><\/small><\/p>\n<p style=\"text-align: justify;\">7-9 Place de Fontenoy &#8211; UNESCO, Quartier de l&rsquo;\u00c9cole Militaire, Paris 7e Arrondissement, Paris, \u00cele-de-France, 75007, France<\/p>\n<p style=\"text-align: justify;\">Venir \u00e0 l&rsquo;UNESCO :<\/p>\n<ul style=\"text-align: justify;\">\n<li><strong>M\u00e9tro<\/strong> : S\u00e9gur-UNESCO, Cambronne, Ecole Militaire<\/li>\n<li><strong>Autobus :<\/strong> 28, 80<\/li>\n<li><strong>Sation Velib&rsquo;<\/strong> : n\u00b0 15009 Suffren, 140 avenue de Suffren<\/li>\n<\/ul>\n<p style=\"text-align: justify;\"><span style=\"text-decoration: underline;\">Il n&rsquo;y a pas de parking.<\/span><\/p>\n<p style=\"text-align: justify;\">S\u00e9curit\u00e9 :<\/p>\n<p style=\"text-align: justify;\">L&rsquo;UNESCO impose des contr\u00f4les de s\u00e9curit\u00e9 \u00e0 l&rsquo;entr\u00e9e du b\u00e2timent, merci de tenir compte de ce d\u00e9lai potentiel.<\/p>\n<p style=\"text-align: justify;\">&#8212;&#8212;&#8212;&#8212;&#8212;&#8212;&#8212;&#8212;&#8212;&#8212;&#8212;&#8212;&#8212;&#8212;&#8212;&#8212;&#8212;&#8212;&#8212;&#8212;&#8212;&#8212;&#8212;&#8212;&#8212;&#8212;&#8212;&#8212;<\/p>\n<p>H\u00e9bergements \u00e0 proximit\u00e9 :<\/p>\n<p><strong>H\u00f4tel Eiffel XV (2 \u00e9toiles)<\/strong><\/p>\n<p>Adresse : 13-15 rue Viala, 75015 Paris<\/p>\n<p>Tarif : \u00e0 partir de 55\u20ac\/nuit<\/p>\n<p>Contact : +33 1 45 78 20 02 &#8211; contact@hoteleiffelxv.com<\/p>\n<p>Site : <a href=\"http:\/\/www.hoteleiffelxv.com\/\">http:\/\/www.hoteleiffelxv.com\/<\/a><\/p>\n<p><strong>Alyss Saphir Cambronne Eiffel (3 \u00e9toiles)<\/strong><\/p>\n<p>Adresse : 62 rue Croix Nivert, 75015 Paris<\/p>\n<p>Tarif : \u00e0 partir de 69\u20ac<\/p>\n<p>Contact : +33 1 45 32 51 70<\/p>\n<p>Site : <a href=\"https:\/\/www.saphirhotel.fr\">https:\/\/www.saphirhotel.fr<\/a><\/p>\n<p><strong>Au Pacific H\u00f4tel (2 \u00e9toiles)<\/strong><\/p>\n<p>Adresse : 11 rue Fondary, 75015 Paris<\/p>\n<p>Tarif : \u00e0 partir de 82\u20ac\/nuit<\/p>\n<p>Contact : +33 1 45 75 20 49 &#8211; pacifichotel@wanadoo.fr<\/p>\n<p>Site : <a href=\"http:\/\/www.pacific-hotel-paris.com\/\">http:\/\/www.pacific-hotel-paris.com\/<\/a><\/p>\n<p><strong>Splendid H\u00f4tel Paris (2 \u00e9toiles)<\/strong><\/p>\n<p>Adresse : 54 rue Fondary, 75015 Paris<\/p>\n<p>Tarif : \u00e0 partir de 89\u20ac\/nuit<\/p>\n<p>Contact : +33 1 45 75 17 73<\/p>\n<p>Site : <a href=\"http:\/\/www.splendid-hotel-paris.com\/\">http:\/\/www.splendid-hotel-paris.com\/<\/a><\/p>\n<p><strong>H\u00f4tel de l\u2019Avre (2 \u00e9toiles)<\/strong><\/p>\n<p>Adresse : 21 rue Avre, 75015 Paris<\/p>\n<p>Tarif : \u00e0 partir de 89\u20ac\/nuit<\/p>\n<p>Contact : +33 1 45 75 31 03 &#8211; hotel.delavre@wanadoo.fr<\/p>\n<p>Site : <a href=\"http:\/\/www.hoteldelavre.com\/\">http:\/\/www.hoteldelavre.com\/<\/a><\/p>\n<p><strong>H\u00f4tel Lilas Blanc Grenelle (2 \u00e9toiles)<\/strong><\/p>\n<p>Adresse : 5 rue Avre, 75015 Paris<\/p>\n<p>Tarif : \u00e0 partir de 88\u20ac\/nuit<\/p>\n<p>Contact : +33 1 45 75 30 07 &#8211; desk@hotellilasblanc.com<\/p>\n<p>Site : <a href=\"http:\/\/www.hotel-lilas-blanc-paris.fr\/\">http:\/\/www.hotel-lilas-blanc-paris.fr\/<\/a><\/p>\n<p><strong>H\u00f4tel de la Motte Picquet Paris (3 \u00e9toiles)<\/strong><\/p>\n<p>Adresse : 30 avenue Motte Picquet, 75007 Paris<\/p>\n<p>Tarif : \u00e0 partir de 90\u20ac\/nuit<\/p>\n<p>Contact : +33 1 47 05 09 57 &#8211; book@hotelmottepicquetparis.com<\/p>\n<p>Site : <a href=\"http:\/\/www.hotelmottepicquetparis.com\">http:\/\/www.hotelmottepicquetparis.com<\/a><\/p>\n<p><strong>Best Western Eiffel Cambronne (3 \u00e9toiles)<\/strong><\/p>\n<p>Adresse : 46 rue Croix Nivert, 75015<\/p>\n<p>Tarif : \u00e0 partir de 100\u20ac\/nuit<\/p>\n<p>Contact : +33 1 56 58 56 78<\/p>\n<p>Site : <a href=\"https:\/\/www.bestwestern.fr\/fr\/hotel-paris-15eme,Best-Western-Hotel-Eiffel-Cambronne,93469\">https:\/\/www.bestwestern.fr\/fr\/hotel-paris-15eme,Best-Western-Hotel-Eiffel-Cambronne,93469<\/a><\/p>\n<p><strong>H\u00f4tel Magenta 38 <\/strong><\/p>\n<p>Tarif : \u00e0 partir de 70-80\u20ac\/nuit<\/p>\n<p>H\u00f4tel trois \u00e9toiles<\/p>\n<p>Adresse : 38 Boulevard de Magenta, 75010 Paris<\/p>\n<p>T\u00e9l\u00e9phone : 01 42 38 02 55<\/p>\n<p>Site :\u00a0<a href=\"http:\/\/www.hotelmagenta38.com\/\">http:\/\/www.hotelmagenta38.com\/<\/a><\/p>\n<p style=\"text-align: justify;\">\n<ul>\n<li><strong>Hotel IBIS \u00e0 proximite de l\u2019UNESCO<\/strong><\/li>\n<\/ul>\n<p><strong>IBIS Hotel Cambronne<\/strong><br \/>\n2, RUE CAMBRONNE<br \/>\n75015\u00a0&#8211;\u00a0PARISFRANCE<br \/>\nTEL : (+33)01\/40612121<br \/>\nFAX : (+33)01\/40612299<br \/>\nR\u00c9SERVATION PAR T\u00c9L\u00c9PHONE :<br \/>\n(+33)01\/40612222<br \/>\nINFORMATIONS G\u00c9N\u00c9RALES:<br \/>\nH1400@ACCOR.COM<\/p>\n<p><strong>IBIS Hotel Lecourbe<\/strong><br \/>\n192 RUE DE LA CROIX NIVERT<br \/>\n75015\u00a0&#8211;\u00a0PARISFRANCE<br \/>\nTEL : (+33)1\/45581608<br \/>\nFAX : (+33)1\/40601904<br \/>\nINFORMATIONS G\u00c9N\u00c9RALES:<br \/>\nH7308@ACCOR.COM<\/p>\n<p><strong>IBIS Hotel Montparnasse<\/strong><br \/>\n71 BOULEVARD DE VAUGIRARD<br \/>\n75015\u00a0&#8211;\u00a0PARISFRANCE<br \/>\nTEL :(+33)1\/43208912<br \/>\nFAX :(+33)1\/43208930<br \/>\nINFORMATIONS G\u00c9N\u00c9RALES:<br \/>\nH1875@ACCOR.COM<\/p>\n<p><strong>IBIS Hotel CONVENTION<\/strong><br \/>\n5 RUE EUG\u00c8NE GIBEZ<br \/>\n75015\u00a0&#8211;\u00a0PARISFRANCE<br \/>\nTEL : (+33)1\/48286314<br \/>\nFAX : (+33)1\/45334550<br \/>\nINFORMATIONS G\u00c9N\u00c9RALES:<br \/>\nH3267@ACCOR.COM<\/p>\n","protected":false},"excerpt":{"rendered":"<p>Pour cette ann\u00e9e, nous avons la chance de pouvoir organiser le colloque au si\u00e8ge de l&rsquo;UNESCO \u00e0 Paris. Pour vous rendre \u00e0 l&rsquo;UNESCO Afficher une carte plus grande 7-9 Place de Fontenoy &#8211; UNESCO, Quartier de l&rsquo;\u00c9cole Militaire, Paris 7e Arrondissement, Paris, \u00cele-de-France, 75007, France Venir \u00e0 l&rsquo;UNESCO : M\u00e9tro : S\u00e9gur-UNESCO, Cambronne, Ecole Militaire &hellip; <a href=\"http:\/\/www.isko-france.asso.fr\/colloque2017\/fr\/inscription-au-colloque\/venir-unesco\/\" class=\"more-link\">Continuer la lecture de <span class=\"screen-reader-text\">Venir \u00e0 l&rsquo;UNESCO<\/span><\/a><\/p>\n","protected":false},"author":1,"featured_media":0,"parent":185,"menu_order":0,"comment_status":"closed","ping_status":"closed","template":"","meta":{"ngg_post_thumbnail":0},"_links":{"self":[{"href":"http:\/\/www.isko-france.asso.fr\/colloque2017\/wp-json\/wp\/v2\/pages\/219"}],"collection":[{"href":"http:\/\/www.isko-france.asso.fr\/colloque2017\/wp-json\/wp\/v2\/pages"}],"about":[{"href":"http:\/\/www.isko-france.asso.fr\/colloque2017\/wp-json\/wp\/v2\/types\/page"}],"author":[{"embeddable":true,"href":"http:\/\/www.isko-france.asso.fr\/colloque2017\/wp-json\/wp\/v2\/users\/1"}],"replies":[{"embeddable":true,"href":"http:\/\/www.isko-france.asso.fr\/colloque2017\/wp-json\/wp\/v2\/comments?post=219"}],"version-history":[{"count":19,"href":"http:\/\/www.isko-france.asso.fr\/colloque2017\/wp-json\/wp\/v2\/pages\/219\/revisions"}],"predecessor-version":[{"id":387,"href":"http:\/\/www.isko-france.asso.fr\/colloque2017\/wp-json\/wp\/v2\/pages\/219\/revisions\/387"}],"up":[{"embeddable":true,"href":"http:\/\/www.isko-france.asso.fr\/colloque2017\/wp-json\/wp\/v2\/pages\/185"}],"wp:attachment":[{"href":"http:\/\/www.isko-france.asso.fr\/colloque2017\/wp-json\/wp\/v2\/media?parent=219"}],"curies":[{"name":"wp","href":"https:\/\/api.w.org\/{rel}","templated":true}]}}