{"id":22,"date":"2017-02-04T21:33:59","date_gmt":"2017-02-04T20:33:59","guid":{"rendered":"http:\/\/www.isko-france.asso.fr\/colloque2017\/?page_id=22"},"modified":"2017-05-04T16:02:28","modified_gmt":"2017-05-04T14:02:28","slug":"appel-a-communication","status":"publish","type":"page","link":"http:\/\/www.isko-france.asso.fr\/colloque2017\/fr\/appel-a-communication\/","title":{"rendered":"Appel \u00e0 communication"},"content":{"rendered":"<p style=\"text-align: center;\" align=\"center\"><span style=\"font-size: 14pt;\">11e\u00a0Colloque international d\u2019ISKO-France<\/span><\/p>\n<h3 style=\"text-align: justify;\" align=\"center\"><span style=\"font-size: 14pt;\">Fondements \u00e9pist\u00e9mologiques et th\u00e9oriques de la science de l\u2019information-documentation\u00a0: hommage aux pionniers francophones<\/span><\/h3>\n<p style=\"text-align: justify;\"><i>Organis\u00e9 conjointement par le Chapitre Fran\u00e7ais de l\u2019ISKO, le laboratoire GERiiCO &#8211; Universit\u00e9 de Lille (SHS), la <\/i><i>Division des soci\u00e9t\u00e9s du savoir de l\u2019UNESCO<\/i><i> <\/i><i>et le CURAPP &#8211; Universit\u00e9 de Picardie Jules Verne<\/i><\/p>\n<p style=\"text-align: center;\" align=\"center\"><strong>Lieu du Colloque : Si\u00e8ge de l&rsquo;UNESCO, 7 Place de Fontenoy, Paris<\/strong><\/p>\n<p style=\"text-align: center;\" align=\"center\"><strong>Dates : 11-12 juillet 2017<\/strong><\/p>\n<p style=\"text-align: justify;\">Le chapitre fran\u00e7ais de l&rsquo;ISKO a comme pr\u00e9occupation majeure depuis sa cr\u00e9ation en 1996 la question de l&rsquo;organisation des connaissances. Cette th\u00e9matique a \u00e9t\u00e9 trait\u00e9e sous l\u2019angle des structures d\u2019organisation, des outils techniques de m\u00e9diation mais aussi des formes et m\u00e9canismes de partage des connaissances. Ces questions sont au c\u0153ur des recherches sur les m\u00e9canismes de la production de l\u2019acc\u00e8s \u00e0 l\u2019information et de la circulation des savoirs.<\/p>\n<p style=\"text-align: justify;\">Il y a une soixantaine d\u2019ann\u00e9es est n\u00e9 outre-Atlantique une discipline acad\u00e9mique intitul\u00e9e <em>Information science<\/em> ou <em>Library and information science<\/em>. Comment s\u2019est-elle progressivement acclimat\u00e9e au monde intellectuel et professionnel des chercheurs et au monde des praticiens de la Francophonie, \u00e0 leurs mode<s>s<\/s> de pens\u00e9e et \u00e0 leurs institutions? Quel a \u00e9t\u00e9 l\u2019apport de ces sp\u00e9cialistes et de ces chercheurs aux d\u00e9bats th\u00e9oriques et aux pratiques suscit\u00e9es par le d\u00e9veloppement toujours en cours de cette science\u00a0?<\/p>\n<p style=\"text-align: justify;\">L\u2019\u00e9dition de 2017 est voulue comme un hommage rendu aux visionnaires et th\u00e9oriciens francophones des Sciences de l\u2019Information tels que Paul Otlet, Suzanne Briet, Jean-Claude Gardin, Eric de Grolier, Jean Meyriat, Robert Escarpit, Robert Pag\u00e8s, Madeleine Wolff-Terroine, Jacques Maniez, Jacques Chaumier et George Van Slype. Chacun de ces auteurs francophones a apport\u00e9 sa pierre \u00e0 l\u2019\u00e9difice des Sciences de l\u2019information dans l\u2019espace francophone mais bien au-del\u00e0\u00a0: Paul Otlet, belge, internationaliste, pacifiste visionnaire, fondateur du Mundaneum, est reconnu comme le p\u00e8re de la documentation moderne et comme innovateur passionn\u00e9 \u2013 en architecture, en urbanisme, en documentation, en bibliographie et en mus\u00e9ologie. Il est consid\u00e9r\u00e9 comme une figure centrale, est connu pour les progr\u00e8s importants qu\u2019il a apport\u00e9s \u00e0 la bibliographie et \u00e0 la science de l&rsquo;information, mais aussi pour ses nombreuses intuitions intellectuelles. Il a notamment anticip\u00e9 un demi-si\u00e8cle avant son arriv\u00e9e l\u2019av\u00e8nement de l\u2019Internet. Suzanne Briet, largement inconnue encore, dans les ann\u00e9es 1990, de la majorit\u00e9 des chercheurs fran\u00e7ais en Sciences de l\u2019information, jouit pourtant d\u2019une importante notori\u00e9t\u00e9 dans les pays anglo-saxons\u00a0; elle est reconnue comme chef de file de la modernisation des biblioth\u00e8ques en France, et comme pionni\u00e8re de l\u2019information-documentation.<\/p>\n<p style=\"text-align: justify;\">D\u2019autres pr\u00e9curseurs de l\u2019information-documentation en France, dont les travaux sont identifi\u00e9s comme apportant une contribution significative aux Sciences de l\u2019information, tels que Robert Pag\u00e8s, Jean-Claude Gardin et Eric de Grolier ont men\u00e9 \u00e0 la fois des r\u00e9flexions th\u00e9oriques, mais aussi con\u00e7u et r\u00e9alis\u00e9 des outils professionnels.<\/p>\n<div>\n<p style=\"text-align: justify;\">Les contributions majeures de Robert Escarpit et de Jean Meyriat aux Sciences de l\u2019information mais aussi aux Sciences de la communication sont \u00e0 rappeler. Jean Meyriat, a \u00e9t\u00e9 un acteur majeur dans l\u2019institutionnalisation des Sciences de l\u2019information et de la communication (SIC) en France. Il a pos\u00e9 les fondements th\u00e9oriques d\u2019une Science de l\u2019information inscrite dans les sciences humaines et sociales et en lien avec les Sciences de la communication. D\u00e8s 1950 il a collabor\u00e9 au programme de l\u2019UNESCO et fait partie d\u2019un comit\u00e9 d\u2019experts et a \u00e9t\u00e9 jusqu\u2019en 1991 secr\u00e9taire g\u00e9n\u00e9ral du Comit\u00e9 international pour l\u2019information et la documentation en sciences sociales (CIIDSS) (UNESCO). En liaison avec l\u2019UNESCO il a \u00e9galement pr\u00e9sid\u00e9 le comit\u00e9 de l\u2019UNISIST sur la politique et les programmes de formation en information. Il a re\u00e7u la m\u00e9daille Aristote de l\u2019UNESCO pour sa contribution \u00e0 la coop\u00e9ration scientifique internationale.<\/p>\n<p style=\"text-align: justify;\">De son c\u00f4t\u00e9 Madeleine Wolff-Terroine a toujours veill\u00e9 \u00e0 ne pas dissocier les innovations techniques de la recherche scientifique. Jacques Maniez quant \u00e0 lui, alors que l\u2019organisation des connaissances \u00e9tait peu travaill\u00e9e en France il y a une trentaine d\u2019ann\u00e9es, a opini\u00e2trement travaill\u00e9 \u00e0 la cr\u00e9ation du chapitre fran\u00e7ais d\u2019ISKO. Son r\u00f4le dans le d\u00e9veloppement de la recherche francophone en Sciences de l\u2019information-documentation est fondamental. La permanence d\u2019ISKO-France est un bel hommage qui lui est rendu.<\/p>\n<p style=\"text-align: justify;\">Afin de t\u00e9moigner et de prolonger les travaux de ces pr\u00e9curseurs le Onzi\u00e8me colloque d&rsquo;ISKO-France invite \u00e0 proposer des contributions originales sur\u00a0les fondements \u00e9pist\u00e9mologiques et th\u00e9oriques des sciences de l\u2019information-documentation, plus particuli\u00e8rement sur les aspects li\u00e9s\u00a0:<\/p>\n<ul style=\"text-align: justify;\">\n<li>aux fondements \u00e9pist\u00e9mologiques et th\u00e9oriques de l\u2019organisation des connaissances (syst\u00e8mes, sch\u00e9mas et leur reconfiguration par le num\u00e9rique)\u00a0;<\/li>\n<li>aux th\u00e9ories du document, le rayonnement des auteurs francophones et leur impact dans la d\u00e9finition du concept de document\u00a0;<\/li>\n<li>aux approches culturelles et sociales de l\u2019organisation des connaissances (influence de la culture sur la conception d&rsquo;instruments d\u2019organisation des connaissances)\u00a0;<\/li>\n<li>aux approches locales et globales de l\u2019organisation des connaissances (approches <em>glocales<\/em>)\u00a0;<\/li>\n<li>\u00e0 l\u2019architecture de l\u2019information et \u00e0 l\u2019empreinte de Paul Otlet\u00a0;<\/li>\n<li>\u00e0 la communication scientifique et \u00e0 la circulation des connaissances produites dans la discipline\u00a0;<\/li>\n<li>la transdisciplinarit\u00e9 et l\u2019interdisciplinarit\u00e9 et le r\u00f4le des pr\u00e9curseurs Robert Pag\u00e8s, Jean-Claude Gardin et Eric de Grolier dans leur int\u00e9gration dans les travaux d\u00e9velopp\u00e9s en sciences de l\u2019information-documentation\u00a0;<\/li>\n<li>le r\u00f4le des pr\u00e9curseurs tels que Jean Meyriat et Robert Escarpit dans l\u2019institutionnalisation des sciences de l\u2019information avec les sciences de la communication et leur inscription dans les sciences humaines et sociales<\/li>\n<\/ul>\n<h2 style=\"text-align: justify;\"><strong>Calendrier<\/strong><\/h2>\n<ul style=\"text-align: justify;\">\n<li><strong>21 mars 2017\u00a0:<\/strong> date limite de r\u00e9ception des propositions<\/li>\n<\/ul>\n<p style=\"text-align: justify;\">Les propositions (3 pages minimum, format Word) seront transmises via le syst\u00e8me de gestion des conf\u00e9rence EasyChair (<a href=\"https:\/\/easychair.org\/conferences\/?conf=iskofr2017\">https:\/\/easychair.org\/conferences\/?conf=iskofr2017<\/a>). Sur le site EasyChair, si vous n\u2019avez pas de compte, cliquez sur le lien \u00ab Create an account \u00bb et suivez les instructions. Si vous poss\u00e9dez d\u00e9j\u00e0 un compte EasyChair, entrez votre nom d\u2019utilisateur et votre mot de passe, puis cliquez sur \u00ab Log in \u00bb (N.B. un compte cr\u00e9e lors d&rsquo;un autre colloque reste valable). Les propositions peuvent \u00eatre en fran\u00e7ais ou en anglais. Chaque proposition sera examin\u00e9e par au moins deux \u00e9valuateurs du Comit\u00e9 scientifique, qui estimeront sa pertinence, sa validit\u00e9 scientifique, son originalit\u00e9 et la clart\u00e9 de sa pr\u00e9sentation.<\/p>\n<ul style=\"text-align: justify;\">\n<li><strong>21 avril \u00a02017 :<\/strong>\u00a0date de notification d&rsquo;acceptation ou de refus<\/li>\n<\/ul>\n<p style=\"text-align: justify;\">La notification d&rsquo;acceptation sera envoy\u00e9e, accompagn\u00e9e des sp\u00e9cifications techniques pour la publication. Celles-ci seront \u00e0 respecter imp\u00e9rativement en vue de la publication des actes. Des demandes de modifications des textes pourront \u00eatre formul\u00e9es aux auteurs.<\/p>\n<ul style=\"text-align: justify;\">\n<li><strong>6 juin 2017 :<\/strong>\u00a0date limite de r\u00e9ception des versions d\u00e9finitives<\/li>\n<\/ul>\n<p style=\"text-align: justify;\">Les auteurs retenus adresseront les communications sous forme d&rsquo;un texte complet. Le texte de la communication devra parvenir au comit\u00e9 de programme (<a href=\"mailto:communication@isko-france.asso.fr\">communication@isko-france.asso.fr<\/a>) sous sa forme d\u00e9finitive (format Word, 12 pages maximum).<\/p>\n<ul style=\"text-align: justify;\">\n<li><strong>20 juin 2017 :<\/strong>\u00a0date limite d&rsquo;inscription au colloque pour au moins l&rsquo;un des auteurs<\/li>\n<\/ul>\n<p style=\"text-align: justify;\">L&rsquo;acceptation d&rsquo;une communication implique que l&rsquo;un, au moins, des auteurs soit pr\u00e9sent au colloque pour assurer sa pr\u00e9sentation.<\/p>\n<\/div>\n","protected":false},"excerpt":{"rendered":"<p>11e\u00a0Colloque international d\u2019ISKO-France Fondements \u00e9pist\u00e9mologiques et th\u00e9oriques de la science de l\u2019information-documentation\u00a0: hommage aux pionniers francophones Organis\u00e9 conjointement par le Chapitre Fran\u00e7ais de l\u2019ISKO, le laboratoire GERiiCO &#8211; Universit\u00e9 de Lille (SHS), la Division des soci\u00e9t\u00e9s du savoir de l\u2019UNESCO et le CURAPP &#8211; Universit\u00e9 de Picardie Jules Verne Lieu du Colloque : Si\u00e8ge de &hellip; <a href=\"http:\/\/www.isko-france.asso.fr\/colloque2017\/fr\/appel-a-communication\/\" class=\"more-link\">Continuer la lecture de <span class=\"screen-reader-text\">Appel \u00e0 communication<\/span><\/a><\/p>\n","protected":false},"author":1,"featured_media":0,"parent":0,"menu_order":0,"comment_status":"closed","ping_status":"closed","template":"","meta":{"ngg_post_thumbnail":0},"_links":{"self":[{"href":"http:\/\/www.isko-france.asso.fr\/colloque2017\/wp-json\/wp\/v2\/pages\/22"}],"collection":[{"href":"http:\/\/www.isko-france.asso.fr\/colloque2017\/wp-json\/wp\/v2\/pages"}],"about":[{"href":"http:\/\/www.isko-france.asso.fr\/colloque2017\/wp-json\/wp\/v2\/types\/page"}],"author":[{"embeddable":true,"href":"http:\/\/www.isko-france.asso.fr\/colloque2017\/wp-json\/wp\/v2\/users\/1"}],"replies":[{"embeddable":true,"href":"http:\/\/www.isko-france.asso.fr\/colloque2017\/wp-json\/wp\/v2\/comments?post=22"}],"version-history":[{"count":14,"href":"http:\/\/www.isko-france.asso.fr\/colloque2017\/wp-json\/wp\/v2\/pages\/22\/revisions"}],"predecessor-version":[{"id":277,"href":"http:\/\/www.isko-france.asso.fr\/colloque2017\/wp-json\/wp\/v2\/pages\/22\/revisions\/277"}],"wp:attachment":[{"href":"http:\/\/www.isko-france.asso.fr\/colloque2017\/wp-json\/wp\/v2\/media?parent=22"}],"curies":[{"name":"wp","href":"https:\/\/api.w.org\/{rel}","templated":true}]}}