{"id":227,"date":"2017-05-02T15:01:54","date_gmt":"2017-05-02T13:01:54","guid":{"rendered":"http:\/\/www.isko-france.asso.fr\/colloque2017\/?page_id=227"},"modified":"2017-05-29T15:57:32","modified_gmt":"2017-05-29T13:57:32","slug":"michele-hudon","status":"publish","type":"page","link":"http:\/\/www.isko-france.asso.fr\/colloque2017\/fr\/michele-hudon\/","title":{"rendered":"Mich\u00e8le Hudon"},"content":{"rendered":"<p style=\"text-align: justify;\"><strong><img loading=\"lazy\" class=\"alignnone size-medium wp-image-228\" src=\"http:\/\/www.isko-france.asso.fr\/colloque2017\/wp-content\/uploads\/2017\/05\/hudon-michele_301x188-300x187.png\" alt=\"hudon michele\" width=\"300\" height=\"187\" srcset=\"http:\/\/www.isko-france.asso.fr\/colloque2017\/wp-content\/uploads\/2017\/05\/hudon-michele_301x188-300x187.png 300w, http:\/\/www.isko-france.asso.fr\/colloque2017\/wp-content\/uploads\/2017\/05\/hudon-michele_301x188.png 301w\" sizes=\"(max-width: 300px) 100vw, 300px\" \/><br \/>\n<\/strong><\/p>\n<p style=\"text-align: justify;\">Professeure agr\u00e9g\u00e9e, EBSI, Universit\u00e9 de Montr\u00e9al<\/p>\n<p style=\"text-align: justify;\"><strong>DU BON USAGE DES FACETTES\u00a0: UN LINGUISTE REVISITE LA TH\u00c9ORIE DE RANGANATHAN<\/strong><\/p>\n<p style=\"text-align: justify;\"><strong>R\u00e9sum\u00e9\u00a0:<\/strong><\/p>\n<p style=\"text-align: justify;\">En 1999, Jacques Maniez publiait \u00ab\u00a0Des classifications au th\u00e9saurus\u00a0: du bon usage des facettes\u00a0\u00bb, un court texte qui reste \u00e9minemment pertinent pr\u00e8s de 20 ans plus tard. En s\u2019appuyant sur la th\u00e9orie linguistique, Maniez y d\u00e9crit ce qu\u2019il consid\u00e8re comme une faiblesse de l\u2019approche par facettes, soit la description ambig\u00fce de la nature et de la fonction des facettes qu\u2019en fait Ranganathan lui-m\u00eame. La fusion\/confusion de la s\u00e9mantique et de la syntaxe dans la proposition originelle persiste; on l\u2019observe encore dans la vari\u00e9t\u00e9 des d\u00e9finitions et des utilisations de facettes dans les syst\u00e8mes d\u2019information contemporains. Pour d\u00e9montrer l\u2019importance de la contribution de Jacques Maniez, nous exposerons l\u2019essentiel de sa r\u00e9flexion, avant de pr\u00e9senter quelques conceptualisations des facettes, parmi celles que l\u2019on rencontre le plus souvent aujourd\u2019hui dans notre domaine.<\/p>\n<p style=\"text-align: justify;\"><strong>Biographie<\/strong><\/p>\n<p style=\"text-align: justify;\">Mich\u00e8le Hudon a \u00e9t\u00e9 professeure \u00e0 l\u2019\u00c9cole de biblioth\u00e9conomie et des sciences de l\u2019information (EBSI) de l\u2019Universit\u00e9 de Montr\u00e9al de 1994 \u00e0 2016. Elle d\u00e9tient une ma\u00eetrise en biblioth\u00e9conomie de l\u2019Universit\u00e9 de Montr\u00e9al et un Ph.D. (Information Studies) de l\u2019Universit\u00e9 de Toronto. Ses domaines d\u2019enseignement et de recherche sont\u00a0: l\u2019organisation des connaissances, de l\u2019information et des documents. Elle est l\u2019auteure de\u00a0: <em>Guide pratique pour l\u2019\u00e9laboration d\u2019un th\u00e9saurus documentaire<\/em> (ASTED 2009), de\u00a0: <em>Analyse et repr\u00e9sentation documentaires\u00a0: introduction \u00e0 l\u2019indexation, \u00e0 la classification et \u00e0 la condensation des documents<\/em> (PUQ 2013), ainsi que de nombreux articles et communications sur l\u2019indexation (th\u00e9orie et pratique), l\u2019\u00e9laboration de th\u00e9saurus, l\u2019organisation des ressources de la biblioth\u00e8que virtuelle et l\u2019enseignement de la classification documentaire. Elle est pr\u00e9sentement active au sein d\u2019une \u00e9quipe de recherche interdisciplinaire travaillant sur la conception d\u2019un mod\u00e8le \u00e0 facettes pour la repr\u00e9sentation et la recherche d\u2019information juridique.<\/p>\n","protected":false},"excerpt":{"rendered":"<p>Professeure agr\u00e9g\u00e9e, EBSI, Universit\u00e9 de Montr\u00e9al DU BON USAGE DES FACETTES\u00a0: UN LINGUISTE REVISITE LA TH\u00c9ORIE DE RANGANATHAN R\u00e9sum\u00e9\u00a0: En 1999, Jacques Maniez publiait \u00ab\u00a0Des classifications au th\u00e9saurus\u00a0: du bon usage des facettes\u00a0\u00bb, un court texte qui reste \u00e9minemment pertinent pr\u00e8s de 20 ans plus tard. En s\u2019appuyant sur la th\u00e9orie linguistique, Maniez y d\u00e9crit &hellip; <a href=\"http:\/\/www.isko-france.asso.fr\/colloque2017\/fr\/michele-hudon\/\" class=\"more-link\">Continuer la lecture de <span class=\"screen-reader-text\">Mich\u00e8le Hudon<\/span><\/a><\/p>\n","protected":false},"author":1,"featured_media":0,"parent":0,"menu_order":0,"comment_status":"closed","ping_status":"closed","template":"","meta":{"ngg_post_thumbnail":0},"_links":{"self":[{"href":"http:\/\/www.isko-france.asso.fr\/colloque2017\/wp-json\/wp\/v2\/pages\/227"}],"collection":[{"href":"http:\/\/www.isko-france.asso.fr\/colloque2017\/wp-json\/wp\/v2\/pages"}],"about":[{"href":"http:\/\/www.isko-france.asso.fr\/colloque2017\/wp-json\/wp\/v2\/types\/page"}],"author":[{"embeddable":true,"href":"http:\/\/www.isko-france.asso.fr\/colloque2017\/wp-json\/wp\/v2\/users\/1"}],"replies":[{"embeddable":true,"href":"http:\/\/www.isko-france.asso.fr\/colloque2017\/wp-json\/wp\/v2\/comments?post=227"}],"version-history":[{"count":6,"href":"http:\/\/www.isko-france.asso.fr\/colloque2017\/wp-json\/wp\/v2\/pages\/227\/revisions"}],"predecessor-version":[{"id":420,"href":"http:\/\/www.isko-france.asso.fr\/colloque2017\/wp-json\/wp\/v2\/pages\/227\/revisions\/420"}],"wp:attachment":[{"href":"http:\/\/www.isko-france.asso.fr\/colloque2017\/wp-json\/wp\/v2\/media?parent=227"}],"curies":[{"name":"wp","href":"https:\/\/api.w.org\/{rel}","templated":true}]}}