{"id":23,"date":"2017-02-04T21:33:59","date_gmt":"2017-02-04T20:33:59","guid":{"rendered":"http:\/\/www.isko-france.asso.fr\/colloque2017\/?page_id=23"},"modified":"2017-10-03T14:22:15","modified_gmt":"2017-10-03T12:22:15","slug":"intervenants","status":"publish","type":"page","link":"http:\/\/www.isko-france.asso.fr\/colloque2017\/fr\/intervenants\/","title":{"rendered":"Conf\u00e9rences invit\u00e9es"},"content":{"rendered":"<ul>\n<li style=\"text-align: justify;\"><strong>Michael Buckland<\/strong>, Emeritus Professor, School of Library and Information Studies University of California, Berkeley (USA)<\/li>\n<\/ul>\n<pre><strong>REFLECTIONS ON SUZANNE BRIET<\/strong>\r\n\r\n[<a href=\"http:\/\/www.isko-france.asso.fr\/colloque2017\/en\/michael-buckland\/\">R\u00e9sum\u00e9<\/a>] [<a href=\"http:\/\/www.isko-france.asso.fr\/colloque2017\/wp-content\/uploads\/2017\/09\/MBuckland.pdf\">Pr\u00e9sentation<\/a>]<\/pre>\n<ul>\n<li style=\"text-align: justify;\"><strong>Viviane Couzinet<\/strong>, University of Toulouse 3 (France)<\/li>\n<\/ul>\n<pre><strong>CONSTRUCTION DES SCIENCES DE L\u2019INFORMATION ET DE LA COMMUNICATION FRAN\u00c7AISES\u00a0: R\u00d4LE DE JEAN MEYRIAT<\/strong>\r\n\r\n[<a href=\"http:\/\/www.isko-france.asso.fr\/colloque2017\/fr\/viviane-couzinet\/\">R\u00e9sum\u00e9<\/a>] [<a href=\"http:\/\/www.isko-france.asso.fr\/colloque2017\/wp-content\/uploads\/2017\/09\/VCouzinet.pdf\">Pr\u00e9sentation<\/a>]<\/pre>\n<ul>\n<li style=\"text-align: justify;\"><strong>Sylvie Fayet-Scribe<\/strong>, University Paris 1 Panth\u00e9on-Sorbonne (France)<\/li>\n<\/ul>\n<pre><strong>SUZANNE BRIET, H\u00c9RITI\u00c8RE D\u2019UNE G\u00c9N\u00c9ALOGIE DE PIONNIERS FRANCOPHONES. DE LA TABLE DES MATI\u00c8RES \u00c0 L\u2019\u00c2GE DE L\u2019INDEXATION<\/strong>\r\n\r\n[<a href=\"http:\/\/www.isko-france.asso.fr\/colloque2017\/fr\/sylvie-fayet-scribe\/\">R\u00e9sum\u00e9<\/a>] [<a href=\"http:\/\/www.isko-france.asso.fr\/colloque2017\/wp-content\/uploads\/2017\/09\/SFayet-Scribe.pdf\">Pr\u00e9sentation<\/a>]<\/pre>\n<ul>\n<li style=\"text-align: justify;\"><strong>Jos\u00e9 Augusto Guimar\u00e3es<\/strong>, S\u00e3o Paulo State University (Brazil)<\/li>\n<\/ul>\n<pre><strong>JEAN-CLAUDE GARDIN AND THE SEARCH FOR INTERDISCIPLINARY METHODOLOGIES AND RELIABLE TOOLS FOR THE KNOWLEDGE ORGANIZATION PRACTICES: \u201cANALYSE DOCUMENTAIRE\u201d AND \u201cLANGUAGE DOCUMENTAIRE\u201d<\/strong>\r\n\r\n[<a href=\"http:\/\/www.isko-france.asso.fr\/colloque2017\/en\/jose-augusto-chaves-guimaraes\/\">R\u00e9sum\u00e9<\/a>] [<a href=\"http:\/\/www.isko-france.asso.fr\/colloque2017\/wp-content\/uploads\/2017\/09\/JGuimaraes.pdf\">Pr\u00e9sentation<\/a>]<\/pre>\n<ul>\n<li style=\"text-align: justify;\"><strong>Birger Hj\u00f8rland<\/strong>, Royal School of Library and Information Science (Denmark)<\/li>\n<\/ul>\n<pre><strong>EPISTEMOLOGY OF CLASSIFICATION WITH EMPHASIS ON EMILE DURKHEIM AND MARCEL MAUSS<\/strong>\r\n\r\n[<a href=\"http:\/\/www.isko-france.asso.fr\/colloque2017\/en\/birger-hjorland\/\">R\u00e9sum\u00e9<\/a>] [<a href=\"http:\/\/www.isko-france.asso.fr\/colloque2017\/wp-content\/uploads\/2017\/09\/BHjorland.pdf\">Pr\u00e9sentation<\/a>]<\/pre>\n<ul>\n<li style=\"text-align: justify;\"><strong>Mich\u00e8le Hudon<\/strong>, EBSI, University of Montr\u00e9al (Canada)<\/li>\n<\/ul>\n<pre><strong>DU BON USAGE DES FACETTES\u00a0: UN LINGUISTE REVISITE LA TH\u00c9ORIE DE RANGANATHAN<\/strong>\r\n\r\n[<a href=\"http:\/\/www.isko-france.asso.fr\/colloque2017\/fr\/michele-hudon\/\">R\u00e9sum\u00e9<\/a>] [<a href=\"http:\/\/www.isko-france.asso.fr\/colloque2017\/wp-content\/uploads\/2017\/10\/MHudon.pdf\">Pr\u00e9sentation<\/a>]<\/pre>\n<ul>\n<li style=\"text-align: justify;\"><strong>Fabrice Papy<\/strong>, University of Lorraine (France)<\/li>\n<\/ul>\n<pre><strong>MUNDANEUM NUM\u00c9RIQUE ET INTERNET AUGMENT\u00c9 : VISIONS ET INTUITIONS DE PAUL OTLET<\/strong>\r\n\r\n[<a href=\"http:\/\/www.isko-france.asso.fr\/colloque2017\/fr\/fabrice-papy\/\">R\u00e9sum\u00e9<\/a>] [<a href=\"http:\/\/www.isko-france.asso.fr\/colloque2017\/wp-content\/uploads\/2017\/10\/FPapy.pdf\">Pr\u00e9sentation<\/a>]<\/pre>\n<ul>\n<li style=\"text-align: justify;\"><strong>Barbara Sosinska-Kalata<\/strong>, Department of Journalism, Information and Book Studies, University of Warsaw (Poland)<\/li>\n<\/ul>\n<pre><strong>THE IMPACT OF THE WORKS OF PAUL OTLET AND SUZANNE BRIET ON THE DEVELOPMENT OF THE EPISTEMOLOGY OF DOCUMENTATION AND INFORMATION SCIENCES IN POLAND<\/strong>\r\n\r\n[<a href=\"http:\/\/www.isko-france.asso.fr\/colloque2017\/en\/barbara-sosinska-kalata\/\">R\u00e9sum\u00e9<\/a>] [<a href=\"http:\/\/www.isko-france.asso.fr\/colloque2017\/wp-content\/uploads\/2017\/09\/BSosinska.pdf\">Pr\u00e9sentation<\/a>]<\/pre>\n","protected":false},"excerpt":{"rendered":"<p>Michael Buckland, Emeritus Professor, School of Library and Information Studies University of California, Berkeley (USA) REFLECTIONS ON SUZANNE BRIET [R\u00e9sum\u00e9] [Pr\u00e9sentation] Viviane Couzinet, University of Toulouse 3 (France) CONSTRUCTION DES SCIENCES DE L\u2019INFORMATION ET DE LA COMMUNICATION FRAN\u00c7AISES\u00a0: R\u00d4LE DE JEAN MEYRIAT [R\u00e9sum\u00e9] [Pr\u00e9sentation] Sylvie Fayet-Scribe, University Paris 1 Panth\u00e9on-Sorbonne (France) SUZANNE BRIET, H\u00c9RITI\u00c8RE D\u2019UNE &hellip; <a href=\"http:\/\/www.isko-france.asso.fr\/colloque2017\/fr\/intervenants\/\" class=\"more-link\">Continuer la lecture de <span class=\"screen-reader-text\">Conf\u00e9rences invit\u00e9es<\/span><\/a><\/p>\n","protected":false},"author":1,"featured_media":0,"parent":0,"menu_order":0,"comment_status":"closed","ping_status":"closed","template":"","meta":{"ngg_post_thumbnail":0},"_links":{"self":[{"href":"http:\/\/www.isko-france.asso.fr\/colloque2017\/wp-json\/wp\/v2\/pages\/23"}],"collection":[{"href":"http:\/\/www.isko-france.asso.fr\/colloque2017\/wp-json\/wp\/v2\/pages"}],"about":[{"href":"http:\/\/www.isko-france.asso.fr\/colloque2017\/wp-json\/wp\/v2\/types\/page"}],"author":[{"embeddable":true,"href":"http:\/\/www.isko-france.asso.fr\/colloque2017\/wp-json\/wp\/v2\/users\/1"}],"replies":[{"embeddable":true,"href":"http:\/\/www.isko-france.asso.fr\/colloque2017\/wp-json\/wp\/v2\/comments?post=23"}],"version-history":[{"count":19,"href":"http:\/\/www.isko-france.asso.fr\/colloque2017\/wp-json\/wp\/v2\/pages\/23\/revisions"}],"predecessor-version":[{"id":589,"href":"http:\/\/www.isko-france.asso.fr\/colloque2017\/wp-json\/wp\/v2\/pages\/23\/revisions\/589"}],"wp:attachment":[{"href":"http:\/\/www.isko-france.asso.fr\/colloque2017\/wp-json\/wp\/v2\/media?parent=23"}],"curies":[{"name":"wp","href":"https:\/\/api.w.org\/{rel}","templated":true}]}}