{"id":339,"date":"2017-05-08T16:52:43","date_gmt":"2017-05-08T14:52:43","guid":{"rendered":"http:\/\/www.isko-france.asso.fr\/colloque2017\/?page_id=339"},"modified":"2017-05-29T15:56:05","modified_gmt":"2017-05-29T13:56:05","slug":"fabrice-papy","status":"publish","type":"page","link":"http:\/\/www.isko-france.asso.fr\/colloque2017\/fr\/fabrice-papy\/","title":{"rendered":"Fabrice Papy"},"content":{"rendered":"<p style=\"text-align: justify;\"><img loading=\"lazy\" class=\"alignnone size-full wp-image-336\" src=\"http:\/\/www.isko-france.asso.fr\/colloque2017\/wp-content\/uploads\/2017\/05\/fabrice-papy.jpg\" alt=\"\" width=\"200\" height=\"167\" \/><\/p>\n<h5 style=\"text-align: justify;\"><strong>Mundaneum num\u00e9rique et internet augment\u00e9 : visions et intuitions de Paul Otlet<\/strong><\/h5>\n<p style=\"text-align: justify;\">R\u00e9sum\u00e9 :<\/p>\n<p style=\"text-align: justify;\">Internet, dont les incessantes mutations technologiques fa\u00e7onnent nos soci\u00e9t\u00e9s depuis une vingtaine d&rsquo;ann\u00e9es, conserve en filigrane, malgr\u00e9 ce temps num\u00e9rique acc\u00e9l\u00e9r\u00e9 des ordinateurs et des r\u00e9seaux de t\u00e9l\u00e9communications, la trace des grands contributeurs que sont Vannevar Bush (Memex), Douglas Engelbart (Augment) et plus r\u00e9cemment Ted Nelson (Xanadu) et Tim Berners-Lee (Web). Ceux-ci ont durablement marqu\u00e9, par leurs propositions philosophiques ou techniques, ce monde de l&rsquo;information largement interconnect\u00e9 o\u00f9 les pr\u00e9occupations de production, de diffusion, de conservation et de partage des savoirs demeurent toujours tr\u00e8s actuelles. Les travaux de Paul Otlet l\u00e9g\u00e8rement ant\u00e9rieurs \u00e0 ceux-ci, semblent pourtant avoir influenc\u00e9 ces plus r\u00e9cents visionnaires. Si les intuitions de Paul Otlet trouvent \u00e0 l&rsquo;\u00e9vidence leur place dans les avatars du document num\u00e9rique qui conf\u00e8rent au livre une infinit\u00e9 de formes, elles introduisent, en contrepoint, des doutes quant aux capacit\u00e9s des seuls savants\/sachants, dans une tradition encyclop\u00e9diste, \u00e0 organiser ces savoirs diversement trait\u00e9s et rendus visibles gr\u00e2ce \u00e0 la volubilit\u00e9 num\u00e9rique. C&rsquo;est dans le prolongement des intuitions de Paul Otlet que nous organiserons notre expos\u00e9 o\u00f9 nous chercherons \u00e0 r\u00e9inscrire l&rsquo;importance de la participation collective, \u00e0 l&rsquo;image de celle qui anime les humanit\u00e9s num\u00e9riques, sans pour autant n\u00e9gliger les participations profanes que les m\u00e9canismes sociotechniques d\u00e9sormais int\u00e9gr\u00e9s depuis le Web 2.0 aux dispositifs informationnels, contribuent \u00e0 encourager.<\/p>\n<p style=\"text-align: justify;\"><strong>Biographie<\/strong><\/p>\n<p style=\"text-align: justify;\">Fabrice Papy est professeur des Universit\u00e9s de Sciences de l&rsquo;Information et de la Communication \u00e0 l&rsquo;Universit\u00e9 de Lorraine. Initiateur du groupe de recherche pluridisciplinaire \u00ab\u00a0Document num\u00e9rique &amp; Usages\u00a0\u00bb, il est rattach\u00e9 \u00e0 l&rsquo;Institut de Recherche en\u00a0 Sciences de l&rsquo;Information et de la Communication (IRSIC, EA 4262). Au sein de cette unit\u00e9 de recherches, ses travaux de recherches portent d&rsquo;une part sur les probl\u00e9matiques d&rsquo;organisation des connaissances et d&rsquo;usages dans les environnements distribu\u00e9s des biblioth\u00e8ques num\u00e9riques et d&rsquo;autre part sur le r\u00f4le de la m\u00e9diation technologique dans la construction et l&rsquo;\u00e9volution sociotechnique de la Soci\u00e9t\u00e9 de l&rsquo;Information. Il assure les fonctions de r\u00e9dacteur en chef des revues \u00ab\u00a0Les Cahiers du Num\u00e9rique\u00a0\u00bb (Lavoisier SAS) et\u00a0 \u00ab\u00a0Information, Organisation, Connaissances\u00a0\u00bb (Openscience.fr). Ses r\u00e9cents ouvrages : \u00ab\u00a0Biblioth\u00e8ques num\u00e9riques &amp; innovations\u00a0\u00bb (ISTE 2017), \u00ab\u00a0Digital Libraries. Interoperability and users\u00a0\u00bb (Elsevier 2016), \u00ab\u00a0Les techologies du Web au d\u00e9fi de l&rsquo;entreprise\u00a0\u00bb (Lavoisier 2014), \u00ab\u00a0Recherches ouvertes sur le num\u00e9rique\u00a0\u00bb (Hermes-Lavoisier 2013).<\/p>\n","protected":false},"excerpt":{"rendered":"<p>Mundaneum num\u00e9rique et internet augment\u00e9 : visions et intuitions de Paul Otlet R\u00e9sum\u00e9 : Internet, dont les incessantes mutations technologiques fa\u00e7onnent nos soci\u00e9t\u00e9s depuis une vingtaine d&rsquo;ann\u00e9es, conserve en filigrane, malgr\u00e9 ce temps num\u00e9rique acc\u00e9l\u00e9r\u00e9 des ordinateurs et des r\u00e9seaux de t\u00e9l\u00e9communications, la trace des grands contributeurs que sont Vannevar Bush (Memex), Douglas Engelbart (Augment) &hellip; <a href=\"http:\/\/www.isko-france.asso.fr\/colloque2017\/fr\/fabrice-papy\/\" class=\"more-link\">Continuer la lecture de <span class=\"screen-reader-text\">Fabrice Papy<\/span><\/a><\/p>\n","protected":false},"author":1,"featured_media":0,"parent":0,"menu_order":0,"comment_status":"closed","ping_status":"closed","template":"","meta":{"ngg_post_thumbnail":0},"_links":{"self":[{"href":"http:\/\/www.isko-france.asso.fr\/colloque2017\/wp-json\/wp\/v2\/pages\/339"}],"collection":[{"href":"http:\/\/www.isko-france.asso.fr\/colloque2017\/wp-json\/wp\/v2\/pages"}],"about":[{"href":"http:\/\/www.isko-france.asso.fr\/colloque2017\/wp-json\/wp\/v2\/types\/page"}],"author":[{"embeddable":true,"href":"http:\/\/www.isko-france.asso.fr\/colloque2017\/wp-json\/wp\/v2\/users\/1"}],"replies":[{"embeddable":true,"href":"http:\/\/www.isko-france.asso.fr\/colloque2017\/wp-json\/wp\/v2\/comments?post=339"}],"version-history":[{"count":5,"href":"http:\/\/www.isko-france.asso.fr\/colloque2017\/wp-json\/wp\/v2\/pages\/339\/revisions"}],"predecessor-version":[{"id":418,"href":"http:\/\/www.isko-france.asso.fr\/colloque2017\/wp-json\/wp\/v2\/pages\/339\/revisions\/418"}],"wp:attachment":[{"href":"http:\/\/www.isko-france.asso.fr\/colloque2017\/wp-json\/wp\/v2\/media?parent=339"}],"curies":[{"name":"wp","href":"https:\/\/api.w.org\/{rel}","templated":true}]}}