{"id":354,"date":"2017-05-09T00:18:23","date_gmt":"2017-05-08T22:18:23","guid":{"rendered":"http:\/\/www.isko-france.asso.fr\/colloque2017\/?page_id=354"},"modified":"2017-05-31T12:18:14","modified_gmt":"2017-05-31T10:18:14","slug":"sylvie-fayet-scribe","status":"publish","type":"page","link":"http:\/\/www.isko-france.asso.fr\/colloque2017\/fr\/sylvie-fayet-scribe\/","title":{"rendered":"Sylvie Fayet-Scribe"},"content":{"rendered":"<p style=\"text-align: justify;\"><img loading=\"lazy\" class=\"alignnone wp-image-355\" src=\"http:\/\/www.isko-france.asso.fr\/colloque2017\/wp-content\/uploads\/2017\/05\/Sylvie.png\" alt=\"\" width=\"177\" height=\"194\" \/><\/p>\n<p style=\"text-align: justify;\">Universit\u00e9 Paris 1 Panth\u00e9on-Sorbonne (France)<\/p>\n<h5 style=\"text-align: justify;\"><strong>Suzanne Briet, h\u00e9riti\u00e8re d\u2019une g\u00e9n\u00e9alogie de pionniers francophones. De la table des mati\u00e8res \u00e0 l\u2019\u00e2ge de l\u2019indexation<\/strong><\/h5>\n<p style=\"text-align: justify;\"><strong>R\u00e9sum\u00e9<\/strong><\/p>\n<p style=\"text-align: justify;\">Pourquoi situer Suzanne Briet dans l\u2019aventure de la longue dur\u00e9e de l\u2019acc\u00e8s \u00e0 l\u2019information au sein d\u2019une g\u00e9n\u00e9alogie de pionniers francophones\u00a0? Puis ensuite dans la courte dur\u00e9e \u00e0 travers sa biographie\u00a0?<\/p>\n<p style=\"text-align: justify;\">Mon parcours s\u2019inscrit dans la perspective d\u2019un travail sur un temps long afin d\u2019\u00e9tablir la chronologie des apparitions successives des outils de m\u00e9diation des savoirs du Moyen-\u00c2ge au XXe si\u00e8cle. Il s\u2019agit ainsi de comprendre l\u2019histoire des techniques intellectuelles de rep\u00e9rage li\u00e9es \u00e0 l\u2019organisation des connaissances et aux changements d\u2019attitude cognitive (de la d\u00e9duction \u00e0 l\u2019abduction). Cette repr\u00e9sentation permet de voir de quels outils et techniques intellectuelles Suzanne Briet est l\u2019h\u00e9riti\u00e8re.<\/p>\n<p style=\"text-align: justify;\">Le deuxi\u00e8me aspect qui appartient au temps court montre Suzanne Briet dans son appartenance et son action au sein de la r\u00e9volution silencieuse du r\u00f4le des documents au d\u00e9but du XXe si\u00e8cle. Les documents sont en rupture avec l\u2019ordre des livres et sont revendiqu\u00e9s pour de nouveaux usages. Ils sont au service de la preuve judiciaire (affaire Dreyfus), de la preuve scientifique (affaire Loisy), et utilis\u00e9s pour la prise de d\u00e9cision dans les domaines administratif, financier, \u00e9conomique et industriel.<\/p>\n<p style=\"text-align: justify;\">L\u2019influence de Paul Otlet sur Suzanne Briet est certes marquante mais on peut aussi retenir celle de Pierre Duhem et d\u2019Henri Fayol qui insistent sur les r\u00f4le multiples et fondamentaux du document en France.<\/p>\n<p style=\"text-align: justify;\">Suzanne Briet, dans sa d\u00e9marche professionnelle et r\u00e9flexive int\u00e8gre les savoir-faire traditionnels autour du livre mais fait aussi basculer le document dans une nouvelle dimension s\u00e9mantique et s\u00e9miologique. Elle l\u2019aide \u00e0 passer d\u2019un statut d\u2019auxiliaire \u00e0 celui d\u2019un agent dynamique du capital immat\u00e9riel dans la soci\u00e9t\u00e9 (cf. les travaux de Michael Buckland).<\/p>\n<p style=\"text-align: justify;\">Une derni\u00e8re \u00e9tape est d\u2019examiner la vie plus personnelle de Suzanne Briet , femme \u00e0 la fois discr\u00e8te, voire secr\u00e8te\u00a0: elle d\u00e9pose ses archives mais instaure un long d\u00e9lai avant l\u2019autorisation de les consulter. Une femme militante, f\u00e9ministe et catholique pratiquante, dont on peut se demander si un des objectifs tacites n\u2019\u00e9tait pas de montrer comment le document \u00ab\u00a0permet de combler l\u2019ab\u00eeme entre le commandement et le savoir\u00a0\u00bb (S. Briet, Enqu\u00eate sur la formation professionnelle des biblioth\u00e9caires et des documentalistes, rapport UNESCO, 1950, p. 145.).<\/p>\n<p style=\"text-align: justify;\"><strong>Biographie<\/strong><\/p>\n<p style=\"text-align: justify;\">Sylvie Fayet-Scribe est Maitresse de Conf\u00e9rences \u00e0 l\u2019Universit\u00e9 de Paris 1 Panth\u00e9on-Sorbonne en science de l\u2019information et en histoire, o\u00f9 elle est membre du Centre d\u2019histoire du XIXe si\u00e8cle (EA 3550).<\/p>\n<p style=\"text-align: justify;\">Co-directrice de la revue \u00e9lectronique Solaris dans les ann\u00e9es 1995, elle a d\u00e9velopp\u00e9e diff\u00e9rents outils pour aborder la riche g\u00e9n\u00e9alogie des acteurs et actrices de la documentation et de la\u00a0\u00a0 science de l\u2019information sur un temps long et sur un temps court.<\/p>\n<p style=\"text-align: justify;\">Ainsi, tout d\u2019abord, une chronologie\u00a0: \u00ab\u00a0chronologie des supports, des dispositifs spatiaux, des outils de rep\u00e9rage de l\u2019information\u00a0\u00bb (Solaris n\u00b04, en ligne 1997)\u00a0; puis une monographie\u00a0: \u00ab\u00a0\u00a0Histoire de la documentation en France, culture, science, technologies de l\u2019information\u00a0\u00bb (CNRS, 2000, en ligne 2016)\u00a0; et enfin , une s\u00e9rie de r\u00e9cits biographiques des grands cr\u00e9ateurs et cr\u00e9atrices d\u2019outils de rep\u00e9rage de l\u2019information dans l\u2019ouvrage \u00ab\u00a0La Table des Mati\u00e8res\u00a0\u00bb (paru en 2007 et mis en ligne en 2017) contenant entre autres les parcours biographiques de Suzanne Briet et de Paul Otlet.<\/p>\n<p style=\"text-align: justify;\">Ses recherches actuelles portent sur la vie sociale des documents en 1900 et durant l\u2019entre- deux- guerres au sein de diff\u00e9rentes branches professionnelles de la soci\u00e9t\u00e9 fran\u00e7aise. L\u2019objectif est de compl\u00e9ter ses travaux sur les \u00ab\u00a0techniques intellectuelles\u00a0\u00bb li\u00e9es \u00e0 l\u2019organisation des connaissances, c\u2019est-\u00e0-dire de chercher une m\u00e9thode historique qui \u00e0 partir des archives primaires des usagers permettrait d\u2019\u00e9clairer le maillage de l\u2019humain et de l\u2019information.<\/p>\n","protected":false},"excerpt":{"rendered":"<p>Universit\u00e9 Paris 1 Panth\u00e9on-Sorbonne (France) Suzanne Briet, h\u00e9riti\u00e8re d\u2019une g\u00e9n\u00e9alogie de pionniers francophones. De la table des mati\u00e8res \u00e0 l\u2019\u00e2ge de l\u2019indexation R\u00e9sum\u00e9 Pourquoi situer Suzanne Briet dans l\u2019aventure de la longue dur\u00e9e de l\u2019acc\u00e8s \u00e0 l\u2019information au sein d\u2019une g\u00e9n\u00e9alogie de pionniers francophones\u00a0? Puis ensuite dans la courte dur\u00e9e \u00e0 travers sa biographie\u00a0? Mon &hellip; <a href=\"http:\/\/www.isko-france.asso.fr\/colloque2017\/fr\/sylvie-fayet-scribe\/\" class=\"more-link\">Continuer la lecture de <span class=\"screen-reader-text\">Sylvie Fayet-Scribe<\/span><\/a><\/p>\n","protected":false},"author":1,"featured_media":0,"parent":0,"menu_order":0,"comment_status":"closed","ping_status":"closed","template":"","meta":{"ngg_post_thumbnail":0},"_links":{"self":[{"href":"http:\/\/www.isko-france.asso.fr\/colloque2017\/wp-json\/wp\/v2\/pages\/354"}],"collection":[{"href":"http:\/\/www.isko-france.asso.fr\/colloque2017\/wp-json\/wp\/v2\/pages"}],"about":[{"href":"http:\/\/www.isko-france.asso.fr\/colloque2017\/wp-json\/wp\/v2\/types\/page"}],"author":[{"embeddable":true,"href":"http:\/\/www.isko-france.asso.fr\/colloque2017\/wp-json\/wp\/v2\/users\/1"}],"replies":[{"embeddable":true,"href":"http:\/\/www.isko-france.asso.fr\/colloque2017\/wp-json\/wp\/v2\/comments?post=354"}],"version-history":[{"count":4,"href":"http:\/\/www.isko-france.asso.fr\/colloque2017\/wp-json\/wp\/v2\/pages\/354\/revisions"}],"predecessor-version":[{"id":429,"href":"http:\/\/www.isko-france.asso.fr\/colloque2017\/wp-json\/wp\/v2\/pages\/354\/revisions\/429"}],"wp:attachment":[{"href":"http:\/\/www.isko-france.asso.fr\/colloque2017\/wp-json\/wp\/v2\/media?parent=354"}],"curies":[{"name":"wp","href":"https:\/\/api.w.org\/{rel}","templated":true}]}}