{"id":438,"date":"2017-06-06T11:14:38","date_gmt":"2017-06-06T09:14:38","guid":{"rendered":"http:\/\/www.isko-france.asso.fr\/colloque2017\/?page_id=438"},"modified":"2017-07-06T14:59:40","modified_gmt":"2017-07-06T12:59:40","slug":"paper-20","status":"publish","type":"page","link":"http:\/\/www.isko-france.asso.fr\/colloque2017\/en\/paper-20\/","title":{"rendered":"Paper #20"},"content":{"rendered":"<h5 style=\"text-align: justify;\"><strong>The organization of knowledge based on the proposals of J.-C. Gardin<\/strong><\/h5>\n<p style=\"text-align: justify;\">Marilda Lopes Ginez de Lara, ECA\/University of S\u00e3o Paulo, CNPq<\/p>\n<p style=\"text-align: justify;\">Johanna Wilhelmina Smit, ECA\/University of S\u00e3o Paulo<\/p>\n<p style=\"text-align: justify;\">Maria de F\u00e1tima Gon\u00e7alves Moreira T\u00e1lamo, ECA\/University of S\u00e3o Paulo, CNPq<\/p>\n<p style=\"text-align: justify;\"><strong>Abstract<\/strong>\u200b\u200b<\/p>\n<p style=\"text-align: justify;\">Gardin\u2019s research that aimed to establish analogies and relations among objects\u2019 descriptive features in archeology led him to develop criteria that laid the foundations for automatic classification in the late 1950s and early 1960s, pursuing an intended goal: documentation. For Gardin, human intellectual work should be explicitly and formally based on classifications which are necessary for machines to manipulate data (calculus) and create conditions to make inferences via correlations and association of information. One of Gardin\u2019s main goals was to make this process \u201cscientific\u201d through repeatability which would also make it assessable. Apparently, the aspect of Gardin\u2019s works that resembles documentation the most is his exploration of Documentary Analysis (publications in the 1960s and 1970s). However, this is just a superficial impression. He returned later to further exploration of the representation of reasoning, publishing the works that nowadays can be related to the development of the semantic web and the ontologies, also important for documentation and information science. We emphasize his contributions and show how they relate to the process of synthesis (documentary analysis &#8211; DA) and its respective tool (metalanguage \u2013 ML) to end withsome conclusions about his projects of logicist schematization. Finally, we briefly discuss his proposal of reorganizing scientific publications.<\/p>\n<h5 style=\"text-align: justify;\">L\u2019organisation des connaissances selon J.-C. Gardin<\/h5>\n<p style=\"text-align: justify;\"><strong>R\u00e9sum\u00e9 <\/strong><\/p>\n<p style=\"text-align: justify;\">La recherche de Gardin pour \u00e9tablir des analogies et des relations entre traits descriptifs d\u2019objets arch\u00e9ologiques l\u2019amena \u00e0 d\u00e9velopper &#8211; \u00e0 la fin des ann\u00e9es 50 et d\u00e9but des ann\u00e9es 60 \u2013 des crit\u00e8res qui sont \u00e0 la base de la classification automatique dans le cadre de la documentation. Pour Gardin, le travail intellectuel devrait \u00eatre fond\u00e9 sur des processus de classification explicites et formels, pour que la machine puisse manipuler les donn\u00e9es (le calcul) et cr\u00e9er des conditions pour \u00e9tablir des corr\u00e9lations et des associations d\u2019information. Un de ses buts principaux \u00e9tait d\u2019orienter le processus de calcul scientifiquement et donc de pouvoir le r\u00e9p\u00e9ter et l\u2019\u00e9valuer. Apparemment, l\u2019aspect du travail de Gardin qui se trouve le plus proche de la documentation r\u00e9side dans ses \u00e9crits sur l\u2019Analyse Documentaire, produits entre les ann\u00e9es 60 et 70. Cependant, cette impression est superficielle, si l\u2019on pense que plus tard Gardin est revenu sur la repr\u00e9sentation des raisonnements avec des propositions que l\u2019on peut aujourd\u2019hui relier aux d\u00e9veloppements du Web s\u00e9mantique et des ontologies, si importants pour la documentation et les sciences de l\u2019information. Nous soulignons ces contributions et comment elles rejoignent le processus de synth\u00e8se (analyse documentaire) et son outil (le m\u00e9talangage), pour arriver \u00e0 quelques conclusions sur ses projets de sch\u00e9matisation logiciste et les propositions de remodelage des publications scientifiques.<\/p>\n","protected":false},"excerpt":{"rendered":"<p>The organization of knowledge based on the proposals of J.-C. Gardin Marilda Lopes Ginez de Lara, ECA\/University of S\u00e3o Paulo, CNPq Johanna Wilhelmina Smit, ECA\/University of S\u00e3o Paulo Maria de F\u00e1tima Gon\u00e7alves Moreira T\u00e1lamo, ECA\/University of S\u00e3o Paulo, CNPq Abstract\u200b\u200b Gardin\u2019s research that aimed to establish analogies and relations among objects\u2019 descriptive features in archeology &hellip; <a href=\"http:\/\/www.isko-france.asso.fr\/colloque2017\/en\/paper-20\/\" class=\"more-link\">Continuer la lecture de <span class=\"screen-reader-text\">Paper #20<\/span><\/a><\/p>\n","protected":false},"author":1,"featured_media":0,"parent":0,"menu_order":0,"comment_status":"closed","ping_status":"closed","template":"","meta":{"ngg_post_thumbnail":0},"_links":{"self":[{"href":"http:\/\/www.isko-france.asso.fr\/colloque2017\/wp-json\/wp\/v2\/pages\/438"}],"collection":[{"href":"http:\/\/www.isko-france.asso.fr\/colloque2017\/wp-json\/wp\/v2\/pages"}],"about":[{"href":"http:\/\/www.isko-france.asso.fr\/colloque2017\/wp-json\/wp\/v2\/types\/page"}],"author":[{"embeddable":true,"href":"http:\/\/www.isko-france.asso.fr\/colloque2017\/wp-json\/wp\/v2\/users\/1"}],"replies":[{"embeddable":true,"href":"http:\/\/www.isko-france.asso.fr\/colloque2017\/wp-json\/wp\/v2\/comments?post=438"}],"version-history":[{"count":4,"href":"http:\/\/www.isko-france.asso.fr\/colloque2017\/wp-json\/wp\/v2\/pages\/438\/revisions"}],"predecessor-version":[{"id":565,"href":"http:\/\/www.isko-france.asso.fr\/colloque2017\/wp-json\/wp\/v2\/pages\/438\/revisions\/565"}],"wp:attachment":[{"href":"http:\/\/www.isko-france.asso.fr\/colloque2017\/wp-json\/wp\/v2\/media?parent=438"}],"curies":[{"name":"wp","href":"https:\/\/api.w.org\/{rel}","templated":true}]}}