{"id":468,"date":"2017-06-07T12:24:05","date_gmt":"2017-06-07T10:24:05","guid":{"rendered":"http:\/\/www.isko-france.asso.fr\/colloque2017\/?page_id=468"},"modified":"2017-06-27T14:24:19","modified_gmt":"2017-06-27T12:24:19","slug":"paper-27","status":"publish","type":"page","link":"http:\/\/www.isko-france.asso.fr\/colloque2017\/en\/paper-27\/","title":{"rendered":"Paper #27"},"content":{"rendered":"<h5 style=\"text-align: justify;\"><span data-sheets-value=\"{&quot;1&quot;:2,&quot;2&quot;:&quot;Of pioneers and heritage: on the francophone influence in Brazilian Knowledge Organization&quot;}\" data-sheets-userformat=\"{&quot;2&quot;:12672,&quot;10&quot;:1,&quot;11&quot;:4,&quot;15&quot;:&quot;arial,sans,sans-serif&quot;,&quot;16&quot;:10}\">Of pioneers and heritage: on the francophone influence in Brazilian Knowledge Organization<\/span><\/h5>\n<p style=\"text-align: justify;\">Amanda P. Moura (amanda.pacini.moura@gmail.com), Centro Universit\u00e1rio Assun\u00e7\u00e3o, Brazil<\/p>\n<p style=\"text-align: justify;\">Luciana Corts Mendes (luciana.corts.mendes@usp.br), Universidade de S\u00e3o Paulo, Brazil<\/p>\n<p style=\"text-align: justify;\">Marilda Lopes Ginez De Lara (larama@usp.br), Universidade de S\u00e3o Paulo, Brazil<\/p>\n<p style=\"text-align: justify;\">Nair Yumiko Kobashi (nykobash@usp.br), Universidade de S\u00e3o Paulo, Brazil<\/p>\n<p style=\"text-align: justify;\"><strong>Abstract<\/strong><\/p>\n<p style=\"text-align: justify;\">The paper begins from the hypothesis that understanding specific working relationships and influences is fundamental for appraising the contributions of pioneers to a field. It explores this statement by discussing how the heritage of Jean-Claude Gardin as well as Jean Meyriat and Jacques Chaumier has influenced the development of Brazilian research group TEMMA. It examines the group&rsquo;s formation in the late 1980s as a hub of collaborative research work centered on Knowledge Organization; analyzes its impact on the formation of new generations of researchers for the Brazilian field, and observes the group&rsquo;s thematic developments and emphasis on methodological rigor. The paper also outlines contemporary assessments of the group&rsquo;s impact in Brazil, and reviews TEMMA&rsquo;s developments and contributions to the theoretical proposals of the francophone pioneers. It concludes by considering the presence and the future of francophone influence in Brazil and by identifying a rich field for future investigation.<\/p>\n<p style=\"text-align: justify;\"><strong>R\u00e9sum\u00e9<\/strong><\/p>\n<p style=\"text-align: justify;\">L&rsquo;article part de l&rsquo;hypoth\u00e8se selon laquelle la compr\u00e9hension des relations de travail et des influences sp\u00e9cifiques sont fondamentales pour \u00e9valuer les contributions des pionniers dans un domaine. Cette affirmation est explor\u00e9e en suivant comment l&rsquo;h\u00e9ritage de Jean-Claude Gardin, ainsi que de Jean Meyriat et de Jacques Chaumier, a influenc\u00e9 le d\u00e9veloppement du groupe de recherche br\u00e9silien TEMMA. Il examine la formation du Groupe TEMMA \u00e0 la fin des ann\u00e9es 1980, groupe de recherche collaborative centr\u00e9e sur l&rsquo;organisation et la repr\u00e9sentation du savoir, et examine son impact sur la formation des nouvelles g\u00e9n\u00e9rations des chercheurs br\u00e9siliens. Il observe ainsi les d\u00e9veloppements th\u00e9matiques du groupe et met l&rsquo;accent sur la rigueur m\u00e9thodologique des op\u00e9rations de repr\u00e9sentation de l\u00b4information. Il d\u00e9crit les impacts du Groupe TEMMA dans le contexte br\u00e9silien et surtout les contributions aux propositions th\u00e9oriques des pionniers francophones. Il conclut en consid\u00e9rant le pr\u00e9sent et l&rsquo;avenir de l&rsquo;influence francophone au Br\u00e9sil et identifie un domaine riche pour des recherches futures.<\/p>\n","protected":false},"excerpt":{"rendered":"<p>Of pioneers and heritage: on the francophone influence in Brazilian Knowledge Organization Amanda P. Moura (amanda.pacini.moura@gmail.com), Centro Universit\u00e1rio Assun\u00e7\u00e3o, Brazil Luciana Corts Mendes (luciana.corts.mendes@usp.br), Universidade de S\u00e3o Paulo, Brazil Marilda Lopes Ginez De Lara (larama@usp.br), Universidade de S\u00e3o Paulo, Brazil Nair Yumiko Kobashi (nykobash@usp.br), Universidade de S\u00e3o Paulo, Brazil Abstract The paper begins from the &hellip; <a href=\"http:\/\/www.isko-france.asso.fr\/colloque2017\/en\/paper-27\/\" class=\"more-link\">Continuer la lecture de <span class=\"screen-reader-text\">Paper #27<\/span><\/a><\/p>\n","protected":false},"author":1,"featured_media":0,"parent":0,"menu_order":0,"comment_status":"closed","ping_status":"closed","template":"","meta":{"ngg_post_thumbnail":0},"_links":{"self":[{"href":"http:\/\/www.isko-france.asso.fr\/colloque2017\/wp-json\/wp\/v2\/pages\/468"}],"collection":[{"href":"http:\/\/www.isko-france.asso.fr\/colloque2017\/wp-json\/wp\/v2\/pages"}],"about":[{"href":"http:\/\/www.isko-france.asso.fr\/colloque2017\/wp-json\/wp\/v2\/types\/page"}],"author":[{"embeddable":true,"href":"http:\/\/www.isko-france.asso.fr\/colloque2017\/wp-json\/wp\/v2\/users\/1"}],"replies":[{"embeddable":true,"href":"http:\/\/www.isko-france.asso.fr\/colloque2017\/wp-json\/wp\/v2\/comments?post=468"}],"version-history":[{"count":2,"href":"http:\/\/www.isko-france.asso.fr\/colloque2017\/wp-json\/wp\/v2\/pages\/468\/revisions"}],"predecessor-version":[{"id":539,"href":"http:\/\/www.isko-france.asso.fr\/colloque2017\/wp-json\/wp\/v2\/pages\/468\/revisions\/539"}],"wp:attachment":[{"href":"http:\/\/www.isko-france.asso.fr\/colloque2017\/wp-json\/wp\/v2\/media?parent=468"}],"curies":[{"name":"wp","href":"https:\/\/api.w.org\/{rel}","templated":true}]}}