{"id":476,"date":"2017-06-07T13:23:37","date_gmt":"2017-06-07T11:23:37","guid":{"rendered":"http:\/\/www.isko-france.asso.fr\/colloque2017\/?page_id=476"},"modified":"2017-06-27T14:31:24","modified_gmt":"2017-06-27T12:31:24","slug":"paper-17","status":"publish","type":"page","link":"http:\/\/www.isko-france.asso.fr\/colloque2017\/en\/paper-17\/","title":{"rendered":"Paper #17"},"content":{"rendered":"<h5 style=\"text-align: justify;\"><span data-sheets-value=\"{&quot;1&quot;:2,&quot;2&quot;:&quot;Robert Estivals, entre bibliom\\u00e9trie et bibliologie, quel apport pour les SIC contemporaines dans la recomposition des savoirs&quot;}\" data-sheets-userformat=\"{&quot;2&quot;:12672,&quot;10&quot;:1,&quot;11&quot;:4,&quot;15&quot;:&quot;arial,sans,sans-serif&quot;,&quot;16&quot;:10}\">Robert Estivals, entre bibliom\u00e9trie et bibliologie, quel apport pour les SIC contemporaines dans la recomposition des savoirs<\/span><\/h5>\n<p style=\"text-align: justify;\">Olivier Le Deuff (oledeuff@gmail.com), Universit\u00e9 Bordeaux Montaigne<\/p>\n<p style=\"text-align: justify;\">Franck Cormerais (franck.cormerais@u-bordeaux- montaigne.fr), Universit\u00e9 Bordeaux Montaigne<\/p>\n<p style=\"text-align: justify;\"><strong>R\u00e9sum\u00e9\u00a0<\/strong><\/p>\n<p style=\"text-align: justify;\">Notre article s\u2019inscrit dans le cadre d\u2019un projet de recensement et de num\u00e9risation de l\u2019\u0153uvre de Robert Estivals qui vient de d\u00e9c\u00e9der \u00e0 l\u2019\u00e9t\u00e9 2016. La perspective impuls\u00e9e par ce chercheur et professeur en sciences de l\u2019information et de la communication permet de tracer une lign\u00e9e depuis Paul Otlet jusqu\u2019\u00e0 la place des sciences de l\u2019information et de la communication dans les humanit\u00e9s digitales actuelles. Estivals prend donc appui sur Paul Otlet pour \u00e9largir les perspectives documentaires de l\u2019\u00e9tude des diff\u00e9rents types et formes d\u2019\u00e9crits. La bibliologie en tant que science de l\u2019\u00e9crit trace une perspective ambitieuse qui vise \u00e0 \u00e9tudier toutes sortes d\u2019\u00e9crits et pas seulement les \u00e9crits litt\u00e9raires ou scientifiques. Nous pr\u00e9sentons ici \u00e9galement sa conception d\u2019une sch\u00e9matisation bibliologique que nous souhaitons reprendre dans la constitution d\u2019une archive de ses travaux.<\/p>\n<p style=\"text-align: justify;\"><strong>Abstract<\/strong><\/p>\n<p style=\"text-align: justify;\">Our paper results from a project aimed to collect and digitize the work of Robert Estivals who died in the summer of 2016. The perspective driven by this researcher in Information Science and Communication allows to follow a long path from Paul Otlet\u2019s times to the place of Information Science and Communication in digital humanities. Estivals therefore bases on Paul Otlet to broaden the documentary perspectives of the study of different types and forms of writing. Bibliology as a science of writing draws an ambitious perspective that aims to study all kinds of writings and not only literary or scientific ones. In our paper, we also present Estivals\u2019 conception of a bibliological schematization that we wish to apply in the establishment of his works\u2019 archive.<\/p>\n","protected":false},"excerpt":{"rendered":"<p>Robert Estivals, entre bibliom\u00e9trie et bibliologie, quel apport pour les SIC contemporaines dans la recomposition des savoirs Olivier Le Deuff (oledeuff@gmail.com), Universit\u00e9 Bordeaux Montaigne Franck Cormerais (franck.cormerais@u-bordeaux- montaigne.fr), Universit\u00e9 Bordeaux Montaigne R\u00e9sum\u00e9\u00a0 Notre article s\u2019inscrit dans le cadre d\u2019un projet de recensement et de num\u00e9risation de l\u2019\u0153uvre de Robert Estivals qui vient de d\u00e9c\u00e9der \u00e0 &hellip; <a href=\"http:\/\/www.isko-france.asso.fr\/colloque2017\/en\/paper-17\/\" class=\"more-link\">Continuer la lecture de <span class=\"screen-reader-text\">Paper #17<\/span><\/a><\/p>\n","protected":false},"author":1,"featured_media":0,"parent":0,"menu_order":0,"comment_status":"closed","ping_status":"closed","template":"","meta":{"ngg_post_thumbnail":0},"_links":{"self":[{"href":"http:\/\/www.isko-france.asso.fr\/colloque2017\/wp-json\/wp\/v2\/pages\/476"}],"collection":[{"href":"http:\/\/www.isko-france.asso.fr\/colloque2017\/wp-json\/wp\/v2\/pages"}],"about":[{"href":"http:\/\/www.isko-france.asso.fr\/colloque2017\/wp-json\/wp\/v2\/types\/page"}],"author":[{"embeddable":true,"href":"http:\/\/www.isko-france.asso.fr\/colloque2017\/wp-json\/wp\/v2\/users\/1"}],"replies":[{"embeddable":true,"href":"http:\/\/www.isko-france.asso.fr\/colloque2017\/wp-json\/wp\/v2\/comments?post=476"}],"version-history":[{"count":3,"href":"http:\/\/www.isko-france.asso.fr\/colloque2017\/wp-json\/wp\/v2\/pages\/476\/revisions"}],"predecessor-version":[{"id":543,"href":"http:\/\/www.isko-france.asso.fr\/colloque2017\/wp-json\/wp\/v2\/pages\/476\/revisions\/543"}],"wp:attachment":[{"href":"http:\/\/www.isko-france.asso.fr\/colloque2017\/wp-json\/wp\/v2\/media?parent=476"}],"curies":[{"name":"wp","href":"https:\/\/api.w.org\/{rel}","templated":true}]}}