{"id":482,"date":"2017-06-09T10:00:30","date_gmt":"2017-06-09T08:00:30","guid":{"rendered":"http:\/\/www.isko-france.asso.fr\/colloque2017\/?page_id=482"},"modified":"2017-06-27T14:34:35","modified_gmt":"2017-06-27T12:34:35","slug":"paper-23","status":"publish","type":"page","link":"http:\/\/www.isko-france.asso.fr\/colloque2017\/en\/paper-23\/","title":{"rendered":"Paper #23"},"content":{"rendered":"<h5 style=\"text-align: justify;\">Quelle place pour le logicisme dans l\u2019organisation et la communication des connaissances ?<\/h5>\n<p style=\"text-align: justify;\">Roger Bautier (LabSIC, University Paris 13, France)<\/p>\n<p style=\"text-align: justify;\"><strong>R\u00e9sum\u00e9<\/strong><\/p>\n<p style=\"text-align: justify;\">Afin de pr\u00e9ciser la position des travaux de Jean-Claude Gardin dans l\u2019ensemble des r\u00e9f\u00e9rences utilis\u00e9es ou utilisables par les chercheurs s\u2019int\u00e9ressant \u00e0 l\u2019organisation et \u00e0 la communication des connaissances, on propose successivement deux analyses. La premi\u00e8re de ces analyses porte directement sur ses travaux. L\u2019objectif est de revenir sur un certain nombre de grands d\u00e9bats auxquels Gardin a particip\u00e9 d\u00e8s la fin des ann\u00e9es 50 et, plus particuli\u00e8rement, du d\u00e9but des ann\u00e9es 80 jusqu\u2019au d\u00e9but des ann\u00e9es 2000. Parce qu\u2019ils ont entra\u00een\u00e9 des r\u00e9actions quelquefois tr\u00e8s critiques de ses lecteurs, ces d\u00e9bats ont permis de mettre en lumi\u00e8re les sp\u00e9cificit\u00e9s de son programme logiciste. Quant \u00e0 la seconde analyse, elle porte plus sur les prolongements de ses travaux et sur les interrogations que ces prolongements sugg\u00e8rent. L\u2019objectif est alors de mettre en relation les principales caract\u00e9ristiques de cette approche logiciste avec les d\u00e9veloppements, depuis le d\u00e9but des ann\u00e9es 2000, du web s\u00e9mantique, dont beaucoup d\u2019aspects impliquent une conception du langage, de la communication et de la connaissance du monde qui, l\u00e0 encore, peut susciter la discussion.<\/p>\n<h5 style=\"text-align: justify;\"><strong>What place for logicism in the organization and communication of knowledge?<\/strong><\/h5>\n<p style=\"text-align: justify;\"><strong>Abstract<\/strong><\/p>\n<p style=\"text-align: justify;\">In this paper we propose two analyzes in order to clarify the position of Jean-Claude Gardin&rsquo;s works in all the references used or usable by researchers interested in the organization and communication of knowledge. The first analysis deals directly with his work. The aim is to revisit a number of major debates in which Gardin has participated since the late 1950s, especially from the early 1980s to the early 2000s. Since they have sometimes led to very critical reactions of readers, this debates allowed to highlight the specificities of their logicist program. The second analysis deals more with the extensions of his works and with the questions that these extensions have suggested. Thus, the objective is to link the main features of this logicist approach with the developments of Semantic Web since the early 2000s, where many aspects imply a concept of language, communication and knowledge of the world what, again, may provoke discussion.<\/p>\n","protected":false},"excerpt":{"rendered":"<p>Quelle place pour le logicisme dans l\u2019organisation et la communication des connaissances ? Roger Bautier (LabSIC, University Paris 13, France) R\u00e9sum\u00e9 Afin de pr\u00e9ciser la position des travaux de Jean-Claude Gardin dans l\u2019ensemble des r\u00e9f\u00e9rences utilis\u00e9es ou utilisables par les chercheurs s\u2019int\u00e9ressant \u00e0 l\u2019organisation et \u00e0 la communication des connaissances, on propose successivement deux analyses. &hellip; <a href=\"http:\/\/www.isko-france.asso.fr\/colloque2017\/en\/paper-23\/\" class=\"more-link\">Continuer la lecture de <span class=\"screen-reader-text\">Paper #23<\/span><\/a><\/p>\n","protected":false},"author":1,"featured_media":0,"parent":0,"menu_order":0,"comment_status":"closed","ping_status":"closed","template":"","meta":{"ngg_post_thumbnail":0},"_links":{"self":[{"href":"http:\/\/www.isko-france.asso.fr\/colloque2017\/wp-json\/wp\/v2\/pages\/482"}],"collection":[{"href":"http:\/\/www.isko-france.asso.fr\/colloque2017\/wp-json\/wp\/v2\/pages"}],"about":[{"href":"http:\/\/www.isko-france.asso.fr\/colloque2017\/wp-json\/wp\/v2\/types\/page"}],"author":[{"embeddable":true,"href":"http:\/\/www.isko-france.asso.fr\/colloque2017\/wp-json\/wp\/v2\/users\/1"}],"replies":[{"embeddable":true,"href":"http:\/\/www.isko-france.asso.fr\/colloque2017\/wp-json\/wp\/v2\/comments?post=482"}],"version-history":[{"count":5,"href":"http:\/\/www.isko-france.asso.fr\/colloque2017\/wp-json\/wp\/v2\/pages\/482\/revisions"}],"predecessor-version":[{"id":546,"href":"http:\/\/www.isko-france.asso.fr\/colloque2017\/wp-json\/wp\/v2\/pages\/482\/revisions\/546"}],"wp:attachment":[{"href":"http:\/\/www.isko-france.asso.fr\/colloque2017\/wp-json\/wp\/v2\/media?parent=482"}],"curies":[{"name":"wp","href":"https:\/\/api.w.org\/{rel}","templated":true}]}}