{"id":494,"date":"2017-06-14T19:10:15","date_gmt":"2017-06-14T17:10:15","guid":{"rendered":"http:\/\/www.isko-france.asso.fr\/colloque2017\/?page_id=494"},"modified":"2017-06-27T14:22:53","modified_gmt":"2017-06-27T12:22:53","slug":"paper-6","status":"publish","type":"page","link":"http:\/\/www.isko-france.asso.fr\/colloque2017\/en\/paper-6\/","title":{"rendered":"Paper #6"},"content":{"rendered":"<h5 style=\"text-align: justify;\">Intelligence collective, entreprise lib\u00e9r\u00e9e et organisation des connaissances : la probl\u00e9matique de la \u00ab transition \u00e9nerg\u00e9tique \u00bb chez GRDF<\/h5>\n<p style=\"text-align: justify;\">Antoine Henry (IRSIC &#8211; AMU, France)<\/p>\n<p style=\"text-align: justify;\"><strong>R\u00e9sum\u00e9<\/strong><\/p>\n<p style=\"text-align: justify;\">D\u00e9centralis\u00e9e par nature, GRDF est une organisation en pleine transformation qui est notamment impuls\u00e9e par des contraintes l\u00e9gales mais aussi techniques et industrielles. Son m\u00e9tier \u00e9volue, elle doit s\u2019adapter et produire de nouvelles connaissances. L\u2019instrument qu\u2019est l\u2019intelligence collective offre alors une r\u00e9ponse au besoin de l\u2019organisation d\u2019avoir des connaissances au plus proche du terrain et qui puissent tirer profit des sp\u00e9cificit\u00e9s des r\u00e9gions. Nous proposons alors de travailler sur approche, qui peut s\u2019inscrire dans les transformations organisationnelles de GRDF avec l\u2019introduction de l\u2019holacratie, une m\u00e9thode de management d\u00e9centralis\u00e9e et non pyramidale.<\/p>\n<p style=\"text-align: justify;\"><strong>Abstract<\/strong><\/p>\n<p style=\"text-align: justify;\">Decentralized by nature, GRDF is an organization that is being transformed because of legal constraints as well as technical and industrial ones. As its purpose evolves, GRDF needs to adapt and produce new knowledge. Collective intelligence seems to be the best tool that answers the needs of GRDF to acquire knowledge closest to the field and contextualized by local information. We work on that approach that might fit with the corporate innovation inside of the company like the introduction of a form of holacracy in order to promote a non-hierarchical and decentralized management.<\/p>\n","protected":false},"excerpt":{"rendered":"<p>Intelligence collective, entreprise lib\u00e9r\u00e9e et organisation des connaissances : la probl\u00e9matique de la \u00ab transition \u00e9nerg\u00e9tique \u00bb chez GRDF Antoine Henry (IRSIC &#8211; AMU, France) R\u00e9sum\u00e9 D\u00e9centralis\u00e9e par nature, GRDF est une organisation en pleine transformation qui est notamment impuls\u00e9e par des contraintes l\u00e9gales mais aussi techniques et industrielles. Son m\u00e9tier \u00e9volue, elle doit s\u2019adapter &hellip; <a href=\"http:\/\/www.isko-france.asso.fr\/colloque2017\/en\/paper-6\/\" class=\"more-link\">Continuer la lecture de <span class=\"screen-reader-text\">Paper #6<\/span><\/a><\/p>\n","protected":false},"author":1,"featured_media":0,"parent":0,"menu_order":0,"comment_status":"closed","ping_status":"closed","template":"","meta":{"ngg_post_thumbnail":0},"_links":{"self":[{"href":"http:\/\/www.isko-france.asso.fr\/colloque2017\/wp-json\/wp\/v2\/pages\/494"}],"collection":[{"href":"http:\/\/www.isko-france.asso.fr\/colloque2017\/wp-json\/wp\/v2\/pages"}],"about":[{"href":"http:\/\/www.isko-france.asso.fr\/colloque2017\/wp-json\/wp\/v2\/types\/page"}],"author":[{"embeddable":true,"href":"http:\/\/www.isko-france.asso.fr\/colloque2017\/wp-json\/wp\/v2\/users\/1"}],"replies":[{"embeddable":true,"href":"http:\/\/www.isko-france.asso.fr\/colloque2017\/wp-json\/wp\/v2\/comments?post=494"}],"version-history":[{"count":2,"href":"http:\/\/www.isko-france.asso.fr\/colloque2017\/wp-json\/wp\/v2\/pages\/494\/revisions"}],"predecessor-version":[{"id":538,"href":"http:\/\/www.isko-france.asso.fr\/colloque2017\/wp-json\/wp\/v2\/pages\/494\/revisions\/538"}],"wp:attachment":[{"href":"http:\/\/www.isko-france.asso.fr\/colloque2017\/wp-json\/wp\/v2\/media?parent=494"}],"curies":[{"name":"wp","href":"https:\/\/api.w.org\/{rel}","templated":true}]}}