{"id":496,"date":"2017-06-14T19:13:30","date_gmt":"2017-06-14T17:13:30","guid":{"rendered":"http:\/\/www.isko-france.asso.fr\/colloque2017\/?page_id=496"},"modified":"2017-06-14T19:13:30","modified_gmt":"2017-06-14T17:13:30","slug":"paper-45","status":"publish","type":"page","link":"http:\/\/www.isko-france.asso.fr\/colloque2017\/en\/paper-45\/","title":{"rendered":"Paper #45"},"content":{"rendered":"<h5 style=\"text-align: justify;\">Confluences entre la Cit\u00e9 Mondiale et Brasilia: \u00c9tude exploratoire sur les r\u00e9percutions de la pens\u00e9e otletienne dans l&rsquo;architecture moderne<\/h5>\n<p style=\"text-align: justify;\">DE BRITO Marcilio (Facult\u00e9 de Science de l&rsquo;Information- Universit\u00e9 de Brasilia, Br\u00e9sil)<\/p>\n<p style=\"text-align: justify;\">GUIMAR\u00c3ES Salviano (Facult\u00e9 d&rsquo;Architecture et Urbanisme &#8211; Universit\u00e9 de Brasilia, Br\u00e9sil)<\/p>\n<p style=\"text-align: justify;\">FRAISSE Amel\u00a0(GERiiCO, Universit\u00e9 de Lille 3, France)<\/p>\n<p style=\"text-align: justify;\">BORGES Maria Alice (Facult\u00e9 de Science de l&rsquo;Information &#8211; Universit\u00e9 de Brasilia, Br\u00e9sil)<\/p>\n<p style=\"text-align: justify;\"><strong>R\u00e9sum\u00e9 <\/strong>: Ce travail repose sur l&rsquo;hypoth\u00e8se de l&rsquo;existence d&rsquo;un r\u00e9seau d&rsquo;influences et d&rsquo;une organisation de relations qui relierait la Cit\u00e9 Mondiale de Paul Otlet (1935) \u00e0 la ville de Brasilia (Br\u00e9sil) con\u00e7ue par L\u00facio Costa en 1956. Il s&rsquo;agit d&rsquo;un article de revue \u00e0 caract\u00e8re exploratoire dont l&rsquo;objectif premier est d&rsquo;examiner les relations du r\u00e9seau autour de Paul Otlet et la Cit\u00e9 Mondiale, dans un parcours historique jusqu&rsquo;\u00e0 la conception de la ville de Brasilia, \u00e9v\u00e9nement aussi unique que l&rsquo;utopie otletienne. Pour ce faire nous explorerons les chemins et les connexions entre les n\u0153uds d&rsquo;int\u00e9r\u00eat: la Cit\u00e9 Mondiale, la ville de Brasilia, les architectes et urbanistes, les vecteurs \u00e9conomiques, le r\u00f4le de Le Corbusier et le mouvement des modernistes, les r\u00e9seaux autour de L\u00facio Costa e Oscar Niemeyer. Autant d&rsquo;acteurs et de connexions qui visent conforter l&rsquo;hypoth\u00e8se d&rsquo;une organisation de relations autour de ces deux expressions architecturales. Avec son projet de Cit\u00e9 Mondiale associ\u00e9 \u00e0 celui du Mundaneum, Paul Otlet va sensibiliser la soci\u00e9t\u00e9 de son \u00e9poque \u00e0 l&rsquo;importance de la bibliographie, des sciences et des technologies. Ensuite ses id\u00e9es vont influencer Le Corbusier et les d\u00e9buts de ses th\u00e9ories modernistes. Le moment o\u00f9 l&rsquo;influence de l&rsquo;Institut de Bibliographie va se propager en Am\u00e9rique Latine et plus particuli\u00e8rement au Br\u00e9sil, Le Corbusier va coop\u00e9rer\u00a0 avec les architectes L\u00facio Costa et Oscar Niemeyer les inventeurs de Brasilia.<\/p>\n<p style=\"text-align: justify;\"><strong>Mots-clefs:<\/strong> Cit\u00e9 Mondiale, Brasilia, Paul Otlet, Le Corbusier, L\u00facio Costa, Oscar Niemeyer<\/p>\n<h5 style=\"text-align: justify;\">Convergence between the Cit\u00e9 Mondiale and Brasilia: Exploratory study about Otlet&rsquo;s footprints into modern architecture<\/h5>\n<p style=\"text-align: justify;\"><strong>Abstract<\/strong>: This work discusses evidences to support the hypothesis of an existing network of influences and relationships connecting the <em>Cit\u00e9 Mondiale<\/em> (the World City) of Paul Otlet (1935) to the city of Brasilia (Brazil) designed by L\u00facio Costa in 1956. This exploratory literature review has the primary objective to examine the network of relationships around Paul Otlet and the <em>Cit\u00e9 Mondiale,<\/em> in a historical timeline, up to the conception of the city of Brasilia, the unique event in modern history analogous to Otlet&rsquo;s utopia. The study explores the paths and the connections between certain nodes of interest: the <em>Cit\u00e9 Mondiale<\/em>, the city of Brasilia, the involved architects and urbanists, the economic vectors, the role of Le Corbusier and the modernist movement in Architecture, and the relationships depicted around Brazilian architects L\u00facio Costa and Oscar Niemeyer. These points aim to reinforce the hypothesis of a relationship organization connecting the two mentioned urbanistic expressions. With his project of <em>Cit\u00e9 Mondiale<\/em> associated to the Mundaneum concept, Paul Otlet will raise awareness about the importance of bibliography, science and technology in the society of his time. Otlet&rsquo;s ideas will then influence Le Corbusier at the beginnings of his modern theories. Following the path of the Bibliography Institute campaign in Latin America, Le Corbusier will disseminate his ideas, particularly in Brazil, cooperating with the architects L\u00facio Costa and Oscar Niemeyer, the inventors of Brasilia.<\/p>\n<p style=\"text-align: justify;\"><strong>Keywords:<\/strong> Cit\u00e9 Mondiale, Brasilia, Paul Otlet, Le Corbusier, L\u00facio Costa, Oscar Niemeyer<\/p>\n","protected":false},"excerpt":{"rendered":"<p>Confluences entre la Cit\u00e9 Mondiale et Brasilia: \u00c9tude exploratoire sur les r\u00e9percutions de la pens\u00e9e otletienne dans l&rsquo;architecture moderne DE BRITO Marcilio (Facult\u00e9 de Science de l&rsquo;Information- Universit\u00e9 de Brasilia, Br\u00e9sil) GUIMAR\u00c3ES Salviano (Facult\u00e9 d&rsquo;Architecture et Urbanisme &#8211; Universit\u00e9 de Brasilia, Br\u00e9sil) FRAISSE Amel\u00a0(GERiiCO, Universit\u00e9 de Lille 3, France) BORGES Maria Alice (Facult\u00e9 de Science &hellip; <a href=\"http:\/\/www.isko-france.asso.fr\/colloque2017\/en\/paper-45\/\" class=\"more-link\">Continuer la lecture de <span class=\"screen-reader-text\">Paper #45<\/span><\/a><\/p>\n","protected":false},"author":1,"featured_media":0,"parent":0,"menu_order":0,"comment_status":"closed","ping_status":"closed","template":"","meta":{"ngg_post_thumbnail":0},"_links":{"self":[{"href":"http:\/\/www.isko-france.asso.fr\/colloque2017\/wp-json\/wp\/v2\/pages\/496"}],"collection":[{"href":"http:\/\/www.isko-france.asso.fr\/colloque2017\/wp-json\/wp\/v2\/pages"}],"about":[{"href":"http:\/\/www.isko-france.asso.fr\/colloque2017\/wp-json\/wp\/v2\/types\/page"}],"author":[{"embeddable":true,"href":"http:\/\/www.isko-france.asso.fr\/colloque2017\/wp-json\/wp\/v2\/users\/1"}],"replies":[{"embeddable":true,"href":"http:\/\/www.isko-france.asso.fr\/colloque2017\/wp-json\/wp\/v2\/comments?post=496"}],"version-history":[{"count":1,"href":"http:\/\/www.isko-france.asso.fr\/colloque2017\/wp-json\/wp\/v2\/pages\/496\/revisions"}],"predecessor-version":[{"id":497,"href":"http:\/\/www.isko-france.asso.fr\/colloque2017\/wp-json\/wp\/v2\/pages\/496\/revisions\/497"}],"wp:attachment":[{"href":"http:\/\/www.isko-france.asso.fr\/colloque2017\/wp-json\/wp\/v2\/media?parent=496"}],"curies":[{"name":"wp","href":"https:\/\/api.w.org\/{rel}","templated":true}]}}