{"id":498,"date":"2017-06-14T19:26:08","date_gmt":"2017-06-14T17:26:08","guid":{"rendered":"http:\/\/www.isko-france.asso.fr\/colloque2017\/?page_id=498"},"modified":"2017-06-14T19:26:08","modified_gmt":"2017-06-14T17:26:08","slug":"paper-30","status":"publish","type":"page","link":"http:\/\/www.isko-france.asso.fr\/colloque2017\/en\/paper-30\/","title":{"rendered":"Paper #30"},"content":{"rendered":"<h5 style=\"text-align: justify;\">L\u2019organisation des connaissances : contribution \u00e0 l\u2019analyse d\u2019une \u00e9pist\u00e9m\u00e8 de type num\u00e9rique<\/h5>\n<p>Edwige Pierot (Aix Marseille Universit\u00e9, France)<\/p>\n<p><strong>Abstract<\/strong><\/p>\n<p style=\"text-align: justify;\">The study of the historical issues of Knowledge Organization that concern mechanisms of production and access to the information and the circulation of knowledge is inseparable of political, economic, educational, and social concerns linked to Knowledge Organization Systems and the users of communities of practice. The production of knowledge and the \u201carts of doing\u201d of these communities question the discursivity of terms in the digital environment first, and second &#8211; at the epistemological level. We argue that this environment matches, in a unique dynamic, the communities and the discourses they produce; and that this systemism reveals the presence of a digital type of episteme opening a serious path for the development of an epistemic interoperability.<\/p>\n","protected":false},"excerpt":{"rendered":"<p>L\u2019organisation des connaissances : contribution \u00e0 l\u2019analyse d\u2019une \u00e9pist\u00e9m\u00e8 de type num\u00e9rique Edwige Pierot (Aix Marseille Universit\u00e9, France) Abstract The study of the historical issues of Knowledge Organization that concern mechanisms of production and access to the information and the circulation of knowledge is inseparable of political, economic, educational, and social concerns linked to Knowledge &hellip; <a href=\"http:\/\/www.isko-france.asso.fr\/colloque2017\/en\/paper-30\/\" class=\"more-link\">Continuer la lecture de <span class=\"screen-reader-text\">Paper #30<\/span><\/a><\/p>\n","protected":false},"author":1,"featured_media":0,"parent":0,"menu_order":0,"comment_status":"closed","ping_status":"closed","template":"","meta":{"ngg_post_thumbnail":0},"_links":{"self":[{"href":"http:\/\/www.isko-france.asso.fr\/colloque2017\/wp-json\/wp\/v2\/pages\/498"}],"collection":[{"href":"http:\/\/www.isko-france.asso.fr\/colloque2017\/wp-json\/wp\/v2\/pages"}],"about":[{"href":"http:\/\/www.isko-france.asso.fr\/colloque2017\/wp-json\/wp\/v2\/types\/page"}],"author":[{"embeddable":true,"href":"http:\/\/www.isko-france.asso.fr\/colloque2017\/wp-json\/wp\/v2\/users\/1"}],"replies":[{"embeddable":true,"href":"http:\/\/www.isko-france.asso.fr\/colloque2017\/wp-json\/wp\/v2\/comments?post=498"}],"version-history":[{"count":1,"href":"http:\/\/www.isko-france.asso.fr\/colloque2017\/wp-json\/wp\/v2\/pages\/498\/revisions"}],"predecessor-version":[{"id":499,"href":"http:\/\/www.isko-france.asso.fr\/colloque2017\/wp-json\/wp\/v2\/pages\/498\/revisions\/499"}],"wp:attachment":[{"href":"http:\/\/www.isko-france.asso.fr\/colloque2017\/wp-json\/wp\/v2\/media?parent=498"}],"curies":[{"name":"wp","href":"https:\/\/api.w.org\/{rel}","templated":true}]}}