{"id":514,"date":"2017-06-25T18:01:56","date_gmt":"2017-06-25T16:01:56","guid":{"rendered":"http:\/\/www.isko-france.asso.fr\/colloque2017\/?page_id=514"},"modified":"2017-06-25T18:01:56","modified_gmt":"2017-06-25T16:01:56","slug":"paper-9","status":"publish","type":"page","link":"http:\/\/www.isko-france.asso.fr\/colloque2017\/en\/paper-9\/","title":{"rendered":"Paper #9"},"content":{"rendered":"<h5 style=\"text-align: justify;\"><strong>Document par intention\u00a0: r\u00e9flexions sur les \u00ab\u00a0documents sensibles\u00a0\u00bb<\/strong><\/h5>\n<p style=\"text-align: justify;\">THIESEN Icl\u00e9ia<br \/>\nProfesseur Titulaire en Science de l\u2019Information<br \/>\nUniversit\u00e9 F\u00e9d\u00e9rale de l\u2019\u00c9tat de Rio de Janeiro (UNIRIO), Br\u00e9sil<br \/>\nIcleia.thiesen@unirio.br<\/p>\n<p style=\"text-align: justify;\"><strong>R\u00e9sum\u00e9<\/strong><\/p>\n<p style=\"text-align: justify;\">Nous proposons de r\u00e9fl\u00e9chir sur les acceptions de document par intention et de document par attribution de Jean Meyriat, th\u00e9oricien et praticien de l\u2019information-communication et p\u00e8re fondateur qui a pos\u00e9 un des piliers les plus f\u00e9conds des SIC en France. Nous allons essayer de comprendre comment l\u2019apport conceptuel de ce pionnier peut contribuer aux d\u00e9bats sur les th\u00e9ories du document sous l\u2019angle des sciences humaines et sociales et plus particuli\u00e8rement des SIC y compris de l\u2019archivistique comme discipline proche. Qu\u2019est-ce qu\u2019on peut retenir de ces notions pos\u00e9es par Jean Meyriat \u00e0 propos de l\u2019histoire de la vaste production documentaire \u00ab\u00a0sensible\u00a0\u00bb qui a eu lieu au Br\u00e9sil dans la p\u00e9riode des gouvernements militaires (1964-1985)\u00a0? Pour se faire nous analyserons l\u2019organisation des archives du Service National de l\u2019Information (SNI), ainsi que les strat\u00e9gies d\u2019organisation des archives sensibles qui ont \u00e9t\u00e9 \u00e9tablies afin d\u2019assurer la r\u00e9cup\u00e9ration imm\u00e9diate des informations secr\u00e8tes pour prendre des d\u00e9cisions polici\u00e8res d\u2019urgence.<\/p>\n","protected":false},"excerpt":{"rendered":"<p>Document par intention\u00a0: r\u00e9flexions sur les \u00ab\u00a0documents sensibles\u00a0\u00bb THIESEN Icl\u00e9ia Professeur Titulaire en Science de l\u2019Information Universit\u00e9 F\u00e9d\u00e9rale de l\u2019\u00c9tat de Rio de Janeiro (UNIRIO), Br\u00e9sil Icleia.thiesen@unirio.br R\u00e9sum\u00e9 Nous proposons de r\u00e9fl\u00e9chir sur les acceptions de document par intention et de document par attribution de Jean Meyriat, th\u00e9oricien et praticien de l\u2019information-communication et p\u00e8re fondateur &hellip; <a href=\"http:\/\/www.isko-france.asso.fr\/colloque2017\/en\/paper-9\/\" class=\"more-link\">Continuer la lecture de <span class=\"screen-reader-text\">Paper #9<\/span><\/a><\/p>\n","protected":false},"author":1,"featured_media":0,"parent":0,"menu_order":0,"comment_status":"closed","ping_status":"closed","template":"","meta":{"ngg_post_thumbnail":0},"_links":{"self":[{"href":"http:\/\/www.isko-france.asso.fr\/colloque2017\/wp-json\/wp\/v2\/pages\/514"}],"collection":[{"href":"http:\/\/www.isko-france.asso.fr\/colloque2017\/wp-json\/wp\/v2\/pages"}],"about":[{"href":"http:\/\/www.isko-france.asso.fr\/colloque2017\/wp-json\/wp\/v2\/types\/page"}],"author":[{"embeddable":true,"href":"http:\/\/www.isko-france.asso.fr\/colloque2017\/wp-json\/wp\/v2\/users\/1"}],"replies":[{"embeddable":true,"href":"http:\/\/www.isko-france.asso.fr\/colloque2017\/wp-json\/wp\/v2\/comments?post=514"}],"version-history":[{"count":1,"href":"http:\/\/www.isko-france.asso.fr\/colloque2017\/wp-json\/wp\/v2\/pages\/514\/revisions"}],"predecessor-version":[{"id":515,"href":"http:\/\/www.isko-france.asso.fr\/colloque2017\/wp-json\/wp\/v2\/pages\/514\/revisions\/515"}],"wp:attachment":[{"href":"http:\/\/www.isko-france.asso.fr\/colloque2017\/wp-json\/wp\/v2\/media?parent=514"}],"curies":[{"name":"wp","href":"https:\/\/api.w.org\/{rel}","templated":true}]}}