{"id":516,"date":"2017-06-25T18:05:26","date_gmt":"2017-06-25T16:05:26","guid":{"rendered":"http:\/\/www.isko-france.asso.fr\/colloque2017\/?page_id=516"},"modified":"2017-06-25T18:05:26","modified_gmt":"2017-06-25T16:05:26","slug":"paper-35","status":"publish","type":"page","link":"http:\/\/www.isko-france.asso.fr\/colloque2017\/en\/paper-35\/","title":{"rendered":"Paper #35"},"content":{"rendered":"<h5 style=\"text-align: justify;\">Jacques-Emile DUBOIS, un pionnier des Sciences de l\u2019Information et de l\u2019IST (Information Scientifique et Technique), avec une vision toujours actuelle<\/h5>\n<p style=\"text-align: justify;\">BOURRET Christian (*), CHAMBAUD Serge (**), LAURENT Daniel (***)<\/p>\n<p style=\"text-align: justify;\">(*) Professeur, DICEN idf \/ IFIS \/ UPEM (Universit\u00e9 Paris Est Marne-la-Vall\u00e9e)<br \/>\n(**) MIDIST, DBMIST, Pr\u00e9sident de de l\u2019Association Fran\u00e7aise pour l\u2019Avancement des Sciences (AFAS)<br \/>\n(***) Professeur, Fondateur de l\u2019Universit\u00e9 de Marne-la-Vall\u00e9e<br \/>\nCourriel\u00a0: christian.bourret@u-pem.fr<\/p>\n<p style=\"text-align: justify;\"><strong>R\u00e9sum\u00e9<\/strong><\/p>\n<p style=\"text-align: justify;\">Jacques- \u00c9mile Dubois (1920 \u2013 2005), chimiste de formation, a \u00e9t\u00e9 un \u00ab\u00a0inspirateur et un acteur majeur de la politique fran\u00e7aise de l\u2019information scientifique et technique fran\u00e7aise dans le dernier tiers du XX\u00e8me si\u00e8cle\u00a0\u00bb (S. Cacaly). Il fut un pionnier des Sciences de l\u2019Information. Sa vision, largement fond\u00e9e sur les usages de data et le d\u00e9veloppement de services, \u00e0 la fois pour les chercheurs et pour les entreprises, remontant aux ann\u00e9es 1950, est toujours actuelle. Apr\u00e8s une pr\u00e9sentation rapide de sa carri\u00e8re exceptionnellement f\u00e9conde, \u00e0 la fois comme grand scientifique et comme animateur de la recherche (Enseignement Sup\u00e9rieur et D\u00e9fense), nous insisterons sur les relations privil\u00e9gi\u00e9es entre les sciences chimiques et les Sciences de l\u2019Information. Nous montrerons ensuite que les apports majeurs de Jacques-\u00c9mile Dubois aux Sciences de l\u2019Information correspondent \u00e0 la rencontre d\u2019une personnalit\u00e9, d\u2019une vision scientifique et d\u2019un contexte favorable, celui des ann\u00e9es 1960 \u2013 1970 en France, avec une politique volontariste d\u2019ind\u00e9pendance nationale \u00e0 l\u2019\u00e9poque de la guerre froide et avec le d\u00e9veloppement des usages de l\u2019informatique. Nous pr\u00e9senterons ensuite la principale \u00ab\u00a0invention\u00a0\u00bb de Jacques-\u00c9mile Dubois (le syst\u00e8me DARC) pour l\u2019information en chimie et son r\u00f4le dans le d\u00e9veloppement d\u2019une politique nationale d\u2019IST (BNIST, MIDIST, AUDIST, Codata, CNIC, ARDIC, etc.). Nous nous int\u00e9resserons enfin \u00e0 l\u2019homme de r\u00e9seaux, favorisant le transfert de technologies, toujours tourn\u00e9 vers l\u2019innovation et l\u2019avenir, au d\u00e9couvreur de talents, d\u2019une curiosit\u00e9 ouverte \u00e0 toutes les disciplines. Largement impliqu\u00e9 \u00e0 l\u2019international, il joua un r\u00f4le d\u00e9terminant comme pionnier des Sciences de l\u2019Information. Il poursuivit son activit\u00e9 au service de l\u2019Universit\u00e9 et de la transmission de savoirs jusqu\u2019\u00e0 ses derniers jours.<\/p>\n<p style=\"text-align: justify;\"><strong>Mots cl\u00e9s\u00a0:<\/strong> Information Scientifique et Technique, milieux innovateurs, chimie, pionnier, r\u00e9seaux, ann\u00e9es 1960-70.<\/p>\n","protected":false},"excerpt":{"rendered":"<p>Jacques-Emile DUBOIS, un pionnier des Sciences de l\u2019Information et de l\u2019IST (Information Scientifique et Technique), avec une vision toujours actuelle BOURRET Christian (*), CHAMBAUD Serge (**), LAURENT Daniel (***) (*) Professeur, DICEN idf \/ IFIS \/ UPEM (Universit\u00e9 Paris Est Marne-la-Vall\u00e9e) (**) MIDIST, DBMIST, Pr\u00e9sident de de l\u2019Association Fran\u00e7aise pour l\u2019Avancement des Sciences (AFAS) (***) &hellip; <a href=\"http:\/\/www.isko-france.asso.fr\/colloque2017\/en\/paper-35\/\" class=\"more-link\">Continuer la lecture de <span class=\"screen-reader-text\">Paper #35<\/span><\/a><\/p>\n","protected":false},"author":1,"featured_media":0,"parent":0,"menu_order":0,"comment_status":"closed","ping_status":"closed","template":"","meta":{"ngg_post_thumbnail":0},"_links":{"self":[{"href":"http:\/\/www.isko-france.asso.fr\/colloque2017\/wp-json\/wp\/v2\/pages\/516"}],"collection":[{"href":"http:\/\/www.isko-france.asso.fr\/colloque2017\/wp-json\/wp\/v2\/pages"}],"about":[{"href":"http:\/\/www.isko-france.asso.fr\/colloque2017\/wp-json\/wp\/v2\/types\/page"}],"author":[{"embeddable":true,"href":"http:\/\/www.isko-france.asso.fr\/colloque2017\/wp-json\/wp\/v2\/users\/1"}],"replies":[{"embeddable":true,"href":"http:\/\/www.isko-france.asso.fr\/colloque2017\/wp-json\/wp\/v2\/comments?post=516"}],"version-history":[{"count":1,"href":"http:\/\/www.isko-france.asso.fr\/colloque2017\/wp-json\/wp\/v2\/pages\/516\/revisions"}],"predecessor-version":[{"id":517,"href":"http:\/\/www.isko-france.asso.fr\/colloque2017\/wp-json\/wp\/v2\/pages\/516\/revisions\/517"}],"wp:attachment":[{"href":"http:\/\/www.isko-france.asso.fr\/colloque2017\/wp-json\/wp\/v2\/media?parent=516"}],"curies":[{"name":"wp","href":"https:\/\/api.w.org\/{rel}","templated":true}]}}