{"id":518,"date":"2017-06-25T18:08:33","date_gmt":"2017-06-25T16:08:33","guid":{"rendered":"http:\/\/www.isko-france.asso.fr\/colloque2017\/?page_id=518"},"modified":"2017-06-25T18:08:33","modified_gmt":"2017-06-25T16:08:33","slug":"paper-4","status":"publish","type":"page","link":"http:\/\/www.isko-france.asso.fr\/colloque2017\/en\/paper-4\/","title":{"rendered":"Paper #4"},"content":{"rendered":"<h5 style=\"text-align: justify;\">Documents et dispositifs info-communicationnels: de Otlet aux biobanques<\/h5>\n<p style=\"text-align: justify;\">Bozzetti, Rodrigo &lt;bozzeti.rb@gmail.com&gt;<br \/>\nMarteleto, Regina &lt;Regina.mar2@gmail.com&gt;<\/p>\n<p>(Brazilian Institute of Information in Science and Technology \/ Federal University of Rio de Janeiro)<\/p>\n<p style=\"text-align: justify;\"><strong>R\u00e9sum\u00e9<\/strong><\/p>\n<p style=\"text-align: justify;\">Le but principal de l&rsquo;article est de discuter du concept de document appliqu\u00e9 aux \u00e9chantillons biologiques humains, \u00e0 partir des travaux d&rsquo;auteurs francophones remarquables des sciences de l&rsquo;Information, comme Otlet, Briet, Meyriat, Couzinet et Fraysse. L&rsquo;article pr\u00e9sente les diff\u00e9rentes d\u00e9finitions des biobanques et les consid\u00e8re comme des dispositifs info-communicatifs qui stockent des \u00e9chantillons biologiques humains et des informations associ\u00e9es. La recherche utilise la Biobank du Royaume-Uni comme une unit\u00e9 d&rsquo;analyse. Pour conclure, cette communication pr\u00e9sente certains des r\u00f4les politiques et \u00e9thiques que les biobanques et l&rsquo;information g\u00e9n\u00e9tique peuvent jouer dans un proche avenir.<\/p>\n","protected":false},"excerpt":{"rendered":"<p>Documents et dispositifs info-communicationnels: de Otlet aux biobanques Bozzetti, Rodrigo &lt;bozzeti.rb@gmail.com&gt; Marteleto, Regina &lt;Regina.mar2@gmail.com&gt; (Brazilian Institute of Information in Science and Technology \/ Federal University of Rio de Janeiro) R\u00e9sum\u00e9 Le but principal de l&rsquo;article est de discuter du concept de document appliqu\u00e9 aux \u00e9chantillons biologiques humains, \u00e0 partir des travaux d&rsquo;auteurs francophones remarquables des &hellip; <a href=\"http:\/\/www.isko-france.asso.fr\/colloque2017\/en\/paper-4\/\" class=\"more-link\">Continuer la lecture de <span class=\"screen-reader-text\">Paper #4<\/span><\/a><\/p>\n","protected":false},"author":1,"featured_media":0,"parent":0,"menu_order":0,"comment_status":"closed","ping_status":"closed","template":"","meta":{"ngg_post_thumbnail":0},"_links":{"self":[{"href":"http:\/\/www.isko-france.asso.fr\/colloque2017\/wp-json\/wp\/v2\/pages\/518"}],"collection":[{"href":"http:\/\/www.isko-france.asso.fr\/colloque2017\/wp-json\/wp\/v2\/pages"}],"about":[{"href":"http:\/\/www.isko-france.asso.fr\/colloque2017\/wp-json\/wp\/v2\/types\/page"}],"author":[{"embeddable":true,"href":"http:\/\/www.isko-france.asso.fr\/colloque2017\/wp-json\/wp\/v2\/users\/1"}],"replies":[{"embeddable":true,"href":"http:\/\/www.isko-france.asso.fr\/colloque2017\/wp-json\/wp\/v2\/comments?post=518"}],"version-history":[{"count":1,"href":"http:\/\/www.isko-france.asso.fr\/colloque2017\/wp-json\/wp\/v2\/pages\/518\/revisions"}],"predecessor-version":[{"id":519,"href":"http:\/\/www.isko-france.asso.fr\/colloque2017\/wp-json\/wp\/v2\/pages\/518\/revisions\/519"}],"wp:attachment":[{"href":"http:\/\/www.isko-france.asso.fr\/colloque2017\/wp-json\/wp\/v2\/media?parent=518"}],"curies":[{"name":"wp","href":"https:\/\/api.w.org\/{rel}","templated":true}]}}