{"id":547,"date":"2017-06-29T07:48:47","date_gmt":"2017-06-29T05:48:47","guid":{"rendered":"http:\/\/www.isko-france.asso.fr\/colloque2017\/?page_id=547"},"modified":"2017-06-29T07:48:47","modified_gmt":"2017-06-29T05:48:47","slug":"paper-38","status":"publish","type":"page","link":"http:\/\/www.isko-france.asso.fr\/colloque2017\/en\/paper-38\/","title":{"rendered":"Paper #38"},"content":{"rendered":"<h5 style=\"text-align: justify;\">Presence of Francophone Pioneers in the Brazilian authors of Knowledge Organization: A Study of the ISKO International and ISKO Brazil Meetings Proceedings<\/h5>\n<p style=\"text-align: justify;\">Jos\u00e9 Augusto Chaves Guimar\u00e3es, guima@marilia.unesp.br, S\u00e3o Paulo State University (UNESP)<\/p>\n<p style=\"text-align: justify;\">Mart\u00ednez-\u00c1vila, Daniel, dmartinezavila@marilia.unesp.br, S\u00e3o Paulo State University (UNESP)<\/p>\n<p style=\"text-align: justify;\">Tognoli, Nat\u00e1lia Bolfarini, nataliatognoli@marilia.unesp.br, S\u00e3o Paulo State University (UNESP)<\/p>\n<p style=\"text-align: justify;\">Milani, Suellen Oliveira, suellenmilani@marilia.unesp.br, S\u00e3o Paulo State University (UNESP)<\/p>\n<p style=\"text-align: justify;\"><strong>Abstract<\/strong><\/p>\n<p style=\"text-align: justify;\">This paper aims to verify the presence of a group of eleven francophone authors in the ISKO meetings proceedings and also in the three ISKO Brazil Chapter conferences proceedings, paying special attention to the citations made by Brazilian researchers. We conducted a citation analysis of Paul Otlet, Suzanne Briet, Jean-Claude Gardin, Eric de Grolier, Jean Meyriat, Robert Escarpit, Robert Pag\u00e8s, Madeleine Wolff-Terroine, Jacques Maniez, Jacques Chaumier, and George Van Slype, in the 15 volumes of the ISKO International meetings proceedings published thus far, held in Darmstadt (1990, vols. 1 and 2), Rome (1990, vol.3), Copenhagen (1994), Washington (1996), Lille (1998), Toronto (2000), Granada (2002), London (2004), Vienna (2006), Montreal (2008), Rome (2010), Mysore (2012), Krakow (2014), and Rio de Janeiro (2016); and the three ISKO Brazil meetings proceedings, held in Bras\u00edlia (2011), Rio de Janeiro (2013), and Mar\u00edlia (2015).\u00a0\u00a0In the first stage of our analysis, we identified the citations of the works of these 11 eleven authors. We mainly identified their presence in the reference lists of all the published papers, and sometimes considered mentions in the text with no formal reference for the discussion. For each proceeding, we considered variables such as the number of citations to each author, the nationality of the authors in the citing works, and the years of the citing papers.<\/p>\n","protected":false},"excerpt":{"rendered":"<p>Presence of Francophone Pioneers in the Brazilian authors of Knowledge Organization: A Study of the ISKO International and ISKO Brazil Meetings Proceedings Jos\u00e9 Augusto Chaves Guimar\u00e3es, guima@marilia.unesp.br, S\u00e3o Paulo State University (UNESP) Mart\u00ednez-\u00c1vila, Daniel, dmartinezavila@marilia.unesp.br, S\u00e3o Paulo State University (UNESP) Tognoli, Nat\u00e1lia Bolfarini, nataliatognoli@marilia.unesp.br, S\u00e3o Paulo State University (UNESP) Milani, Suellen Oliveira, suellenmilani@marilia.unesp.br, S\u00e3o Paulo &hellip; <a href=\"http:\/\/www.isko-france.asso.fr\/colloque2017\/en\/paper-38\/\" class=\"more-link\">Continuer la lecture de <span class=\"screen-reader-text\">Paper #38<\/span><\/a><\/p>\n","protected":false},"author":1,"featured_media":0,"parent":0,"menu_order":0,"comment_status":"closed","ping_status":"closed","template":"","meta":{"ngg_post_thumbnail":0},"_links":{"self":[{"href":"http:\/\/www.isko-france.asso.fr\/colloque2017\/wp-json\/wp\/v2\/pages\/547"}],"collection":[{"href":"http:\/\/www.isko-france.asso.fr\/colloque2017\/wp-json\/wp\/v2\/pages"}],"about":[{"href":"http:\/\/www.isko-france.asso.fr\/colloque2017\/wp-json\/wp\/v2\/types\/page"}],"author":[{"embeddable":true,"href":"http:\/\/www.isko-france.asso.fr\/colloque2017\/wp-json\/wp\/v2\/users\/1"}],"replies":[{"embeddable":true,"href":"http:\/\/www.isko-france.asso.fr\/colloque2017\/wp-json\/wp\/v2\/comments?post=547"}],"version-history":[{"count":1,"href":"http:\/\/www.isko-france.asso.fr\/colloque2017\/wp-json\/wp\/v2\/pages\/547\/revisions"}],"predecessor-version":[{"id":548,"href":"http:\/\/www.isko-france.asso.fr\/colloque2017\/wp-json\/wp\/v2\/pages\/547\/revisions\/548"}],"wp:attachment":[{"href":"http:\/\/www.isko-france.asso.fr\/colloque2017\/wp-json\/wp\/v2\/media?parent=547"}],"curies":[{"name":"wp","href":"https:\/\/api.w.org\/{rel}","templated":true}]}}