{"id":158,"date":"2019-09-06T17:42:49","date_gmt":"2019-09-06T15:42:49","guid":{"rendered":"http:\/\/www.isko-france.asso.fr\/colloque2019\/?page_id=158"},"modified":"2019-09-13T16:18:05","modified_gmt":"2019-09-13T14:18:05","slug":"venir-a-luniversite","status":"publish","type":"page","link":"http:\/\/www.isko-france.asso.fr\/colloque2019\/venir-a-luniversite\/","title":{"rendered":"Venir \u00e0 l&rsquo;universit\u00e9"},"content":{"rendered":"<p>Le colloque se d\u00e9roule sur le site de St Charles 2 (salle 6 &#8211; Panath\u00e9n\u00e9es) :<\/p>\n<p>Rue du Professeur<br \/>\nHenri Serre<br \/>\n34080 &#8211; Montpellier<\/p>\n<p>Arr\u00eat Tramway Place Albert 1-Saint Charles (Ligne Tramway 1)<\/p>\n<p><iframe loading=\"lazy\" style=\"border: 0;\" src=\"https:\/\/www.google.com\/maps\/embed?pb=!1m14!1m8!1m3!1d1021.2529738222795!2d3.873551667023038!3d43.61612663702947!3m2!1i1024!2i768!4f13.1!3m3!1m2!1s0x12b6af0463fc1405%3A0x1e48a54dcc8b597c!2sUniversity%20paul%20valery!5e0!3m2!1sen!2sus!4v1567783524096!5m2!1sen!2sus\" width=\"600\" height=\"450\" frameborder=\"0\" allowfullscreen=\"allowfullscreen\"><\/iframe><\/p>\n","protected":false},"excerpt":{"rendered":"<p>Le colloque se d\u00e9roule sur le site de St Charles 2 (salle 6 &#8211; Panath\u00e9n\u00e9es) : Rue du Professeur Henri Serre 34080 &#8211; Montpellier Arr\u00eat Tramway Place Albert 1-Saint Charles (Ligne Tramway 1)<\/p>\n","protected":false},"author":1,"featured_media":0,"parent":0,"menu_order":0,"comment_status":"closed","ping_status":"closed","template":"","meta":{"footnotes":""},"class_list":["post-158","page","type-page","status-publish","hentry"],"_links":{"self":[{"href":"http:\/\/www.isko-france.asso.fr\/colloque2019\/wp-json\/wp\/v2\/pages\/158","targetHints":{"allow":["GET"]}}],"collection":[{"href":"http:\/\/www.isko-france.asso.fr\/colloque2019\/wp-json\/wp\/v2\/pages"}],"about":[{"href":"http:\/\/www.isko-france.asso.fr\/colloque2019\/wp-json\/wp\/v2\/types\/page"}],"author":[{"embeddable":true,"href":"http:\/\/www.isko-france.asso.fr\/colloque2019\/wp-json\/wp\/v2\/users\/1"}],"replies":[{"embeddable":true,"href":"http:\/\/www.isko-france.asso.fr\/colloque2019\/wp-json\/wp\/v2\/comments?post=158"}],"version-history":[{"count":4,"href":"http:\/\/www.isko-france.asso.fr\/colloque2019\/wp-json\/wp\/v2\/pages\/158\/revisions"}],"predecessor-version":[{"id":168,"href":"http:\/\/www.isko-france.asso.fr\/colloque2019\/wp-json\/wp\/v2\/pages\/158\/revisions\/168"}],"wp:attachment":[{"href":"http:\/\/www.isko-france.asso.fr\/colloque2019\/wp-json\/wp\/v2\/media?parent=158"}],"curies":[{"name":"wp","href":"https:\/\/api.w.org\/{rel}","templated":true}]}}