{"id":25,"date":"2018-09-28T18:20:00","date_gmt":"2018-09-28T16:20:00","guid":{"rendered":"http:\/\/www.isko-france.asso.fr\/colloque2019\/?page_id=25"},"modified":"2019-09-13T16:17:29","modified_gmt":"2019-09-13T14:17:29","slug":"25-2","status":"publish","type":"page","link":"http:\/\/www.isko-france.asso.fr\/colloque2019\/","title":{"rendered":""},"content":{"rendered":"<h1 style=\"text-align: center;\"><strong>12\u00e8me Colloque international d\u2019ISKO-France<\/strong><\/h1>\n<h1><img loading=\"lazy\" decoding=\"async\" class=\"alignnone wp-image-46\" src=\"http:\/\/www.isko-france.asso.fr\/colloque2019\/wp-content\/uploads\/2018\/10\/isko-300x300.png\" alt=\"\" width=\"136\" height=\"136\" srcset=\"http:\/\/www.isko-france.asso.fr\/colloque2019\/wp-content\/uploads\/2018\/10\/isko-300x300.png 300w, http:\/\/www.isko-france.asso.fr\/colloque2019\/wp-content\/uploads\/2018\/10\/isko-150x150.png 150w, http:\/\/www.isko-france.asso.fr\/colloque2019\/wp-content\/uploads\/2018\/10\/isko-768x768.png 768w, http:\/\/www.isko-france.asso.fr\/colloque2019\/wp-content\/uploads\/2018\/10\/isko-1024x1024.png 1024w, http:\/\/www.isko-france.asso.fr\/colloque2019\/wp-content\/uploads\/2018\/10\/isko.png 1106w\" sizes=\"auto, (max-width: 136px) 100vw, 136px\" \/> <img loading=\"lazy\" decoding=\"async\" class=\"alignnone wp-image-44\" src=\"http:\/\/www.isko-france.asso.fr\/colloque2019\/wp-content\/uploads\/2018\/10\/logo-lerass-ceric-trans.png\" alt=\"\" width=\"249\" height=\"126\" \/> <img loading=\"lazy\" decoding=\"async\" class=\"alignnone size-full wp-image-45\" src=\"http:\/\/www.isko-france.asso.fr\/colloque2019\/wp-content\/uploads\/2018\/10\/logo-upvm_4.jpg\" alt=\"\" width=\"180\" height=\"90\" \/><\/h1>\n<h1 style=\"text-align: center;\">\u00a0<span style=\"color: #008080;\"><strong>Donn\u00e9es et m\u00e9gadonn\u00e9es ouvertes en SHS : de nouveaux <\/strong><strong>enjeux <\/strong><strong>pour l&rsquo;\u00e9tat et l&rsquo;organisation des connaissances ?<\/strong><\/span><\/h1>\n<h3 style=\"text-align: center;\">Organis\u00e9 conjointement par le <a href=\"http:\/\/www.isko-france.asso.fr\/home\/index.php\/fr\/\" target=\"_blank\" rel=\"noopener noreferrer\">Chapitre Fran\u00e7ais de l\u2019ISKO<\/a> et l\u2019\u00e9quipe de recherche <a href=\"https:\/\/lerass-ceric.com\/\" target=\"_blank\" rel=\"noopener noreferrer\">Lerass-Ceric<\/a> de l\u2019<a href=\"https:\/\/www.univ-montp3.fr\/\" target=\"_blank\" rel=\"noopener noreferrer\">Universit\u00e9 Paul-Val\u00e9ry, Montpellier 3<\/a>.<\/h3>\n<h2 style=\"text-align: center;\">Lieu du Colloque : Universit\u00e9 Paul-Val\u00e9ry, Montpellier 3, <a href=\"http:\/\/www.isko-france.asso.fr\/colloque2019\/venir-a-luniversite\/\" target=\"_blank\" rel=\"noopener noreferrer\">Site de St Charles<\/a> 2, salle 6 (Panath\u00e9n\u00e9es)<\/h2>\n<h2 style=\"text-align: center;\">Dates : <strong>9-11 octobre 2019<\/strong><\/h2>\n","protected":false},"excerpt":{"rendered":"<p>12\u00e8me Colloque international d\u2019ISKO-France \u00a0Donn\u00e9es et m\u00e9gadonn\u00e9es ouvertes en SHS : de nouveaux enjeux pour l&rsquo;\u00e9tat et l&rsquo;organisation des connaissances ? Organis\u00e9 conjointement par le Chapitre Fran\u00e7ais de l\u2019ISKO et l\u2019\u00e9quipe de recherche Lerass-Ceric de l\u2019Universit\u00e9 Paul-Val\u00e9ry, Montpellier 3. Lieu du Colloque : Universit\u00e9 Paul-Val\u00e9ry, Montpellier 3, Site de St Charles 2, salle 6 (Panath\u00e9n\u00e9es) &hellip; <a href=\"http:\/\/www.isko-france.asso.fr\/colloque2019\/\" class=\"more-link\">Continuer la lecture de <span class=\"screen-reader-text\"><\/span><\/a><\/p>\n","protected":false},"author":1,"featured_media":0,"parent":0,"menu_order":0,"comment_status":"closed","ping_status":"closed","template":"","meta":{"footnotes":""},"class_list":["post-25","page","type-page","status-publish","hentry"],"_links":{"self":[{"href":"http:\/\/www.isko-france.asso.fr\/colloque2019\/wp-json\/wp\/v2\/pages\/25","targetHints":{"allow":["GET"]}}],"collection":[{"href":"http:\/\/www.isko-france.asso.fr\/colloque2019\/wp-json\/wp\/v2\/pages"}],"about":[{"href":"http:\/\/www.isko-france.asso.fr\/colloque2019\/wp-json\/wp\/v2\/types\/page"}],"author":[{"embeddable":true,"href":"http:\/\/www.isko-france.asso.fr\/colloque2019\/wp-json\/wp\/v2\/users\/1"}],"replies":[{"embeddable":true,"href":"http:\/\/www.isko-france.asso.fr\/colloque2019\/wp-json\/wp\/v2\/comments?post=25"}],"version-history":[{"count":13,"href":"http:\/\/www.isko-france.asso.fr\/colloque2019\/wp-json\/wp\/v2\/pages\/25\/revisions"}],"predecessor-version":[{"id":167,"href":"http:\/\/www.isko-france.asso.fr\/colloque2019\/wp-json\/wp\/v2\/pages\/25\/revisions\/167"}],"wp:attachment":[{"href":"http:\/\/www.isko-france.asso.fr\/colloque2019\/wp-json\/wp\/v2\/media?parent=25"}],"curies":[{"name":"wp","href":"https:\/\/api.w.org\/{rel}","templated":true}]}}