{"id":34,"date":"2018-09-28T18:39:33","date_gmt":"2018-09-28T16:39:33","guid":{"rendered":"http:\/\/www.isko-france.asso.fr\/colloque2019\/?page_id=34"},"modified":"2019-01-21T08:42:59","modified_gmt":"2019-01-21T07:42:59","slug":"calendrier","status":"publish","type":"page","link":"http:\/\/www.isko-france.asso.fr\/colloque2019\/calendrier\/","title":{"rendered":"Calendrier"},"content":{"rendered":"<ul>\n<li style=\"text-align: justify;\"><del><strong>7 janvier 2019<\/strong><\/del> <strong><span class=\"st\">Date de soumission de l&rsquo;appel \u00e0 communication repouss\u00e9e au<\/span> 31 janvier<\/strong> <strong>2019<\/strong>: date limite de r\u00e9ception des propositions (7500 signes maximum, format Word). Chaque proposition sera examin\u00e9e par au moins deux \u00e9valuateurs du Comit\u00e9 scientifique, qui \u00e9valueront sa pertinence, sa validit\u00e9 scientifique, son originalit\u00e9 et la clart\u00e9 de sa pr\u00e9sentation.<\/li>\n<li style=\"text-align: justify;\"><del><strong>11 f\u00e9vrier 2019<\/strong><\/del> <strong>1er mars 2019<\/strong> : date de notification d\u2019acceptation ou de refus. La notification d\u2019acceptation sera envoy\u00e9e, accompagn\u00e9e des sp\u00e9cifications techniques pour la publication. Celles-ci seront \u00e0 respecter imp\u00e9rativement en vue de la publication des actes. Des demandes de modifications des textes pourront \u00eatre formul\u00e9es aux auteurs.<\/li>\n<li style=\"text-align: justify;\"><strong>15 mai 2019<\/strong> : date limite de r\u00e9ception des versions compl\u00e8tes<br \/>\nLes auteurs retenus adresseront les communications sous forme d\u2019un texte complet. Le texte de la communication devra parvenir au comit\u00e9 de programme : <a href=\"mailto:colloque2019@isko-france.asso.fr\" target=\"_blank\" rel=\"noopener\">colloque2019@isko-france.asso.fr<\/a> sous sa forme d\u00e9finitive (format Word, 30 000 signes maximum).<\/li>\n<li style=\"text-align: justify;\"><strong>1er juillet 2019<\/strong> : retour aux auteurs pour d\u2019\u00e9ventuelles modifications.<\/li>\n<li style=\"text-align: justify;\"><strong>20 ao\u00fbt 2019<\/strong> : date limite de r\u00e9ception des versions d\u00e9finitives.<\/li>\n<li style=\"text-align: justify;\"><strong>10 septembre 2019<\/strong> : date limite d\u2019inscription au colloque pour au moins l\u2019un des auteurs. L\u2019acceptation d\u2019une communication implique que l\u2019un, au moins, des auteurs soit pr\u00e9sent au colloque pour assurer sa pr\u00e9sentation.<\/li>\n<\/ul>\n","protected":false},"excerpt":{"rendered":"<p>7 janvier 2019 Date de soumission de l&rsquo;appel \u00e0 communication repouss\u00e9e au 31 janvier 2019: date limite de r\u00e9ception des propositions (7500 signes maximum, format Word). Chaque proposition sera examin\u00e9e par au moins deux \u00e9valuateurs du Comit\u00e9 scientifique, qui \u00e9valueront sa pertinence, sa validit\u00e9 scientifique, son originalit\u00e9 et la clart\u00e9 de sa pr\u00e9sentation. 11 f\u00e9vrier &hellip; <a href=\"http:\/\/www.isko-france.asso.fr\/colloque2019\/calendrier\/\" class=\"more-link\">Continuer la lecture de <span class=\"screen-reader-text\">Calendrier<\/span><\/a><\/p>\n","protected":false},"author":1,"featured_media":0,"parent":0,"menu_order":0,"comment_status":"closed","ping_status":"closed","template":"","meta":{"footnotes":""},"class_list":["post-34","page","type-page","status-publish","hentry"],"_links":{"self":[{"href":"http:\/\/www.isko-france.asso.fr\/colloque2019\/wp-json\/wp\/v2\/pages\/34","targetHints":{"allow":["GET"]}}],"collection":[{"href":"http:\/\/www.isko-france.asso.fr\/colloque2019\/wp-json\/wp\/v2\/pages"}],"about":[{"href":"http:\/\/www.isko-france.asso.fr\/colloque2019\/wp-json\/wp\/v2\/types\/page"}],"author":[{"embeddable":true,"href":"http:\/\/www.isko-france.asso.fr\/colloque2019\/wp-json\/wp\/v2\/users\/1"}],"replies":[{"embeddable":true,"href":"http:\/\/www.isko-france.asso.fr\/colloque2019\/wp-json\/wp\/v2\/comments?post=34"}],"version-history":[{"count":4,"href":"http:\/\/www.isko-france.asso.fr\/colloque2019\/wp-json\/wp\/v2\/pages\/34\/revisions"}],"predecessor-version":[{"id":129,"href":"http:\/\/www.isko-france.asso.fr\/colloque2019\/wp-json\/wp\/v2\/pages\/34\/revisions\/129"}],"wp:attachment":[{"href":"http:\/\/www.isko-france.asso.fr\/colloque2019\/wp-json\/wp\/v2\/media?parent=34"}],"curies":[{"name":"wp","href":"https:\/\/api.w.org\/{rel}","templated":true}]}}