{"id":6,"date":"2018-09-28T10:16:14","date_gmt":"2018-09-28T08:16:14","guid":{"rendered":"http:\/\/www.isko-france.asso.fr\/colloque2019\/?page_id=6"},"modified":"2019-01-09T15:18:12","modified_gmt":"2019-01-09T14:18:12","slug":"appel-a-communication","status":"publish","type":"page","link":"http:\/\/www.isko-france.asso.fr\/colloque2019\/appel-a-communication\/","title":{"rendered":"Appel \u00e0 communication"},"content":{"rendered":"<h1 style=\"text-align: center;\">12\u00e8me Colloque international d\u2019ISKO-France<\/h1>\n<h2 style=\"text-align: center;\"><strong>Donn\u00e9es et m\u00e9gadonn\u00e9es ouvertes en SHS : de nouveaux enjeux <\/strong><strong>pour l&rsquo;\u00e9tat et l&rsquo;organisation des connaissances ?<\/strong><\/h2>\n<p style=\"text-align: center;\"><em>Organis\u00e9 conjointement par le Chapitre Fran\u00e7ais de l\u2019ISKO et l\u2019\u00e9quipe de recherche Lerass-Ceric de l\u2019Universit\u00e9 Paul-Val\u00e9ry, Montpellier 3.<\/em><\/p>\n<h1><img loading=\"lazy\" decoding=\"async\" class=\"alignnone wp-image-46\" src=\"http:\/\/www.isko-france.asso.fr\/colloque2019\/wp-content\/uploads\/2018\/10\/isko-300x300.png\" alt=\"\" width=\"136\" height=\"136\" srcset=\"http:\/\/www.isko-france.asso.fr\/colloque2019\/wp-content\/uploads\/2018\/10\/isko-300x300.png 300w, http:\/\/www.isko-france.asso.fr\/colloque2019\/wp-content\/uploads\/2018\/10\/isko-150x150.png 150w, http:\/\/www.isko-france.asso.fr\/colloque2019\/wp-content\/uploads\/2018\/10\/isko-768x768.png 768w, http:\/\/www.isko-france.asso.fr\/colloque2019\/wp-content\/uploads\/2018\/10\/isko-1024x1024.png 1024w, http:\/\/www.isko-france.asso.fr\/colloque2019\/wp-content\/uploads\/2018\/10\/isko.png 1106w\" sizes=\"auto, (max-width: 136px) 100vw, 136px\" \/> <img loading=\"lazy\" decoding=\"async\" class=\"alignnone wp-image-44\" src=\"http:\/\/www.isko-france.asso.fr\/colloque2019\/wp-content\/uploads\/2018\/10\/logo-lerass-ceric-trans.png\" alt=\"\" width=\"249\" height=\"126\" \/> <img loading=\"lazy\" decoding=\"async\" class=\"alignnone size-full wp-image-45\" src=\"http:\/\/www.isko-france.asso.fr\/colloque2019\/wp-content\/uploads\/2018\/10\/logo-upvm_4.jpg\" alt=\"\" width=\"180\" height=\"90\" \/><\/h1>\n<p style=\"text-align: center;\"><strong>Lieu du Colloque : Universit\u00e9 Paul-Val\u00e9ry, Montpellier 3<\/strong><\/p>\n<p style=\"text-align: center;\"><strong>Dates : 9-11 octobre 2019<\/strong><\/p>\n<p style=\"text-align: center;\"><a href=\"http:\/\/www.isko-france.asso.fr\/colloque2019\/wp-content\/uploads\/2018\/09\/ISKOFrance2019-FRA-1.pdf\" target=\"_blank\" rel=\"noopener\">T\u00e9l\u00e9charger l&rsquo;ACC sous format PDF<\/a><\/p>\n<p style=\"text-align: justify;\">Le chapitre fran\u00e7ais de l\u2019ISKO a comme pr\u00e9occupation majeure depuis sa cr\u00e9ation en 1996 la question de l\u2019organisation des connaissances. Cette th\u00e9matique a \u00e9t\u00e9 trait\u00e9e sous l\u2019angle des structures d\u2019organisation, des outils techniques de m\u00e9diation mais aussi des formes et processus de partage des connaissances. <strong>Le douzi\u00e8me colloque d\u2019ISKO-France abordera l\u2019organisation, la <\/strong><strong>classification et la gestion des connaissances en choisissant, comme point d\u2019entr\u00e9e, les donn\u00e9es massives.<\/strong><\/p>\n<p style=\"text-align: justify;\">L\u2019explosion des donn\u00e9es a provoqu\u00e9 ce que certains consid\u00e8rent comme de v\u00e9ritables mines d\u2019or. Les donn\u00e9es, lorsqu\u2019elles sont trait\u00e9es et organis\u00e9es, permettent effectivement d\u2019\u00e9valuer des ensembles d\u2019activit\u00e9s humaines pr\u00e9sentes sur le web. Depuis l\u2019av\u00e8nement du web social, les traces num\u00e9riques \u201c<em>forment [en effet] une \u2018mati\u00e8re premi\u00e8re\u2019 particuli\u00e8rement profitable [&#8230;]<\/em>\u201d(Boullier, 2015).<\/p>\n<p style=\"text-align: justify;\">Les r\u00e9flexions li\u00e9es \u00e0 l\u2019ouverture, la communication, l\u2019appropriation et la r\u00e9-exploitation de ces donn\u00e9es sont des questionnements transversaux pour l\u2019ensemble des acteurs socio-\u00e9conomiques concern\u00e9s. Par ailleurs, aucun secteur d\u2019activit\u00e9 n\u2019\u00e9chappe \u00e0 cette effervescence. Les m\u00e9gadonn\u00e9es sont ainsi consid\u00e9r\u00e9es comme des vecteurs d\u2019une nouvelle r\u00e9volution num\u00e9rique qui impacte le d\u00e9veloppement socio-\u00e9conomique et politique de la soci\u00e9t\u00e9 actuelle : la sant\u00e9, le transport, l\u2019\u00e9nergie, l\u2019innovation et le marketing, ou encore les politiques publiques par exemple. De nouvelles m\u00e9thodes d\u2019analyse et outils sont mobilis\u00e9s pour exploiter ces donn\u00e9es, l\u2019\u00e9quilibre entre \u201c<em>entre innovation et pr\u00e9caution<\/em>\u201d (Zolynski, 2015) \u00e9tant fragile, entrainant avec eux un certain nombre d\u2019interrogations et d\u2019enjeux, notamment \u00e9thiques.<\/p>\n<p style=\"text-align: justify;\">Les m\u00e9gadonn\u00e9es sont aujourd\u2019hui une pr\u00e9occupation centrale du monde de la recherche, en t\u00e9moigne l\u2019\u00e9dition scientifique r\u00e9cente, les ouvrages, revues et colloques \u00e9tant l\u00e9gion sur le sujet. Il devient ainsi difficile d\u2019\u00e9chapper au ph\u00e9nom\u00e8ne data quels que soient les th\u00e9matiques ou objets de recherche, car il affecte directement les pratiques des chercheurs.<\/p>\n<p style=\"text-align: justify;\">Les injonctions se multiplient pour l\u2019ensemble des acteurs des sciences, qui doivent prendre en compte toutes les \u00e9tapes du cycle de vie des donn\u00e9es, depuis leur cr\u00e9ation ou leur collecte, leur traitement, leur conservation, jusqu\u2019\u00e0 leur exploitation. La mise en \u0153uvre de plans de gestion des donn\u00e9es est devenue indispensable pour esp\u00e9rer obtenir un financement, en raison notamment de l\u2019incitation \u00e0 ouvrir les donn\u00e9es de la recherche. Les probl\u00e9matiques li\u00e9es \u00e0 ces derni\u00e8res sont donc multiples et complexes.<\/p>\n<p style=\"text-align: justify;\">N\u00e9anmoins, la collecte des donn\u00e9es, leur traitement comme leur diffusion fournissent des terrains d\u2019\u00e9tude et de r\u00e9flexion tout \u00e0 fait fructueux pour les chercheurs, particuli\u00e8rement en sciences de l\u2019information et de la communication. En effet, des questions de plusieurs ordres sont soulev\u00e9es qui pourront \u00eatre l\u2019occasion de communications et d\u00e9bats dans le cadre du douzi\u00e8me colloque d\u2019ISKO-France.<\/p>\n<p style=\"text-align: justify;\">Le comit\u00e9 scientifique invite donc \u00e0 proposer des contributions originales sur les donn\u00e9es et m\u00e9gadonn\u00e9es en SHS : des propositions exposant des \u00e9tudes de terrain ainsi que des r\u00e9flexions plus larges sur les enjeux des donn\u00e9es massives dans des contextes sp\u00e9cifiques (r\u00e9flexions th\u00e9oriques, \u00e9tudes de cas ou retours d\u2019exp\u00e9riences) en lien, notamment, avec les aspects suivants :<\/p>\n<ul>\n<li style=\"text-align: justify;\"><strong>Des approches \u00e9pist\u00e9mologiques, philosophiques et terminologiques sur les donn\u00e9es massives<\/strong> et notamment sur la mani\u00e8re dont elles font \u00e9voluer le champ de l\u2019information-documentation et r\u00e9-interroge les concepts fondamentaux. L\u2019on peut notamment se demander si les donn\u00e9es massives permettent de r\u00e9interroger les notions d\u2019information, de donn\u00e9es et de connaissances, ou si, \u00e0 l\u2019inverse, une perspective historique, prenant appui sur les auteurs fondateurs du champ de l\u2019information-documentation, apporte un \u00e9clairage particulier sur les donn\u00e9es massives et leur traitement.<\/li>\n<li style=\"text-align: justify;\"><strong>L\u2019\u00e9thique et le cadre juridique relatifs au recueil et \u00e0 la manipulation de donn\u00e9es.<\/strong> Si, techniquement, il est possible de collecter rapidement et massivement des donn\u00e9es, notamment sur internet, le cadre \u00e9thique et l\u00e9gal du recueil de ses donn\u00e9es massives demeure encore flou concernant le p\u00e9rim\u00e8tre de la collecte, la n\u00e9cessit\u00e9 d\u2019anonymisation ou encore la protection des donn\u00e9es.<\/li>\n<li style=\"text-align: justify;\"><strong>Les outils et m\u00e9thodes de traitement, d\u2019analyse des donn\u00e9es et de diffusion des r\u00e9sultats.<\/strong> Le changement d\u2019\u00e9chelle qu\u2019implique l\u2019analyse des donn\u00e9es massives interroge les outils et m\u00e9thodes de traitement. Analyser des corpus volumineux n\u00e9cessite le choix d\u2019outils et de m\u00e9thodes automatis\u00e9s dont sont, le plus souvent, peu familiers les chercheurs en SHS. Ces outils, s\u2019ils simplifient le traitement des donn\u00e9es ne permettent pas toujours de prendre en compte la finesse des analyses attendues en sciences humaines et sociales. Les proc\u00e9dures et syst\u00e8mes de classification et d\u2019organisation des connaissances seraient alors amen\u00e9s \u00e0 \u00e9voluer sous l\u2019influence de la massification des donn\u00e9es. Les outils de diffusion des r\u00e9sultats suscitent \u00e9galement des interrogations. Il en est ainsi, par exemple de la data visualisation, en vogue actuellement pour pr\u00e9senter les r\u00e9sultats des analyses de donn\u00e9es. Cette repr\u00e9sentation visuelle, qui a l\u2019avantage de mettre en lumi\u00e8re des tendances massives, tend cependant \u00e0 transformer \u201c<em>de vastes corpus de donn\u00e9es complexes en une information synth\u00e9tique et simple<\/em>\u201d simplifiant ainsi les r\u00e9sultats de l\u2019analyse.<\/li>\n<li style=\"text-align: justify;\"><strong>L\u2019enjeu social et \u00e9conomique des donn\u00e9es au prisme notamment des usages qui en sont faits.<\/strong> Pour le secteur marchand, l\u2019exploitation des m\u00e9gadonn\u00e9es pr\u00e9sente un int\u00e9r\u00eat commercial alors que pour les pouvoirs publics, elle r\u00e9sulte d\u2019une volont\u00e9 politique de rapprochement du citoyen et des institutions ou peut \u00eatre entendue comme un outil de pilotage qui permet d\u2019infl\u00e9chir les politiques publiques. Le chercheur peut alors s\u2019interroger sur les usages qui sont faits des donn\u00e9es massives, sur l\u2019articulation entre la place des institutions publiques et le r\u00f4le d\u2019entreprises priv\u00e9es dans la production, le partage ou l\u2019appropriation des donn\u00e9es, ou encore sur le difficile \u00e9quilibre \u00e0 trouver entre ouverture des donn\u00e9es publiques et protection de la vie priv\u00e9e. Par ailleurs, l\u2019on pourrait on pourrait analyser les nouvelles approches notamment sur le plan des implications sociales et socio-\u00e9conomiques. L\u2019on pourra se demander si le principe ou le prisme d\u2019\u00e9conomie de la qualit\u00e9 peut offrir des points d\u2019appui et des notions int\u00e9ressant la valeur de la quantit\u00e9, et si la distinction op\u00e9rante en SHS entre quantit\u00e9 et qualit\u00e9 se voit r\u00e9interrog\u00e9e et sous quelles formes \u00e0 propos des big data.<\/li>\n<li style=\"text-align: justify;\"><strong>La diffusion et la m\u00e9diatisation des donn\u00e9es<\/strong> pourront \u00eatre interrog\u00e9es sous l\u2019angle des dispositifs de publicisation des sciences et des donn\u00e9es scientifiques sur le web. Ce pourra \u00eatre \u00e9galement l\u2019occasion de s\u2019int\u00e9resser aux enjeux info-communicationnels dans les espaces publics, \u00e9conomiques et scientifiques.<\/li>\n<li style=\"text-align: justify;\"><strong>Les rapports entre big data et productions symboliques<\/strong> et, sur le versant scientifique, les les interrogations et orientations en lien avec les industries cr\u00e9atives. Entre connaissance fine des mouvements du march\u00e9 de l\u2019art et facteur d\u2019influence de ces m\u00eames mouvements, ce que permettent les donn\u00e9es massives t\u00e9moigne de conditions nouvelles dans l\u2019appr\u00e9ciation, voire la r\u00e9gulation, de la valeur. Quelles configurations se construisent dans ces secteurs ? Par ailleurs, rep\u00e8res, t\u00e9moins ou agents des pratiques, les donn\u00e9es sont \u00e9galement sollicit\u00e9es dans la recherche sur l\u2019art actuel et l\u2019histoire de l\u2019art contemporain, apportant des mat\u00e9riaux \u00e0 collecter, trier, analyser.<\/li>\n<\/ul>\n<p><span style=\"text-decoration: underline;\">R\u00e9f\u00e9rences<\/span><\/p>\n<ul>\n<li>Dominique Boullier, \u00ab Les sciences sociales face aux traces du big data. Soci\u00e9t\u00e9, opinion ou vibrations? \u00bb, <em>Revue fran\u00e7aise de science politique<\/em> 2015\/5 (Vol. 65), p. 805-828. DOI 10.3917\/rfsp.655.0805<\/li>\n<li>C\u00e9lia Zolynski, \u00ab Big data : pour une \u00e9thique des donn\u00e9es \u00bb, <em>I2D \u2013 Information, donn\u00e9es &amp; documents<\/em> 2015\/2 (Volume 52), p. 25-26.<\/li>\n<\/ul>\n<p>&nbsp;<\/p>\n<h2>Calendrier<\/h2>\n<ul>\n<li style=\"text-align: justify;\"><del><strong>7 janvier 2019<\/strong><\/del> <strong><span class=\"st\">Date de soumission de l\u2019appel \u00e0 communication repouss\u00e9e au<\/span> 31 janvier<\/strong> <strong>2019<\/strong> : date limite de r\u00e9ception des propositions (7500 signes maximum, format Word). Chaque proposition sera examin\u00e9e par au moins deux \u00e9valuateurs du Comit\u00e9 scientifique, qui \u00e9valueront sa pertinence, sa validit\u00e9 scientifique, son originalit\u00e9 et la clart\u00e9 de sa pr\u00e9sentation.<\/li>\n<li style=\"text-align: justify;\"><strong>11 f\u00e9vrier 2019<\/strong> : date de notification d\u2019acceptation ou de refus. La notification d\u2019acceptation sera envoy\u00e9e, accompagn\u00e9e des sp\u00e9cifications techniques pour la publication. Celles-ci seront \u00e0 respecter imp\u00e9rativement en vue de la publication des actes. Des demandes de modifications des textes pourront \u00eatre formul\u00e9es aux auteurs.<\/li>\n<li style=\"text-align: justify;\"><strong>15 mai 2019<\/strong> : date limite de r\u00e9ception des versions compl\u00e8tes<br \/>\nLes auteurs retenus adresseront les communications sous forme d\u2019un texte complet. Le texte de la communication devra parvenir au comit\u00e9 de programme : <a href=\"mailto:colloque2019@isko-france.asso.fr\" target=\"_blank\" rel=\"noopener\">colloque2019@isko-france.asso.fr<\/a> sous sa forme d\u00e9finitive (format Word, 30 000 signes maximum).<\/li>\n<li style=\"text-align: justify;\"><strong>1er juillet 2019<\/strong> : retour aux auteurs pour d\u2019\u00e9ventuelles modifications.<\/li>\n<li style=\"text-align: justify;\"><strong>20 ao\u00fbt 2019<\/strong> : date limite de r\u00e9ception des versions d\u00e9finitives.<\/li>\n<li style=\"text-align: justify;\"><strong>10 septembre 2019<\/strong> : date limite d\u2019inscription au colloque pour au moins l\u2019un des auteurs. L\u2019acceptation d\u2019une communication implique que l\u2019un, au moins, des auteurs soit pr\u00e9sent au colloque pour assurer sa pr\u00e9sentation.<\/li>\n<\/ul>\n","protected":false},"excerpt":{"rendered":"<p>12\u00e8me Colloque international d\u2019ISKO-France Donn\u00e9es et m\u00e9gadonn\u00e9es ouvertes en SHS : de nouveaux enjeux pour l&rsquo;\u00e9tat et l&rsquo;organisation des connaissances ? Organis\u00e9 conjointement par le Chapitre Fran\u00e7ais de l\u2019ISKO et l\u2019\u00e9quipe de recherche Lerass-Ceric de l\u2019Universit\u00e9 Paul-Val\u00e9ry, Montpellier 3. Lieu du Colloque : Universit\u00e9 Paul-Val\u00e9ry, Montpellier 3 Dates : 9-11 octobre 2019 T\u00e9l\u00e9charger l&rsquo;ACC sous &hellip; <a href=\"http:\/\/www.isko-france.asso.fr\/colloque2019\/appel-a-communication\/\" class=\"more-link\">Continuer la lecture de <span class=\"screen-reader-text\">Appel \u00e0 communication<\/span><\/a><\/p>\n","protected":false},"author":1,"featured_media":0,"parent":0,"menu_order":0,"comment_status":"closed","ping_status":"closed","template":"","meta":{"footnotes":""},"class_list":["post-6","page","type-page","status-publish","hentry"],"_links":{"self":[{"href":"http:\/\/www.isko-france.asso.fr\/colloque2019\/wp-json\/wp\/v2\/pages\/6","targetHints":{"allow":["GET"]}}],"collection":[{"href":"http:\/\/www.isko-france.asso.fr\/colloque2019\/wp-json\/wp\/v2\/pages"}],"about":[{"href":"http:\/\/www.isko-france.asso.fr\/colloque2019\/wp-json\/wp\/v2\/types\/page"}],"author":[{"embeddable":true,"href":"http:\/\/www.isko-france.asso.fr\/colloque2019\/wp-json\/wp\/v2\/users\/1"}],"replies":[{"embeddable":true,"href":"http:\/\/www.isko-france.asso.fr\/colloque2019\/wp-json\/wp\/v2\/comments?post=6"}],"version-history":[{"count":6,"href":"http:\/\/www.isko-france.asso.fr\/colloque2019\/wp-json\/wp\/v2\/pages\/6\/revisions"}],"predecessor-version":[{"id":124,"href":"http:\/\/www.isko-france.asso.fr\/colloque2019\/wp-json\/wp\/v2\/pages\/6\/revisions\/124"}],"wp:attachment":[{"href":"http:\/\/www.isko-france.asso.fr\/colloque2019\/wp-json\/wp\/v2\/media?parent=6"}],"curies":[{"name":"wp","href":"https:\/\/api.w.org\/{rel}","templated":true}]}}