{"id":8,"date":"2018-09-28T10:16:38","date_gmt":"2018-09-28T08:16:38","guid":{"rendered":"http:\/\/www.isko-france.asso.fr\/colloque2019\/?page_id=8"},"modified":"2019-07-19T14:18:22","modified_gmt":"2019-07-19T12:18:22","slug":"organisation","status":"publish","type":"page","link":"http:\/\/www.isko-france.asso.fr\/colloque2019\/organisation\/","title":{"rendered":"Comit\u00e9 d&rsquo;organisation"},"content":{"rendered":"<ul>\n<li>Hans Dillaerts, Lerass, Universit\u00e9 Montpellier 3 (France)<\/li>\n<li>Nadia Hassani, Lerass, Universit\u00e9 Montpellier 3 (France)<\/li>\n<li>Stephanie Marty, Lerass, Universit\u00e9 Montpellier 3 (France),<\/li>\n<li>C\u00e9line Paganelli, Lerass, Universit\u00e9 Montpellier 3 (France)<\/li>\n<li>G\u00e9rard R\u00e9gimbeau, Lerass, Universit\u00e9 Montpellier 3 (France)<\/li>\n<li>Lise Verlaet, Lerass, Universit\u00e9 Montpellier 3 (France)<\/li>\n<li>Nathalie Verdier, Lerass, Universit\u00e9 Montpellier 3 (France)<\/li>\n<\/ul>\n","protected":false},"excerpt":{"rendered":"<p>Hans Dillaerts, Lerass, Universit\u00e9 Montpellier 3 (France) Nadia Hassani, Lerass, Universit\u00e9 Montpellier 3 (France) Stephanie Marty, Lerass, Universit\u00e9 Montpellier 3 (France), C\u00e9line Paganelli, Lerass, Universit\u00e9 Montpellier 3 (France) G\u00e9rard R\u00e9gimbeau, Lerass, Universit\u00e9 Montpellier 3 (France) Lise Verlaet, Lerass, Universit\u00e9 Montpellier 3 (France) Nathalie Verdier, Lerass, Universit\u00e9 Montpellier 3 (France)<\/p>\n","protected":false},"author":1,"featured_media":0,"parent":0,"menu_order":0,"comment_status":"closed","ping_status":"closed","template":"","meta":{"footnotes":""},"class_list":["post-8","page","type-page","status-publish","hentry"],"_links":{"self":[{"href":"http:\/\/www.isko-france.asso.fr\/colloque2019\/wp-json\/wp\/v2\/pages\/8","targetHints":{"allow":["GET"]}}],"collection":[{"href":"http:\/\/www.isko-france.asso.fr\/colloque2019\/wp-json\/wp\/v2\/pages"}],"about":[{"href":"http:\/\/www.isko-france.asso.fr\/colloque2019\/wp-json\/wp\/v2\/types\/page"}],"author":[{"embeddable":true,"href":"http:\/\/www.isko-france.asso.fr\/colloque2019\/wp-json\/wp\/v2\/users\/1"}],"replies":[{"embeddable":true,"href":"http:\/\/www.isko-france.asso.fr\/colloque2019\/wp-json\/wp\/v2\/comments?post=8"}],"version-history":[{"count":9,"href":"http:\/\/www.isko-france.asso.fr\/colloque2019\/wp-json\/wp\/v2\/pages\/8\/revisions"}],"predecessor-version":[{"id":140,"href":"http:\/\/www.isko-france.asso.fr\/colloque2019\/wp-json\/wp\/v2\/pages\/8\/revisions\/140"}],"wp:attachment":[{"href":"http:\/\/www.isko-france.asso.fr\/colloque2019\/wp-json\/wp\/v2\/media?parent=8"}],"curies":[{"name":"wp","href":"https:\/\/api.w.org\/{rel}","templated":true}]}}