{"id":80,"date":"2018-10-05T18:40:50","date_gmt":"2018-10-05T16:40:50","guid":{"rendered":"http:\/\/www.isko-france.asso.fr\/colloque2019\/?page_id=80"},"modified":"2019-05-11T09:57:59","modified_gmt":"2019-05-11T07:57:59","slug":"organization-committee","status":"publish","type":"page","link":"http:\/\/www.isko-france.asso.fr\/colloque2019\/organization-committee\/","title":{"rendered":"Organization Committee"},"content":{"rendered":"<h1>Organization Committee (still in the process of being set up)<\/h1>\n<ul>\n<li>Hans Dillaerts, Lerass, Universit\u00e9 Montpellier 3 (France)<\/li>\n<li>Steph\u00e9nie Marty, Lerass, Universit\u00e9 Montpellier 3 (France),<\/li>\n<li>C\u00e9line Paganelli, Lerass, Universit\u00e9 Montpellier 3 (France)<\/li>\n<li>G\u00e9rard R\u00e9gimbeau, Lerass, Universit\u00e9 Montpellier 3 (France)<\/li>\n<li>Lise Verlaet, Lerass, Universit\u00e9 Montpellier 3 (France)<\/li>\n<li>Nathalie Verdier, Universit\u00e9 Montpellier 3 (France)<\/li>\n<\/ul>\n<p class=\"western\" align=\"justify\"><span style=\"color: #333333;\"><span style=\"font-family: Calibri Light, serif;\"><span style=\"font-size: large;\"><span lang=\"en-US\"><b>\u00a0<\/b><\/span><\/span><\/span><\/span><\/p>\n","protected":false},"excerpt":{"rendered":"<p>Organization Committee (still in the process of being set up) Hans Dillaerts, Lerass, Universit\u00e9 Montpellier 3 (France) Steph\u00e9nie Marty, Lerass, Universit\u00e9 Montpellier 3 (France), C\u00e9line Paganelli, Lerass, Universit\u00e9 Montpellier 3 (France) G\u00e9rard R\u00e9gimbeau, Lerass, Universit\u00e9 Montpellier 3 (France) Lise Verlaet, Lerass, Universit\u00e9 Montpellier 3 (France) Nathalie Verdier, Universit\u00e9 Montpellier 3 (France) \u00a0<\/p>\n","protected":false},"author":1,"featured_media":0,"parent":0,"menu_order":0,"comment_status":"closed","ping_status":"closed","template":"","meta":{"footnotes":""},"class_list":["post-80","page","type-page","status-publish","hentry"],"_links":{"self":[{"href":"http:\/\/www.isko-france.asso.fr\/colloque2019\/wp-json\/wp\/v2\/pages\/80","targetHints":{"allow":["GET"]}}],"collection":[{"href":"http:\/\/www.isko-france.asso.fr\/colloque2019\/wp-json\/wp\/v2\/pages"}],"about":[{"href":"http:\/\/www.isko-france.asso.fr\/colloque2019\/wp-json\/wp\/v2\/types\/page"}],"author":[{"embeddable":true,"href":"http:\/\/www.isko-france.asso.fr\/colloque2019\/wp-json\/wp\/v2\/users\/1"}],"replies":[{"embeddable":true,"href":"http:\/\/www.isko-france.asso.fr\/colloque2019\/wp-json\/wp\/v2\/comments?post=80"}],"version-history":[{"count":2,"href":"http:\/\/www.isko-france.asso.fr\/colloque2019\/wp-json\/wp\/v2\/pages\/80\/revisions"}],"predecessor-version":[{"id":134,"href":"http:\/\/www.isko-france.asso.fr\/colloque2019\/wp-json\/wp\/v2\/pages\/80\/revisions\/134"}],"wp:attachment":[{"href":"http:\/\/www.isko-france.asso.fr\/colloque2019\/wp-json\/wp\/v2\/media?parent=80"}],"curies":[{"name":"wp","href":"https:\/\/api.w.org\/{rel}","templated":true}]}}