{"id":86,"date":"2018-10-05T18:53:03","date_gmt":"2018-10-05T16:53:03","guid":{"rendered":"http:\/\/www.isko-france.asso.fr\/colloque2019\/?page_id=86"},"modified":"2019-01-21T08:41:49","modified_gmt":"2019-01-21T07:41:49","slug":"scientific-committee","status":"publish","type":"page","link":"http:\/\/www.isko-france.asso.fr\/colloque2019\/scientific-committee\/","title":{"rendered":"Scientific committee"},"content":{"rendered":"<ul>\n<li>Christian Bourret, Dicen, Universit\u00e9 de Marne La Vall\u00e9e (France)<\/li>\n<li style=\"text-align: justify;\">Evelyne Broudoux, Dicen, Cnam, Paris (France)<\/li>\n<li style=\"text-align: justify;\">Ghislaine Chartron, Dicen, Cnam, Paris (France)<\/li>\n<li style=\"text-align: justify;\">St\u00e9phane Chaudiron, Geriico, Universit\u00e9 de Lille 3 (France)<\/li>\n<li style=\"text-align: justify;\">Emmanuelle Chevry-Pebayle, Universit\u00e9 de Strasbourg (France)<\/li>\n<li style=\"text-align: justify;\">Viviane Clavier, Gresec, Universit\u00e9 Grenoble Alpes (France)<\/li>\n<li style=\"text-align: justify;\">Viviane Couzinet, Lerass, Universit\u00e9 Toulouse 3 (France)<\/li>\n<li style=\"text-align: justify;\">Hans Dillaerts, Lerass, Universit\u00e9 Montpellier 3 (France)<\/li>\n<li style=\"text-align: justify;\">Mabrouka EL Hachani, Elico, Universit\u00e9 Lyon 3\u00a0(France)<\/li>\n<li style=\"text-align: justify;\">Laurence Favier, Geriico, Universit\u00e9 Lille 3 (France)<\/li>\n<li style=\"text-align: justify;\">C\u00e9cile Gardi\u00e8s, ENSFEA, Toulouse (France)<\/li>\n<li style=\"text-align: justify;\">Claudio Gnoli, University of Pavia (Italy)<\/li>\n<li style=\"text-align: justify;\">Jos\u00e9 Augusto C.\u00a0Guimar\u00e3es, Department\u00a0of\u00a0Information Science,\u00a0State University of Sao\u00a0Paulo (Brazil)<\/li>\n<li style=\"text-align: justify;\">Mohamed Hassoun, ENSSIB, Lyon (France)<\/li>\n<li style=\"text-align: justify;\">Michael Kleineberg, Humboldt University, Berlin (Germany)<\/li>\n<li style=\"text-align: justify;\">Omar Larouk, ENSSIB, Lyon (France)<\/li>\n<li style=\"text-align: justify;\">Andreas Ledl, Universit\u00e9 de B\u00e2le (Switzerland)<\/li>\n<li style=\"text-align: justify;\">Anne Lehmans, Rudi, Esp\u00e9 de Bordeaux (France)<\/li>\n<li style=\"text-align: justify;\">Vincent Liqu\u00e8te, Rudi, Esp\u00e9 de Bordeaux (France)<\/li>\n<li style=\"text-align: justify;\">Daniel Mart\u00ednez-\u00c1vila, State University of Sao\u00a0Paulo (Brazil)<\/li>\n<li>Widad Mustafa El Hadi, Geriico, Universit\u00e9 Lille 3 (France)<\/li>\n<li>C\u00e9line Paganelli, Lerass, Universit\u00e9 Montpellier 3 (France)<\/li>\n<li style=\"text-align: justify;\">Fabrice Papy, Universit\u00e9 de Lorraine (France)<\/li>\n<li style=\"text-align: justify;\">Nathalie Pin\u00e8de, Mica, Universit\u00e9 Bordeaux Montaigne (France)<\/li>\n<li style=\"text-align: justify;\">G\u00e9rard R\u00e9gimbeau, Lerass, Universit\u00e9 Montpellier 3 (France)<\/li>\n<li style=\"text-align: justify;\">Mohamed Sidir, Universit\u00e9 de Picardie (France)<\/li>\n<li style=\"text-align: justify;\">Richard P. Smiraglia, University of Wisconsin, Milwaukee (United States)<\/li>\n<li style=\"text-align: justify;\">Barbara Sosinska-Kalata, University of Warsaw (Poland)<\/li>\n<li style=\"text-align: justify;\">Rick Szostak, University of Alberta (Canada)<\/li>\n<li style=\"text-align: justify;\">Ismail Timimi, Geriico, Universit\u00e9 Lille 3 (France)<\/li>\n<li style=\"text-align: justify;\">Lise Verlaet, Lerass, Universit\u00e9 Montpellier 3 (France)<\/li>\n<\/ul>\n","protected":false},"excerpt":{"rendered":"<p>Christian Bourret, Dicen, Universit\u00e9 de Marne La Vall\u00e9e (France) Evelyne Broudoux, Dicen, Cnam, Paris (France) Ghislaine Chartron, Dicen, Cnam, Paris (France) St\u00e9phane Chaudiron, Geriico, Universit\u00e9 de Lille 3 (France) Emmanuelle Chevry-Pebayle, Universit\u00e9 de Strasbourg (France) Viviane Clavier, Gresec, Universit\u00e9 Grenoble Alpes (France) Viviane Couzinet, Lerass, Universit\u00e9 Toulouse 3 (France) Hans Dillaerts, Lerass, Universit\u00e9 Montpellier 3 &hellip; <a href=\"http:\/\/www.isko-france.asso.fr\/colloque2019\/scientific-committee\/\" class=\"more-link\">Continuer la lecture de <span class=\"screen-reader-text\">Scientific committee<\/span><\/a><\/p>\n","protected":false},"author":1,"featured_media":0,"parent":0,"menu_order":0,"comment_status":"closed","ping_status":"closed","template":"","meta":{"footnotes":""},"class_list":["post-86","page","type-page","status-publish","hentry"],"_links":{"self":[{"href":"http:\/\/www.isko-france.asso.fr\/colloque2019\/wp-json\/wp\/v2\/pages\/86","targetHints":{"allow":["GET"]}}],"collection":[{"href":"http:\/\/www.isko-france.asso.fr\/colloque2019\/wp-json\/wp\/v2\/pages"}],"about":[{"href":"http:\/\/www.isko-france.asso.fr\/colloque2019\/wp-json\/wp\/v2\/types\/page"}],"author":[{"embeddable":true,"href":"http:\/\/www.isko-france.asso.fr\/colloque2019\/wp-json\/wp\/v2\/users\/1"}],"replies":[{"embeddable":true,"href":"http:\/\/www.isko-france.asso.fr\/colloque2019\/wp-json\/wp\/v2\/comments?post=86"}],"version-history":[{"count":9,"href":"http:\/\/www.isko-france.asso.fr\/colloque2019\/wp-json\/wp\/v2\/pages\/86\/revisions"}],"predecessor-version":[{"id":128,"href":"http:\/\/www.isko-france.asso.fr\/colloque2019\/wp-json\/wp\/v2\/pages\/86\/revisions\/128"}],"wp:attachment":[{"href":"http:\/\/www.isko-france.asso.fr\/colloque2019\/wp-json\/wp\/v2\/media?parent=86"}],"curies":[{"name":"wp","href":"https:\/\/api.w.org\/{rel}","templated":true}]}}