{"id":90,"date":"2017-02-24T13:18:05","date_gmt":"2017-02-24T12:18:05","guid":{"rendered":"http:\/\/www.isko-france.asso.fr\/colloque2017\/?page_id=90"},"modified":"2017-11-17T10:34:02","modified_gmt":"2017-11-17T09:34:02","slug":"page-daccueil","status":"publish","type":"page","link":"https:\/\/www.isko-france.asso.fr\/colloque2017\/fr\/page-daccueil\/","title":{"rendered":"11e Colloque international d\u2019ISKO-France"},"content":{"rendered":"<h6 style=\"text-align: center;\">Fondements \u00e9pist\u00e9mologiques et th\u00e9oriques de la science de l\u2019information-documentation&nbsp;: hommage aux pionniers francophones<\/h6>\n<p style=\"text-align: center;\">Dates : 11-12 juillet 2017<\/p>\n<p style=\"text-align: center;\">Lieu du Colloque : Si\u00e8ge de l&rsquo;UNESCO, 7 place de Fontenoy, Paris<\/p>\n<h4 class=\"maintitle4\"><span style=\"font-size: 12pt;\">ORGANIS\u00c9 PAR&nbsp;<\/span><\/h4>\n<table style=\"width: 597px; border: 0px;\">\n<tbody>\n<tr>\n<td style=\"width: 143px; border: 0px;\"><img loading=\"lazy\" class=\"alignnone wp-image-73\" src=\"http:\/\/www.isko-france.asso.fr\/colloque2017\/wp-content\/uploads\/2017\/02\/isko-300x300.jpg\" alt=\"\" width=\"106\" height=\"106\" srcset=\"https:\/\/www.isko-france.asso.fr\/colloque2017\/wp-content\/uploads\/2017\/02\/isko-300x300.jpg 300w, https:\/\/www.isko-france.asso.fr\/colloque2017\/wp-content\/uploads\/2017\/02\/isko-150x150.jpg 150w, https:\/\/www.isko-france.asso.fr\/colloque2017\/wp-content\/uploads\/2017\/02\/isko.jpg 354w\" sizes=\"(max-width: 106px) 100vw, 106px\" \/><\/td>\n<td style=\"width: 238px; border: 0px;\"><img loading=\"lazy\" class=\"alignnone wp-image-72\" src=\"http:\/\/www.isko-france.asso.fr\/colloque2017\/wp-content\/uploads\/2017\/02\/lille3-300x145.jpg\" alt=\"\" width=\"186\" height=\"90\" srcset=\"https:\/\/www.isko-france.asso.fr\/colloque2017\/wp-content\/uploads\/2017\/02\/lille3-300x145.jpg 300w, https:\/\/www.isko-france.asso.fr\/colloque2017\/wp-content\/uploads\/2017\/02\/lille3-768x371.jpg 768w, https:\/\/www.isko-france.asso.fr\/colloque2017\/wp-content\/uploads\/2017\/02\/lille3-1024x495.jpg 1024w, https:\/\/www.isko-france.asso.fr\/colloque2017\/wp-content\/uploads\/2017\/02\/lille3-1200x580.jpg 1200w, https:\/\/www.isko-france.asso.fr\/colloque2017\/wp-content\/uploads\/2017\/02\/lille3.jpg 1906w\" sizes=\"(max-width: 186px) 100vw, 186px\" \/><\/td>\n<td style=\"width: 170px; border: 0px;\"><img loading=\"lazy\" class=\"alignnone wp-image-71\" src=\"http:\/\/www.isko-france.asso.fr\/colloque2017\/wp-content\/uploads\/2017\/02\/unesco_logo_fr-243x300.png\" alt=\"\" width=\"91\" height=\"112\" srcset=\"https:\/\/www.isko-france.asso.fr\/colloque2017\/wp-content\/uploads\/2017\/02\/unesco_logo_fr-243x300.png 243w, https:\/\/www.isko-france.asso.fr\/colloque2017\/wp-content\/uploads\/2017\/02\/unesco_logo_fr.png 255w\" sizes=\"(max-width: 91px) 100vw, 91px\" \/><\/td>\n<\/tr>\n<\/tbody>\n<\/table>\n<table style=\"width: 598px; border: 0px;\">\n<tbody>\n<tr>\n<td style=\"width: 274px; border: 0px;\"><img loading=\"lazy\" class=\"alignnone wp-image-70\" src=\"http:\/\/www.isko-france.asso.fr\/colloque2017\/wp-content\/uploads\/2017\/02\/logo_GERiiCO-300x91.png\" alt=\"\" width=\"168\" height=\"51\" srcset=\"https:\/\/www.isko-france.asso.fr\/colloque2017\/wp-content\/uploads\/2017\/02\/logo_GERiiCO-300x91.png 300w, https:\/\/www.isko-france.asso.fr\/colloque2017\/wp-content\/uploads\/2017\/02\/logo_GERiiCO.png 468w\" sizes=\"(max-width: 168px) 100vw, 168px\" \/><\/td>\n<td style=\"width: 295px; border: 0px;\"><img loading=\"lazy\" class=\"alignnone wp-image-69\" src=\"http:\/\/www.isko-france.asso.fr\/colloque2017\/wp-content\/uploads\/2017\/02\/curapp-300x136.jpg\" alt=\"\" width=\"192\" height=\"87\" srcset=\"https:\/\/www.isko-france.asso.fr\/colloque2017\/wp-content\/uploads\/2017\/02\/curapp-300x136.jpg 300w, https:\/\/www.isko-france.asso.fr\/colloque2017\/wp-content\/uploads\/2017\/02\/curapp-768x349.jpg 768w, https:\/\/www.isko-france.asso.fr\/colloque2017\/wp-content\/uploads\/2017\/02\/curapp-1024x466.jpg 1024w, https:\/\/www.isko-france.asso.fr\/colloque2017\/wp-content\/uploads\/2017\/02\/curapp-1200x546.jpg 1200w\" sizes=\"(max-width: 192px) 100vw, 192px\" \/><\/td>\n<\/tr>\n<\/tbody>\n<\/table>\n<h4 class=\"maintitle4\"><span style=\"font-size: 12pt;\">EN PARTENARIAT AVEC&nbsp;<\/span><\/h4>\n<table style=\"width: 487px; border: 0px;\">\n<tbody>\n<tr>\n<td style=\"width: 155px; border: 0px;\">&nbsp;<img loading=\"lazy\" class=\"alignnone wp-image-81\" src=\"http:\/\/www.isko-france.asso.fr\/colloque2017\/wp-content\/uploads\/2017\/02\/ecole-doctorale-300x169.jpg\" alt=\"\" width=\"150\" height=\"84\" srcset=\"https:\/\/www.isko-france.asso.fr\/colloque2017\/wp-content\/uploads\/2017\/02\/ecole-doctorale-300x169.jpg 300w, https:\/\/www.isko-france.asso.fr\/colloque2017\/wp-content\/uploads\/2017\/02\/ecole-doctorale.jpg 400w\" sizes=\"(max-width: 150px) 100vw, 150px\" \/><\/td>\n<td style=\"width: 112px; border: 0px;\">&nbsp;<img loading=\"lazy\" class=\"alignnone wp-image-82\" src=\"http:\/\/www.isko-france.asso.fr\/colloque2017\/wp-content\/uploads\/2017\/02\/Dariah-EU-300x113.png\" alt=\"\" width=\"105\" height=\"40\" srcset=\"https:\/\/www.isko-france.asso.fr\/colloque2017\/wp-content\/uploads\/2017\/02\/Dariah-EU-300x113.png 300w, https:\/\/www.isko-france.asso.fr\/colloque2017\/wp-content\/uploads\/2017\/02\/Dariah-EU.png 676w\" sizes=\"(max-width: 105px) 100vw, 105px\" \/><\/td>\n<td style=\"width: 84px; border: 0px;\">&nbsp;<img loading=\"lazy\" class=\"alignnone wp-image-79\" src=\"http:\/\/www.isko-france.asso.fr\/colloque2017\/wp-content\/uploads\/2017\/02\/cnam-300x300.png\" alt=\"\" width=\"97\" height=\"97\" srcset=\"https:\/\/www.isko-france.asso.fr\/colloque2017\/wp-content\/uploads\/2017\/02\/cnam-300x300.png 300w, https:\/\/www.isko-france.asso.fr\/colloque2017\/wp-content\/uploads\/2017\/02\/cnam-150x150.png 150w, https:\/\/www.isko-france.asso.fr\/colloque2017\/wp-content\/uploads\/2017\/02\/cnam.png 600w\" sizes=\"(max-width: 97px) 100vw, 97px\" \/><\/td>\n<td style=\"width: 129px; border: 0px;\">&nbsp;<img loading=\"lazy\" class=\"alignnone wp-image-80\" src=\"http:\/\/www.isko-france.asso.fr\/colloque2017\/wp-content\/uploads\/2017\/02\/edc.png\" alt=\"\" width=\"134\" height=\"63\"><\/td>\n<\/tr>\n<\/tbody>\n<\/table>\n<table style=\"width: 504px; border: 0px;\">\n<tbody>\n<tr>\n<td style=\"width: 84px; border: 0px;\"><img loading=\"lazy\" class=\" wp-image-1493 aligncenter\" src=\"http:\/\/www.isko-france.asso.fr\/colloque2017\/wp-content\/uploads\/2017\/02\/delegation.jpg\" alt=\"\" width=\"87\" height=\"145\"><\/td>\n<td style=\"width: 106px; border: 0px;\"><img loading=\"lazy\" class=\"wp-image-83 aligncenter\" src=\"http:\/\/www.isko-france.asso.fr\/colloque2017\/wp-content\/uploads\/2017\/02\/mundaneum-300x176.png\" alt=\"\" width=\"113\" height=\"66\" srcset=\"https:\/\/www.isko-france.asso.fr\/colloque2017\/wp-content\/uploads\/2017\/02\/mundaneum-300x176.png 300w, https:\/\/www.isko-france.asso.fr\/colloque2017\/wp-content\/uploads\/2017\/02\/mundaneum.png 488w\" sizes=\"(max-width: 113px) 100vw, 113px\" \/><\/td>\n<td style=\"width: 155px; border: 0px;\"><img loading=\"lazy\" class=\"wp-image-75 aligncenter\" src=\"http:\/\/www.isko-france.asso.fr\/colloque2017\/wp-content\/uploads\/2017\/02\/paragraphe-300x105.jpg\" alt=\"\" width=\"155\" height=\"54\" srcset=\"https:\/\/www.isko-france.asso.fr\/colloque2017\/wp-content\/uploads\/2017\/02\/paragraphe-300x105.jpg 300w, https:\/\/www.isko-france.asso.fr\/colloque2017\/wp-content\/uploads\/2017\/02\/paragraphe.jpg 462w\" sizes=\"(max-width: 155px) 100vw, 155px\" \/><\/td>\n<td style=\"width: 104px; border: 0px;\"><img loading=\"lazy\" class=\"size-full wp-image-76 aligncenter\" src=\"http:\/\/www.isko-france.asso.fr\/colloque2017\/wp-content\/uploads\/2017\/02\/documents_numeriques.jpg\" alt=\"\" width=\"128\" height=\"32\"><\/td>\n<\/tr>\n<\/tbody>\n<\/table>\n<p><strong style=\"text-align: justify;\"><br \/>\nTH\u00c9MATIQUES&nbsp;<\/strong><\/p>\n<p style=\"text-align: justify;\">Les th\u00e9matiques de la conf\u00e9rences (non exhaustives) sont :<\/p>\n<ul style=\"text-align: justify;\">\n<li style=\"text-align: justify;\">les fondements \u00e9pist\u00e9mologiques et th\u00e9oriques de l\u2019organisation des connaissances (syst\u00e8mes, sch\u00e9mas et leur reconfiguration par le num\u00e9rique)&nbsp;;<\/li>\n<li style=\"text-align: justify;\">les th\u00e9ories du document, le rayonnement des auteurs francophones et leur impact dans la d\u00e9finition du concept de document&nbsp;;<\/li>\n<li style=\"text-align: justify;\">les approches culturelles et sociales de l\u2019organisation des connaissances (influence de la culture sur la conception d&rsquo;instruments d\u2019organisation des connaissances)&nbsp;;<\/li>\n<li style=\"text-align: justify;\">les approches locales et globales de l\u2019organisation des connaissances (approches <em>glocales<\/em>)&nbsp;;<\/li>\n<li style=\"text-align: justify;\">l\u2019architecture de l\u2019information et \u00e0 l\u2019empreinte de Paul Otlet&nbsp;;<\/li>\n<li style=\"text-align: justify;\">la communication scientifique et \u00e0 la circulation des connaissances produites dans la discipline&nbsp;;<\/li>\n<li style=\"text-align: justify;\">la transdisciplinarit\u00e9 et l\u2019interdisciplinarit\u00e9 et le r\u00f4le des pr\u00e9curseurs Robert Pag\u00e8s, Jean-Claude Gardin et Eric de Grolier dans leur int\u00e9gration dans les travaux d\u00e9velopp\u00e9s en sciences de l\u2019information-documentation&nbsp;;<\/li>\n<li style=\"text-align: justify;\">le r\u00f4le des pr\u00e9curseurs tels que Jean Meyriat et Robert Escarpit dans l\u2019institutionnalisation des sciences de l\u2019information avec les sciences de la communication et leur inscription dans les sciences humaines et sociales<\/li>\n<\/ul>\n<h4 class=\"maintitle4\" style=\"text-align: justify;\"><span style=\"font-size: 12pt;\">CALENDRIER&nbsp;<\/span><\/h4>\n<table style=\"width: 597px;\">\n<tbody>\n<tr>\n<td style=\"width: 137px;\"><strong>21 mars 2017&nbsp;<\/strong><\/td>\n<td style=\"width: 432px;\">Date limite de r\u00e9ception des propositions<\/td>\n<\/tr>\n<tr>\n<td style=\"width: 137px;\"><strong>21 avril &nbsp;2017<\/strong><\/td>\n<td style=\"width: 432px;\">Date de notification d&rsquo;acceptation ou de refus<\/td>\n<\/tr>\n<tr>\n<td style=\"width: 137px;\"><strong>6 juin 2017<\/strong><\/td>\n<td style=\"width: 432px;\">Date limite de r\u00e9ception des versions d\u00e9finitives<\/td>\n<\/tr>\n<tr>\n<td style=\"width: 137px;\"><strong>20 juin 2017<\/strong><\/td>\n<td style=\"width: 432px;\">Date limite d&rsquo;inscription au colloque pour au moins l&rsquo;un des auteurs<\/td>\n<\/tr>\n<tr>\n<td style=\"width: 137px;\"><strong>11 juillet 2017<\/strong><\/td>\n<td style=\"width: 432px;\">Ouverture du colloque \u00e0 Paris<\/td>\n<\/tr>\n<\/tbody>\n<\/table>\n<h4 class=\"maintitle4\" style=\"text-align: justify;\"><span style=\"font-size: 12pt;\">GUIDE \u00c0 LA SOUMISSION DES ARTICLES<\/span><\/h4>\n<ul style=\"text-align: justify;\">\n<li><strong>21 mars 2017&nbsp;: date limite de r\u00e9ception des propositions<\/strong><\/li>\n<\/ul>\n<p style=\"text-align: justify;\">Les propositions (3 pages minimum, format Word) seront transmises via le syst\u00e8me de gestion des conf\u00e9rence <a href=\"https:\/\/easychair.org\/conferences\/?conf=iskofr2017\">EasyChair<\/a>. Sur le site EasyChair, si vous n\u2019avez pas de compte, cliquez sur le lien \u00ab Create an account \u00bb et suivez les instructions. Si vous poss\u00e9dez d\u00e9j\u00e0 un compte EasyChair, entrez votre nom d\u2019utilisateur et votre mot de passe, puis cliquez sur \u00ab Log in \u00bb (N.B. un compte cr\u00e9e lors d&rsquo;un autre colloque reste valable). Les propositions peuvent \u00eatre en fran\u00e7ais ou en anglais. Chaque proposition sera examin\u00e9e par au moins deux \u00e9valuateurs du Comit\u00e9 scientifique, qui estimeront sa pertinence, sa validit\u00e9 scientifique, son originalit\u00e9 et la clart\u00e9 de sa pr\u00e9sentation.<\/p>\n<ul style=\"text-align: justify;\">\n<li><strong>21 avril &nbsp;2017&nbsp;: date de notification d&rsquo;acceptation ou de refus<\/strong><\/li>\n<\/ul>\n<p style=\"text-align: justify;\">La notification d&rsquo;acceptation sera envoy\u00e9e, accompagn\u00e9e des sp\u00e9cifications techniques pour la publication. Celles-ci seront \u00e0 respecter imp\u00e9rativement en vue de la publication des actes. Des demandes de modifications des textes pourront \u00eatre formul\u00e9es aux auteurs.<\/p>\n<ul style=\"text-align: justify;\">\n<li><strong>6 juin 2017 : date limite de r\u00e9ception des versions d\u00e9finitives<\/strong><\/li>\n<\/ul>\n<p style=\"text-align: justify;\">Le texte de la communication devra parvenir au comit\u00e9 de programme (<a href=\"mailto:communication@isko-france.asso.fr\">communication@isko-france.asso.fr<\/a>) sous sa forme d\u00e9finitive (format Word, 12 pages maximum).<\/p>\n<p style=\"text-align: justify;\"><strong>Contact :<\/strong> <a href=\"mailto:communication@isko-france.asso.fr\">communication@isko-france.asso.fr<\/a><\/p>\n","protected":false},"excerpt":{"rendered":"<p>Fondements \u00e9pist\u00e9mologiques et th\u00e9oriques de la science de l\u2019information-documentation&nbsp;: hommage aux pionniers francophones Dates : 11-12 juillet 2017 Lieu du Colloque : Si\u00e8ge de l&rsquo;UNESCO, 7 place de Fontenoy, Paris ORGANIS\u00c9 PAR&nbsp; EN PARTENARIAT AVEC&nbsp; &nbsp; &nbsp; &nbsp; &nbsp; TH\u00c9MATIQUES&nbsp; Les th\u00e9matiques de la conf\u00e9rences (non exhaustives) sont : les fondements \u00e9pist\u00e9mologiques et th\u00e9oriques de &hellip; <a href=\"https:\/\/www.isko-france.asso.fr\/colloque2017\/fr\/page-daccueil\/\" class=\"more-link\">Continuer la lecture de <span class=\"screen-reader-text\">11e Colloque international d\u2019ISKO-France<\/span><\/a><\/p>\n","protected":false},"author":1,"featured_media":0,"parent":0,"menu_order":0,"comment_status":"closed","ping_status":"closed","template":"","meta":{"ngg_post_thumbnail":0},"_links":{"self":[{"href":"https:\/\/www.isko-france.asso.fr\/colloque2017\/wp-json\/wp\/v2\/pages\/90"}],"collection":[{"href":"https:\/\/www.isko-france.asso.fr\/colloque2017\/wp-json\/wp\/v2\/pages"}],"about":[{"href":"https:\/\/www.isko-france.asso.fr\/colloque2017\/wp-json\/wp\/v2\/types\/page"}],"author":[{"embeddable":true,"href":"https:\/\/www.isko-france.asso.fr\/colloque2017\/wp-json\/wp\/v2\/users\/1"}],"replies":[{"embeddable":true,"href":"https:\/\/www.isko-france.asso.fr\/colloque2017\/wp-json\/wp\/v2\/comments?post=90"}],"version-history":[{"count":14,"href":"https:\/\/www.isko-france.asso.fr\/colloque2017\/wp-json\/wp\/v2\/pages\/90\/revisions"}],"predecessor-version":[{"id":1494,"href":"https:\/\/www.isko-france.asso.fr\/colloque2017\/wp-json\/wp\/v2\/pages\/90\/revisions\/1494"}],"wp:attachment":[{"href":"https:\/\/www.isko-france.asso.fr\/colloque2017\/wp-json\/wp\/v2\/media?parent=90"}],"curies":[{"name":"wp","href":"https:\/\/api.w.org\/{rel}","templated":true}]}}